{"id":162,"date":"2026-02-09T15:09:06","date_gmt":"2026-02-09T15:09:06","guid":{"rendered":"https:\/\/webdebuceo.websmwinner.com\/?page_id=162"},"modified":"2026-02-21T18:42:27","modified_gmt":"2026-02-21T18:42:27","slug":"politicas-de-cookies","status":"publish","type":"page","link":"https:\/\/zeusdivecenter.com\/zh\/politicas-de-cookies\/","title":{"rendered":"Cookie\u653f\u7b56"},"content":{"rendered":"<div data-elementor-type=\"wp-page\" data-elementor-id=\"162\" class=\"elementor elementor-162\" data-elementor-post-type=\"page\">\n\t\t\t\t\t\t<section class=\"elementor-section elementor-top-section elementor-element elementor-element-788a425f elementor-section-boxed elementor-section-height-default elementor-section-height-default wpr-particle-no wpr-jarallax-no wpr-parallax-no wpr-sticky-section-no\" data-id=\"788a425f\" data-element_type=\"section\" data-e-type=\"section\" data-settings=\"{&quot;background_background&quot;:&quot;classic&quot;}\">\n\t\t\t\t\t\t\t<div class=\"elementor-background-overlay\"><\/div>\n\t\t\t\t\t\t\t<div class=\"elementor-container elementor-column-gap-no\">\n\t\t\t\t\t<div class=\"elementor-column elementor-col-100 elementor-top-column elementor-element elementor-element-17da5035\" data-id=\"17da5035\" data-element_type=\"column\" data-e-type=\"column\">\n\t\t\t<div class=\"elementor-widget-wrap elementor-element-populated\">\n\t\t\t\t\t\t<div class=\"elementor-element elementor-element-3cbf7dd2 elementor-invisible elementor-widget elementor-widget-heading\" data-id=\"3cbf7dd2\" data-element_type=\"widget\" data-e-type=\"widget\" data-settings=\"{&quot;_animation&quot;:&quot;fadeInDown&quot;}\" data-widget_type=\"heading.default\">\n\t\t\t\t\t<h2 class=\"elementor-heading-title elementor-size-default\">Cookie\u653f\u7b56<\/h2>\t\t\t\t<\/div>\n\t\t\t\t<div class=\"elementor-element elementor-element-44a24e4a elementor-invisible elementor-widget elementor-widget-text-editor\" data-id=\"44a24e4a\" data-element_type=\"widget\" data-e-type=\"widget\" data-settings=\"{&quot;_animation&quot;:&quot;fadeIn&quot;,&quot;_animation_delay&quot;:720}\" data-widget_type=\"text-editor.default\">\n\t\t\t\t\t\t\t\t\tCookie\u653f\u7b56 <strong>https:\/\/www.zeusdivecenter.com\/<\/strong> \uff08\u4ee5\u4e0b\u7b80\u79f0\u201c\u7f51\u7edc\u201d\uff09\t\t\t\t\t\t\t\t<\/div>\n\t\t\t\t\t<\/div>\n\t\t<\/div>\n\t\t\t\t\t<\/div>\n\t\t<\/section>\n\t\t<div class=\"elementor-element elementor-element-51d2fb7b e-flex e-con-boxed wpr-particle-no wpr-jarallax-no wpr-parallax-no wpr-sticky-section-no e-con e-parent\" data-id=\"51d2fb7b\" data-element_type=\"container\" data-e-type=\"container\">\n\t\t\t\t\t<div class=\"e-con-inner\">\n\t\t\t\t<div class=\"elementor-element elementor-element-7bf9e02 elementor-widget elementor-widget-html\" data-id=\"7bf9e02\" data-element_type=\"widget\" data-e-type=\"widget\" data-widget_type=\"html.default\">\n\t\t\t\t\t<section class=\"cookies-policy\">\r\n\r\n   <p>\r\n    \u672cCookie\u653f\u7b56\u662f\u6cd5\u5f8b\u58f0\u660e\u548c\u9690\u79c1\u653f\u7b56\u7684\u7ec4\u6210\u90e8\u5206\u3002\u8bbf\u95ee\u3001\u6d4f\u89c8\u548c\u4f7f\u7528\u672c\u7f51\u7ad9\u5373\u8868\u793a\u60a8\u63a5\u53d7\u8fd9\u4e9b\u6761\u6b3e\u3002\u6211\u4eec\u5efa\u8bae\u60a8\u4ed4\u7ec6\u9605\u8bfb\u3002.\r\n  <\/p>\r\n\r\n  <p>\r\n    \u5728\u5b99\u65af\u6f5c\u6c34\u4e2d\u5fc3\uff0c\u6211\u4eec\u4ee5\u900f\u660e\u7684\u65b9\u5f0f\u4f7f\u7528 Cookie\uff0c\u4ee5\u4fbf\u5728\u60a8\u6d4f\u89c8\u65f6\u4e3a\u60a8\u63d0\u4f9b\u6700\u4f73\u4f53\u9a8c\u3002.\r\n  <\/p>\r\n\r\n  <h2>1. \u4ec0\u4e48\u662f\u997c\u5e72\uff1f<\/h2>\r\n  <p>\r\n    Cookie \u662f\u7528\u6237\u8bbf\u95ee\u7f51\u7ad9\u65f6\u4e0b\u8f7d\u5230\u7528\u6237\u8bbe\u5907\u4e0a\u7684\u5c0f\u578b\u6587\u672c\u6587\u4ef6\u3002\u5b83\u4eec\u7684\u4e3b\u8981\u76ee\u7684\u662f\u8bc6\u522b\u7528\u6237\u3001\u63d0\u9ad8\u7f51\u7ad9\u53ef\u7528\u6027\u5e76\u4f18\u5316\u7f51\u7ad9\u6027\u80fd\u3002.\r\n  <\/p>\r\n  <p>\r\n    Cookie \u4e0d\u4f1a\u635f\u5bb3\u60a8\u7684\u8bbe\u5907\uff0c\u5e76\u4e14\u6709\u52a9\u4e8e\u8bc6\u522b\u548c\u89e3\u51b3\u6f5c\u5728\u7684\u7f51\u7ad9\u9519\u8bef\u3002.\r\n  <\/p>\r\n\r\n  <h2>2. \u997c\u5e72\u7684\u7c7b\u578b<\/h2>\r\n  <ul>\r\n    <li><strong>\u4f1a\u8bdd cookie\uff1a<\/strong> \u6d4f\u89c8\u5668\u5173\u95ed\u65f6\uff0c\u8fd9\u4e9b\u6587\u4ef6\u5c06\u88ab\u5220\u9664\u3002.<\/li>\r\n    <li><strong>\u6301\u4e45\u6027 Cookie\uff1a<\/strong> \u5b83\u4eec\u4f1a\u88ab\u4fdd\u5b58\u4e00\u6bb5\u65f6\u95f4\u3002.<\/li>\r\n    <li><strong>\u529f\u80fd\u6027 Cookie\uff1a<\/strong> \u5b83\u4eec\u4f1a\u8bb0\u4f4f\u7528\u6237\u504f\u597d\u3002.<\/li>\r\n    <li><strong>\u7b2c\u4e09\u65b9 Cookie\uff1a<\/strong> \u7531\u5916\u90e8\u670d\u52a1\u5b89\u88c5\u3002.<\/li>\r\n    <li><strong>\u5206\u6790\u578b Cookie\uff1a<\/strong> \u4ed6\u4eec\u6536\u96c6\u533f\u540d\u7edf\u8ba1\u4fe1\u606f\u3002.<\/li>\r\n    <li><strong>\u5e7f\u544a Cookie\uff1a<\/strong> \u5b83\u4eec\u5141\u8bb8\u60a8\u5c55\u793a\u4e2a\u6027\u5316\u5e7f\u544a\u3002.<\/li>\r\n  <\/ul>\r\n\r\n  <h2>3. \u7f51\u7ad9\u4e0a\u7684 Cookie \u4f7f\u7528<\/h2>\r\n\r\n  <h3>\u5fc5\u8981cookies<\/h3>\r\n  <div class=\"table-responsive\">\r\n    <table>\r\n      <thead>\r\n        <tr>\r\n          <th>\u66f2\u5947\u997c<\/th>\r\n          <th>\u671f\u95f4<\/th>\r\n          <th>\u63cf\u8ff0<\/th>\r\n        <\/tr>\r\n      <\/thead>\r\n      <tbody>\r\n        <tr>\r\n          <td>cookies-\u540c\u610f<\/td>\r\n          <td>1\u5e74<\/td>\r\n          <td>\u8bb0\u4f4f\u7528\u6237\u7684\u540c\u610f\u504f\u597d\u3002.<\/td>\r\n        <\/tr>\r\n        <tr>\r\n          <td>PHPSESSID<\/td>\r\n          <td>\u4f1a\u8bae<\/td>\r\n          <td>\u5728\u5bfc\u822a\u8fc7\u7a0b\u4e2d\u8bc6\u522b\u7528\u6237\u4f1a\u8bdd\u3002.<\/td>\r\n        <\/tr>\r\n      <\/tbody>\r\n    <\/table>\r\n  <\/div>\r\n\r\n  <h3>\u529f\u80fd\u6027 Cookie<\/h3>\r\n  <div class=\"table-responsive\">\r\n    <table>\r\n      <thead>\r\n        <tr>\r\n          <th>\u66f2\u5947\u997c<\/th>\r\n          <th>\u671f\u95f4<\/th>\r\n          <th>\u63cf\u8ff0<\/th>\r\n        <\/tr>\r\n      <\/thead>\r\n      <tbody>\r\n        <tr>\r\n          <td>ytidb::LAST_RESULT_ENTRY_KEY<\/td>\r\n          <td>\u6c38\u6052\u7684<\/td>\r\n          <td>\u6539\u5584 YouTube \u4e0a\u7684\u641c\u7d22\u4f53\u9a8c\u3002.<\/td>\r\n        <\/tr>\r\n        <tr>\r\n          <td>yt-remote-session-app<\/td>\r\n          <td>\u4f1a\u8bae<\/td>\r\n          <td>\u4fdd\u5b58 YouTube \u64ad\u653e\u5668\u504f\u597d\u8bbe\u7f6e\u3002.<\/td>\r\n        <\/tr>\r\n        <tr>\r\n          <td>pll_language<\/td>\r\n          <td>1\u5e74<\/td>\r\n          <td>\u8bb0\u4f4f\u7528\u6237\u9009\u62e9\u7684\u8bed\u8a00\u3002.<\/td>\r\n        <\/tr>\r\n      <\/tbody>\r\n    <\/table>\r\n  <\/div>\r\n\r\n  <h3>\u5206\u6790\u578b Cookie<\/h3>\r\n  <div class=\"table-responsive\">\r\n    <table>\r\n      <thead>\r\n        <tr>\r\n          <th>\u66f2\u5947\u997c<\/th>\r\n          <th>\u671f\u95f4<\/th>\r\n          <th>\u63cf\u8ff0<\/th>\r\n        <\/tr>\r\n      <\/thead>\r\n      <tbody>\r\n        <tr>\r\n          <td>_ga<\/td>\r\n          <td>1\u5e741\u4e2a\u67084\u5929<\/td>\r\n          <td>\u533f\u540d\u8bc6\u522b\u7528\u6237\uff08Google Analytics\uff09\u3002.<\/td>\r\n        <\/tr>\r\n        <tr>\r\n          <td>_gid<\/td>\r\n          <td>1\u5929<\/td>\r\n          <td>\u5b83\u8bb0\u5f55\u6d4f\u89c8\u7edf\u8ba1\u6570\u636e\u3002.<\/td>\r\n        <\/tr>\r\n        <tr>\r\n          <td>_ga_*<\/td>\r\n          <td>1\u5e741\u4e2a\u67084\u5929<\/td>\r\n          <td>\u5b58\u50a8\u5e76\u7edf\u8ba1\u9875\u9762\u6d4f\u89c8\u91cf\u3002.<\/td>\r\n        <\/tr>\r\n      <\/tbody>\r\n    <\/table>\r\n  <\/div>\r\n\r\n  <h3>\u5e7f\u544a Cookie<\/h3>\r\n  <div class=\"table-responsive\">\r\n    <table>\r\n      <thead>\r\n        <tr>\r\n          <th>\u66f2\u5947\u997c<\/th>\r\n          <th>\u671f\u95f4<\/th>\r\n          <th>\u63cf\u8ff0<\/th>\r\n        <\/tr>\r\n      <\/thead>\r\n      <tbody>\r\n        <tr>\r\n          <td>YSC<\/td>\r\n          <td>\u4f1a\u8bae<\/td>\r\n          <td>\u5b83\u4f1a\u8bb0\u5f55\u5d4c\u5165\u5f0f\u89c6\u9891\u7684\u89c2\u770b\u6b21\u6570\u3002.<\/td>\r\n        <\/tr>\r\n        <tr>\r\n          <td>VISITOR_INFO1_LIVE<\/td>\r\n          <td>6\u4e2a\u6708<\/td>\r\n          <td>\u6d4b\u91cf YouTube \u64ad\u653e\u5668\u7684\u5e26\u5bbd\u3002.<\/td>\r\n        <\/tr>\r\n      <\/tbody>\r\n    <\/table>\r\n  <\/div>\r\n\r\n  <h3>\u672a\u5206\u7c7b\u7684 Cookie<\/h3>\r\n  <div class=\"table-responsive\">\r\n    <table>\r\n      <thead>\r\n        <tr>\r\n          <th>\u66f2\u5947\u997c<\/th>\r\n          <th>\u671f\u95f4<\/th>\r\n          <th>\u63cf\u8ff0<\/th>\r\n        <\/tr>\r\n      <\/thead>\r\n      <tbody>\r\n        <tr>\r\n          <td>\u8bbf\u5ba2\u9690\u79c1\u5143\u6570\u636e<\/td>\r\n          <td>6\u4e2a\u6708<\/td>\r\n          <td>\u5f85\u5206\u7c7b\u3002.<\/td>\r\n        <\/tr>\r\n        <tr>\r\n          <td>\u670d\u52a1\u5668ID231924<\/td>\r\n          <td>\u4f1a\u8bae<\/td>\r\n          <td>\u5f85\u5206\u7c7b\u3002.<\/td>\r\n        <\/tr>\r\n      <\/tbody>\r\n    <\/table>\r\n  <\/div>\r\n\r\n  <h2>4. Cookie \u8bbe\u7f6e\u548c\u505c\u7528<\/h2>\r\n  <p>\r\n    \u7528\u6237\u53ef\u4ee5\u901a\u8fc7\u6d4f\u89c8\u5668\u8bbe\u7f6e\u5141\u8bb8\u3001\u963b\u6b62\u6216\u5220\u9664 Cookie\u3002\u7981\u7528 Cookie \u53ef\u80fd\u4f1a\u5f71\u54cd\u7f51\u7ad9\u7684\u6b63\u5e38\u8fd0\u884c\u3002.\r\n  <\/p>\r\n\r\n<\/section>\r\n\t\t\t\t<\/div>\n\t\t\t\t\t<\/div>\n\t\t\t\t<\/div>\n\t\t\t\t<\/div>","protected":false},"excerpt":{"rendered":"<p>Cookie\u653f\u7b56 https:\/\/www.zeusdivecenter.com\/\uff08\u4ee5\u4e0b\u7b80\u79f0\u201c\u672c\u7f51\u7ad9\u201d\uff09\u7684Cookie\u653f\u7b56 \u672cCookie\u653f\u7b56\u6784\u6210\u6cd5\u5f8b\u58f0\u660e\u548c\u9690\u79c1\u653f\u7b56\u7684\u7ec4\u6210\u90e8\u5206\u3002\u8bbf\u95ee\u3001\u6d4f\u89c8\u548c\u4f7f\u7528\u672c\u7f51\u7ad9\u5373\u8868\u793a\u60a8\u63a5\u53d7\u8fd9\u4e9b\u6761\u6b3e\u3002\u6211\u4eec\u5efa\u8bae\u60a8\u4ed4\u7ec6\u9605\u8bfb\u3002\u5728\u5b99\u65af\u6f5c\u6c34\u4e2d\u5fc3\uff0c\u6211\u4eec\u4ee5\u900f\u660e\u7684\u65b9\u5f0f\u4f7f\u7528Cookie\uff0c\u65e8\u5728\u4e3a\u60a8\u63d0\u4f9b\u6700\u4f73\u7684\u6d4f\u89c8\u4f53\u9a8c\u3002 1. \u4ec0\u4e48\u662fCookie\uff1f Cookie\u662f\u7528\u6237\u8bbf\u95ee\u7f51\u7ad9\u65f6\u4e0b\u8f7d\u5230\u7528\u6237\u8bbe\u5907\u4e0a\u7684\u5c0f\u578b\u6587\u672c\u6587\u4ef6\u3002\u5176\u4e3b\u8981\u76ee\u7684\u662f\u8bc6\u522b\u7528\u6237\u3001\u63d0\u5347\u7f51\u7ad9\u7684\u6613\u7528\u6027\u5e76\u4f18\u5316\u5176\u6027\u80fd\u3002Cookie\u4e0d\u4f1a\u635f\u5bb3\u8bbe\u5907\uff0c\u5e76\u6709\u52a9\u4e8e\u8bc6\u522b\u548c\u89e3\u51b3\u6f5c\u5728\u7684\u7f51\u7ad9\u9519\u8bef\u3002 2. Cookie\u7c7b\u578b \u4f1a\u8bddCookie\uff1a\u5728\u6d4f\u89c8\u5668\u5173\u95ed\u65f6\u5220\u9664\u3002 \u6301\u4e45\u6027Cookie\uff1a\u5728\u7279\u5b9a\u65f6\u95f4\u6bb5\u5185\u4fdd\u7559\u3002 \u529f\u80fd\u6027Cookie\uff1a\u8bb0\u4f4f\u7528\u6237\u504f\u597d\u3002 \u7b2c\u4e09\u65b9Cookie\uff1a\u7531\u5916\u90e8\u670d\u52a1\u5b89\u88c5\u3002 \u5206\u6790\u6027Cookie\uff1a\u6536\u96c6\u533f\u540d\u7edf\u8ba1\u4fe1\u606f\u3002 \u5e7f\u544aCookie\uff1a\u5141\u8bb8\u663e\u793a\u4e2a\u6027\u5316\u5e7f\u544a\u3002 3. \u7f51\u7ad9\u4e0a\u7684 Cookie \u4f7f\u7528 \u5fc5\u8981 Cookie Cookie \u6709\u6548\u671f \u8bf4\u660e cookieyes-consent 1 \u5e74 \u8bb0\u4f4f\u7528\u6237\u7684\u540c\u610f\u504f\u597d\u3002 PHPSESSID \u4f1a\u8bdd \u5728\u6d4f\u89c8\u671f\u95f4\u8bc6\u522b\u7528\u6237\u7684\u4f1a\u8bdd\u3002 \u529f\u80fd\u6027 Cookie Cookie \u6709\u6548\u671f \u8bf4\u660e ytidb::LAST_RESULT_ENTRY_KEY \u6c38\u4e45 \u6539\u5584 YouTube \u4e0a\u7684\u641c\u7d22\u4f53\u9a8c\u3002 yt-remote-session-app \u4f1a\u8bdd \u4fdd\u5b58 YouTube \u64ad\u653e\u5668\u504f\u597d\u8bbe\u7f6e\u3002 pll_language 1 \u5e74 \u8bb0\u4f4f\u7528\u6237\u9009\u62e9\u7684\u8bed\u8a00\u3002 \u5206\u6790\u578b Cookie Cookie \u6709\u6548\u671f \u8bf4\u660e _ga 1 \u5e74 1 \u4e2a\u6708 4 \u5929 \u533f\u540d\u8bc6\u522b\u7528\u6237\uff08Google Analytics\uff09\u3002 _gid 1 \u5929 \u8bb0\u5f55\u7edf\u8ba1\u6d4f\u89c8\u6570\u636e\u3002 _ga_* 1 \u5e74 1 \u4e2a\u6708 4 \u5929 \u5b58\u50a8\u5e76\u7edf\u8ba1\u9875\u9762\u6d4f\u89c8\u91cf\u3002 \u5e7f\u544a\u578b Cookie Cookie \u6709\u6548\u671f \u8bf4\u660e YSC \u4f1a\u8bdd \u8bb0\u5f55\u5d4c\u5165\u5f0f\u89c6\u9891\u7684\u89c2\u770b\u6b21\u6570\u3002 VISITOR_INFO1_LIVE 6 \u4e2a\u6708 \u6d4b\u91cf YouTube \u64ad\u653e\u5668\u7684\u5e26\u5bbd\u3002\u672a\u5206\u7c7b Cookie Cookie \u6709\u6548\u671f \u8bf4\u660e VISITOR_PRIVACY_METADATA 6 \u4e2a\u6708 \u5f85\u5206\u7c7b\u3002 SERVERID231924 \u4f1a\u8bdd \u5f85\u5206\u7c7b\u3002 4. Cookie \u8bbe\u7f6e\u548c\u505c\u7528 \u7528\u6237\u53ef\u4ee5\u901a\u8fc7\u6d4f\u89c8\u5668\u8bbe\u7f6e\u5141\u8bb8\u3001\u963b\u6b62\u6216\u5220\u9664 Cookie\u3002\u7981\u7528 Cookie \u53ef\u80fd\u4f1a\u5f71\u54cd\u7f51\u7ad9\u7684\u6b63\u5e38\u8fd0\u884c\u3002.<\/p>","protected":false},"author":1,"featured_media":0,"parent":0,"menu_order":0,"comment_status":"closed","ping_status":"closed","template":"elementor_header_footer","meta":{"_eb_attr":"","_joinchat":[],"footnotes":""},"class_list":["post-162","page","type-page","status-publish","hentry"],"yoast_head":"<!-- This site is optimized with the Yoast SEO plugin v26.9 - https:\/\/yoast.com\/product\/yoast-seo-wordpress\/ -->\n<title>Pol\u00edticas De Cookies - Zeus Dive Center<\/title>\n<meta name=\"robots\" content=\"index, follow, max-snippet:-1, max-image-preview:large, max-video-preview:-1\" \/>\n<link rel=\"canonical\" href=\"https:\/\/zeusdivecenter.com\/zh\/politicas-de-cookies\/\" \/>\n<meta property=\"og:locale\" content=\"zh_CN\" \/>\n<meta property=\"og:type\" content=\"article\" \/>\n<meta property=\"og:title\" content=\"Pol\u00edticas De Cookies - Zeus Dive Center\" \/>\n<meta property=\"og:description\" content=\"Pol\u00edticas De Cookies Pol\u00edtica de Cookies de https:\/\/www.zeusdivecenter.com\/ (en adelante, \u201cla Web\u201d) La presente Pol\u00edtica de Cookies forma parte integrante del Aviso Legal y de la Pol\u00edtica de Privacidad. El acceso, navegaci\u00f3n y uso del sitio web implican la aceptaci\u00f3n de dichas condiciones. Recomendamos su lectura atenta. En Zeus Dive Center utilizamos cookies de forma transparente para ofrecerle la mejor experiencia posible durante su navegaci\u00f3n. 1. \u00bfQu\u00e9 son las cookies? Las cookies son peque\u00f1os archivos de texto que se descargan en el dispositivo del usuario cuando visita una p\u00e1gina web. Su finalidad principal es reconocer al usuario, mejorar la usabilidad del sitio y optimizar su funcionamiento. Las cookies no da\u00f1an el dispositivo y ayudan a identificar y resolver posibles errores de la web. 2. Tipos de cookies Cookies de sesi\u00f3n: se eliminan al cerrar el navegador. Cookies persistentes: permanecen almacenadas durante un tiempo determinado. Cookies de funcionalidad: recuerdan preferencias del usuario. Cookies de terceros: instaladas por servicios externos. Cookies anal\u00edticas: recopilan informaci\u00f3n estad\u00edstica an\u00f3nima. Cookies publicitarias: permiten mostrar anuncios personalizados. 3. Uso de cookies en la web Cookies necesarias Cookie Duraci\u00f3n Descripci\u00f3n cookieyes-consent 1 a\u00f1o Recuerda las preferencias de consentimiento del usuario. PHPSESSID Sesi\u00f3n Identifica la sesi\u00f3n del usuario durante la navegaci\u00f3n. Cookies funcionales Cookie Duraci\u00f3n Descripci\u00f3n ytidb::LAST_RESULT_ENTRY_KEY Permanente Mejora la experiencia de b\u00fasqueda en YouTube. yt-remote-session-app Sesi\u00f3n Guarda preferencias del reproductor de YouTube. pll_language 1 a\u00f1o Recuerda el idioma seleccionado por el usuario. Cookies anal\u00edticas Cookie Duraci\u00f3n Descripci\u00f3n _ga 1 a\u00f1o 1 mes 4 d\u00edas Identifica usuarios de forma an\u00f3nima (Google Analytics). _gid 1 d\u00eda Registra datos estad\u00edsticos de navegaci\u00f3n. _ga_* 1 a\u00f1o 1 mes 4 d\u00edas Almacena y cuenta visualizaciones de p\u00e1gina. Cookies publicitarias Cookie Duraci\u00f3n Descripci\u00f3n YSC Sesi\u00f3n Registra visualizaciones de v\u00eddeos incrustados. VISITOR_INFO1_LIVE 6 meses Mide el ancho de banda del reproductor de YouTube. Cookies sin categorizar Cookie Duraci\u00f3n Descripci\u00f3n VISITOR_PRIVACY_METADATA 6 meses Pendiente de clasificaci\u00f3n. SERVERID231924 Sesi\u00f3n Pendiente de clasificaci\u00f3n. 4. Configuraci\u00f3n y desactivaci\u00f3n de cookies El usuario puede permitir, bloquear o eliminar las cookies mediante la configuraci\u00f3n de su navegador. La desactivaci\u00f3n de cookies puede afectar al correcto funcionamiento del sitio web.\" \/>\n<meta property=\"og:url\" content=\"https:\/\/zeusdivecenter.com\/zh\/politicas-de-cookies\/\" \/>\n<meta property=\"og:site_name\" content=\"Zeus Dive Center\" \/>\n<meta property=\"article:modified_time\" content=\"2026-02-21T18:42:27+00:00\" \/>\n<meta name=\"twitter:card\" content=\"summary_large_image\" \/>\n<meta name=\"twitter:label1\" content=\"\u9884\u8ba1\u9605\u8bfb\u65f6\u95f4\" \/>\n\t<meta name=\"twitter:data1\" content=\"2 \u5206\" \/>\n<!-- \/ Yoast SEO plugin. -->","yoast_head_json":{"title":"Cookie\u653f\u7b56 - \u5b99\u65af\u6f5c\u6c34\u4e2d\u5fc3","robots":{"index":"index","follow":"follow","max-snippet":"max-snippet:-1","max-image-preview":"max-image-preview:large","max-video-preview":"max-video-preview:-1"},"canonical":"https:\/\/zeusdivecenter.com\/zh\/politicas-de-cookies\/","og_locale":"zh_CN","og_type":"article","og_title":"Pol\u00edticas De Cookies - Zeus Dive Center","og_description":"Pol\u00edticas De Cookies Pol\u00edtica de Cookies de https:\/\/www.zeusdivecenter.com\/ (en adelante, \u201cla Web\u201d) La presente Pol\u00edtica de Cookies forma parte integrante del Aviso Legal y de la Pol\u00edtica de Privacidad. El acceso, navegaci\u00f3n y uso del sitio web implican la aceptaci\u00f3n de dichas condiciones. Recomendamos su lectura atenta. En Zeus Dive Center utilizamos cookies de forma transparente para ofrecerle la mejor experiencia posible durante su navegaci\u00f3n. 1. \u00bfQu\u00e9 son las cookies? Las cookies son peque\u00f1os archivos de texto que se descargan en el dispositivo del usuario cuando visita una p\u00e1gina web. Su finalidad principal es reconocer al usuario, mejorar la usabilidad del sitio y optimizar su funcionamiento. Las cookies no da\u00f1an el dispositivo y ayudan a identificar y resolver posibles errores de la web. 2. Tipos de cookies Cookies de sesi\u00f3n: se eliminan al cerrar el navegador. Cookies persistentes: permanecen almacenadas durante un tiempo determinado. Cookies de funcionalidad: recuerdan preferencias del usuario. Cookies de terceros: instaladas por servicios externos. Cookies anal\u00edticas: recopilan informaci\u00f3n estad\u00edstica an\u00f3nima. Cookies publicitarias: permiten mostrar anuncios personalizados. 3. Uso de cookies en la web Cookies necesarias Cookie Duraci\u00f3n Descripci\u00f3n cookieyes-consent 1 a\u00f1o Recuerda las preferencias de consentimiento del usuario. PHPSESSID Sesi\u00f3n Identifica la sesi\u00f3n del usuario durante la navegaci\u00f3n. Cookies funcionales Cookie Duraci\u00f3n Descripci\u00f3n ytidb::LAST_RESULT_ENTRY_KEY Permanente Mejora la experiencia de b\u00fasqueda en YouTube. yt-remote-session-app Sesi\u00f3n Guarda preferencias del reproductor de YouTube. pll_language 1 a\u00f1o Recuerda el idioma seleccionado por el usuario. Cookies anal\u00edticas Cookie Duraci\u00f3n Descripci\u00f3n _ga 1 a\u00f1o 1 mes 4 d\u00edas Identifica usuarios de forma an\u00f3nima (Google Analytics). _gid 1 d\u00eda Registra datos estad\u00edsticos de navegaci\u00f3n. _ga_* 1 a\u00f1o 1 mes 4 d\u00edas Almacena y cuenta visualizaciones de p\u00e1gina. Cookies publicitarias Cookie Duraci\u00f3n Descripci\u00f3n YSC Sesi\u00f3n Registra visualizaciones de v\u00eddeos incrustados. VISITOR_INFO1_LIVE 6 meses Mide el ancho de banda del reproductor de YouTube. Cookies sin categorizar Cookie Duraci\u00f3n Descripci\u00f3n VISITOR_PRIVACY_METADATA 6 meses Pendiente de clasificaci\u00f3n. SERVERID231924 Sesi\u00f3n Pendiente de clasificaci\u00f3n. 4. Configuraci\u00f3n y desactivaci\u00f3n de cookies El usuario puede permitir, bloquear o eliminar las cookies mediante la configuraci\u00f3n de su navegador. La desactivaci\u00f3n de cookies puede afectar al correcto funcionamiento del sitio web.","og_url":"https:\/\/zeusdivecenter.com\/zh\/politicas-de-cookies\/","og_site_name":"Zeus Dive Center","article_modified_time":"2026-02-21T18:42:27+00:00","twitter_card":"summary_large_image","twitter_misc":{"\u9884\u8ba1\u9605\u8bfb\u65f6\u95f4":"2 \u5206"},"schema":{"@context":"https:\/\/schema.org","@graph":[{"@type":"WebPage","@id":"https:\/\/zeusdivecenter.com\/politicas-de-cookies\/","url":"https:\/\/zeusdivecenter.com\/politicas-de-cookies\/","name":"Cookie\u653f\u7b56 - \u5b99\u65af\u6f5c\u6c34\u4e2d\u5fc3","isPartOf":{"@id":"https:\/\/zeusdivecenter.com\/#website"},"datePublished":"2026-02-09T15:09:06+00:00","dateModified":"2026-02-21T18:42:27+00:00","breadcrumb":{"@id":"https:\/\/zeusdivecenter.com\/politicas-de-cookies\/#breadcrumb"},"inLanguage":"zh-Hans","potentialAction":[{"@type":"ReadAction","target":["https:\/\/zeusdivecenter.com\/politicas-de-cookies\/"]}]},{"@type":"BreadcrumbList","@id":"https:\/\/zeusdivecenter.com\/politicas-de-cookies\/#breadcrumb","itemListElement":[{"@type":"ListItem","position":1,"name":"Portada","item":"https:\/\/zeusdivecenter.com\/"},{"@type":"ListItem","position":2,"name":"Pol\u00edticas De Cookies"}]},{"@type":"WebSite","@id":"https:\/\/zeusdivecenter.com\/#website","url":"https:\/\/zeusdivecenter.com\/","name":"\u5b99\u65af\u6f5c\u6c34\u4e2d\u5fc3","description":"","publisher":{"@id":"https:\/\/zeusdivecenter.com\/#organization"},"potentialAction":[{"@type":"SearchAction","target":{"@type":"EntryPoint","urlTemplate":"https:\/\/zeusdivecenter.com\/?s={search_term_string}"},"query-input":{"@type":"PropertyValueSpecification","valueRequired":true,"valueName":"search_term_string"}}],"inLanguage":"zh-Hans"},{"@type":"Organization","@id":"https:\/\/zeusdivecenter.com\/#organization","name":"\u5b99\u65af\u6f5c\u6c34\u4e2d\u5fc3","url":"https:\/\/zeusdivecenter.com\/","logo":{"@type":"ImageObject","inLanguage":"zh-Hans","@id":"https:\/\/zeusdivecenter.com\/#\/schema\/logo\/image\/","url":"https:\/\/zeusdivecenter.com\/wp-content\/uploads\/2026\/02\/grancanaria-snorkel-trydive-scubadive-duiken-schnuppertauchen-dive-tauchen-maspalomas15.png","contentUrl":"https:\/\/zeusdivecenter.com\/wp-content\/uploads\/2026\/02\/grancanaria-snorkel-trydive-scubadive-duiken-schnuppertauchen-dive-tauchen-maspalomas15.png","width":1080,"height":1080,"caption":"Zeus Dive Center"},"image":{"@id":"https:\/\/zeusdivecenter.com\/#\/schema\/logo\/image\/"}}]}},"_hostinger_reach_plugin_has_subscription_block":false,"_hostinger_reach_plugin_is_elementor":false,"_links":{"self":[{"href":"https:\/\/zeusdivecenter.com\/zh\/wp-json\/wp\/v2\/pages\/162","targetHints":{"allow":["GET"]}}],"collection":[{"href":"https:\/\/zeusdivecenter.com\/zh\/wp-json\/wp\/v2\/pages"}],"about":[{"href":"https:\/\/zeusdivecenter.com\/zh\/wp-json\/wp\/v2\/types\/page"}],"author":[{"embeddable":true,"href":"https:\/\/zeusdivecenter.com\/zh\/wp-json\/wp\/v2\/users\/1"}],"replies":[{"embeddable":true,"href":"https:\/\/zeusdivecenter.com\/zh\/wp-json\/wp\/v2\/comments?post=162"}],"version-history":[{"count":20,"href":"https:\/\/zeusdivecenter.com\/zh\/wp-json\/wp\/v2\/pages\/162\/revisions"}],"predecessor-version":[{"id":1696,"href":"https:\/\/zeusdivecenter.com\/zh\/wp-json\/wp\/v2\/pages\/162\/revisions\/1696"}],"wp:attachment":[{"href":"https:\/\/zeusdivecenter.com\/zh\/wp-json\/wp\/v2\/media?parent=162"}],"curies":[{"name":"wp","href":"https:\/\/api.w.org\/{rel}","templated":true}]}}