{"id":154,"date":"2026-02-09T15:07:45","date_gmt":"2026-02-09T15:07:45","guid":{"rendered":"https:\/\/webdebuceo.websmwinner.com\/?page_id=154"},"modified":"2026-02-21T18:38:09","modified_gmt":"2026-02-21T18:38:09","slug":"precios","status":"publish","type":"page","link":"https:\/\/zeusdivecenter.com\/zh\/precios\/","title":{"rendered":"\u4ef7\u683c"},"content":{"rendered":"<div data-elementor-type=\"wp-page\" data-elementor-id=\"154\" class=\"elementor elementor-154\" data-elementor-post-type=\"page\">\n\t\t\t\t\t\t<section class=\"elementor-section elementor-top-section elementor-element elementor-element-47c7e3bb elementor-section-boxed elementor-section-height-default elementor-section-height-default wpr-particle-no wpr-jarallax-no wpr-parallax-no wpr-sticky-section-no\" data-id=\"47c7e3bb\" data-element_type=\"section\" data-e-type=\"section\" data-settings=\"{&quot;background_background&quot;:&quot;classic&quot;}\">\n\t\t\t\t\t\t\t<div class=\"elementor-background-overlay\"><\/div>\n\t\t\t\t\t\t\t<div class=\"elementor-container elementor-column-gap-no\">\n\t\t\t\t\t<div class=\"elementor-column elementor-col-100 elementor-top-column elementor-element elementor-element-7c6fc062\" data-id=\"7c6fc062\" data-element_type=\"column\" data-e-type=\"column\">\n\t\t\t<div class=\"elementor-widget-wrap elementor-element-populated\">\n\t\t\t\t\t\t<div class=\"elementor-element elementor-element-b01aa12 elementor-invisible elementor-widget elementor-widget-heading\" data-id=\"b01aa12\" data-element_type=\"widget\" data-e-type=\"widget\" data-settings=\"{&quot;_animation&quot;:&quot;fadeInDown&quot;}\" data-widget_type=\"heading.default\">\n\t\t\t\t\t<h2 class=\"elementor-heading-title elementor-size-default\">\u4ef7\u683c<\/h2>\t\t\t\t<\/div>\n\t\t\t\t<div class=\"elementor-element elementor-element-df3db2f elementor-invisible elementor-widget elementor-widget-text-editor\" data-id=\"df3db2f\" data-element_type=\"widget\" data-e-type=\"widget\" data-settings=\"{&quot;_animation&quot;:&quot;fadeIn&quot;,&quot;_animation_delay&quot;:720}\" data-widget_type=\"text-editor.default\">\n\t\t\t\t\t\t\t\t\t\u63a2\u7d22\u6211\u4eec\u4e3a\u521d\u5b66\u8005\u548c\u6301\u8bc1\u6f5c\u6c34\u5458\u8bbe\u8ba1\u7684\u6f5c\u6c34\u9879\u76ee\u3002\u6211\u4eec\u63d0\u4f9b\u5bfc\u6f5c\u3001\u5b98\u65b9\u8bfe\u7a0b\u548c\u8bbe\u5907\u79df\u8d41\u670d\u52a1\uff0c\u5e76\u4ee5\u6700\u9ad8\u7684\u5b89\u5168\u6027\u548c\u4e13\u4e1a\u6027\u4e3a\u4fdd\u969c\u3002.\t\t\t\t\t\t\t\t<\/div>\n\t\t\t\t<div class=\"elementor-element elementor-element-a339aa3 elementor-align-center elementor-widget__width-auto elementor-widget-mobile__width-inherit elementor-invisible elementor-widget elementor-widget-button\" data-id=\"a339aa3\" data-element_type=\"widget\" data-e-type=\"widget\" data-settings=\"{&quot;_animation&quot;:&quot;fadeInLeft&quot;,&quot;_animation_delay&quot;:720}\" data-widget_type=\"button.default\">\n\t\t\t\t\t\t\t\t\t\t<a class=\"elementor-button elementor-button-link elementor-size-md elementor-animation-shrink\" href=\"https:\/\/zeusdivecenter.com\/zh\/#reservas\">\n\t\t\t\t\t\t<span class=\"elementor-button-content-wrapper\">\n\t\t\t\t\t\t\t\t\t<span class=\"elementor-button-text\">\u5728\u7ebf\u9884\u8ba2<\/span>\n\t\t\t\t\t<\/span>\n\t\t\t\t\t<\/a>\n\t\t\t\t\t\t\t\t<\/div>\n\t\t\t\t<div class=\"elementor-element elementor-element-c2ec2c4 elementor-align-center elementor-widget__width-auto elementor-widget-mobile__width-inherit elementor-invisible elementor-widget elementor-widget-button\" data-id=\"c2ec2c4\" data-element_type=\"widget\" data-e-type=\"widget\" data-settings=\"{&quot;_animation&quot;:&quot;fadeInRight&quot;,&quot;_animation_delay&quot;:720}\" data-widget_type=\"button.default\">\n\t\t\t\t\t\t\t\t\t\t<a class=\"elementor-button elementor-button-link elementor-size-md elementor-animation-shrink\" href=\"https:\/\/zeusdivecenter.com\/zh\/cursos\/\">\n\t\t\t\t\t\t<span class=\"elementor-button-content-wrapper\">\n\t\t\t\t\t\t\t\t\t<span class=\"elementor-button-text\">\u67e5\u770b\u8bfe\u7a0b<\/span>\n\t\t\t\t\t<\/span>\n\t\t\t\t\t<\/a>\n\t\t\t\t\t\t\t\t<\/div>\n\t\t\t\t\t<\/div>\n\t\t<\/div>\n\t\t\t\t\t<\/div>\n\t\t<\/section>\n\t\t<div class=\"elementor-element elementor-element-364cc09 e-flex e-con-boxed wpr-particle-no wpr-jarallax-no wpr-parallax-no wpr-sticky-section-no e-con e-parent\" data-id=\"364cc09\" data-element_type=\"container\" data-e-type=\"container\">\n\t\t\t\t\t<div class=\"e-con-inner\">\n\t\t\t\t<div class=\"elementor-element elementor-element-4d86d09 elementor-widget elementor-widget-html\" data-id=\"4d86d09\" data-element_type=\"widget\" data-e-type=\"widget\" data-widget_type=\"html.default\">\n\t\t\t\t\t<style>\r\n\/* ===== PRICING SECTION ===== *\/\r\n.pricing-section {\r\n  max-width: 1300px;\r\n  margin: auto;\r\n  padding: 50px 20px;\r\n  font-family: Helvetica, Arial, sans-serif;\r\n}\r\n\r\n\/* ===== GRID ===== *\/\r\n.pricing-grid {\r\n  display: grid;\r\n  grid-template-columns: repeat(4, 1fr);\r\n  gap: 35px;\r\n}\r\n\r\n\/* ===== CARD ===== *\/\r\n.pricing-card {\r\n  position: relative;\r\n  background-color: #ffffff;\r\n  border-radius: 22px;\r\n  padding: 32px;\r\n  overflow: hidden;\r\n  box-shadow: 0 20px 45px rgba(0,0,0,0.08);\r\n  transition: transform 0.35s ease, box-shadow 0.35s ease;\r\n\r\n  display: flex;\r\n  flex-direction: column;\r\n}\r\n\r\n\/* Fondo burbujas difuminado *\/\r\n.pricing-card::before {\r\n  content: \"\";\r\n  position: absolute;\r\n  inset: 0;\r\n  background-image: url(\"https:\/\/zeusdivecenter.com\/wp-content\/uploads\/2026\/02\/Imagenes-para-blog-2026-02-09T150830.646.png\");\r\n  background-size: cover;\r\n  background-position: center;\r\n  opacity: 0.4;\r\n  filter: blur(4px);\r\n  z-index: 0;\r\n}\r\n\r\n\/* Capa blanca soft *\/\r\n.pricing-card::after {\r\n  content: \"\";\r\n  position: absolute;\r\n  inset: 0;\r\n  background: rgba(255,255,255,0.9);\r\n  z-index: 1;\r\n}\r\n\r\n.pricing-card > * {\r\n  position: relative;\r\n  z-index: 2;\r\n}\r\n\r\n.pricing-card:hover {\r\n  transform: translateY(-10px);\r\n  box-shadow: 0 35px 70px rgba(0,0,0,0.14);\r\n}\r\n\r\n\/* ===== TITLE ===== *\/\r\n.pricing-card h3 {\r\n  color: #151afc;\r\n  font-size: 23px;\r\n  margin-bottom: 22px;\r\n}\r\n\r\n.pricing-card h3::after {\r\n  content: \"\";\r\n  display: block;\r\n  width: 40px;\r\n  height: 4px;\r\n  background: #40bcfd;\r\n  border-radius: 10px;\r\n  margin-top: 8px;\r\n}\r\n\r\n\/* ===== LIST ===== *\/\r\n.pricing-list {\r\n  list-style: none;\r\n  padding: 0;\r\n  margin: 0;\r\n}\r\n\r\n.pricing-list li {\r\n  display: grid;\r\n  grid-template-columns: 1fr auto;\r\n  align-items: center;\r\n  padding: 13px 0;\r\n  border-bottom: 1px dashed #dfe3f0;\r\n  color: #01206a;\r\n  font-size: 16px;\r\n}\r\n\r\n.pricing-list li:last-child {\r\n  border-bottom: none;\r\n}\r\n\r\n\/* ===== PRICE BADGE ===== *\/\r\n.price {\r\n  background: rgba(250,194,10,0.15);\r\n  color: #fac20a;\r\n  font-weight: bold;\r\n  padding: 6px 14px;\r\n  border-radius: 30px;\r\n  font-size: 16px;\r\n  white-space: nowrap;\r\n}\r\n\r\n\/* ===== CARD FOOTER (FILLER) ===== *\/\r\n.card-footer {\r\n  margin-top: auto;\r\n  padding-top: 22px;\r\n  text-align: center;\r\n}\r\n\r\n.card-footer::before {\r\n  content: \"\";\r\n  display: block;\r\n  width: 60px;\r\n  height: 3px;\r\n  background: linear-gradient(90deg, #151afc, #40bcfd);\r\n  border-radius: 10px;\r\n  margin: 0 auto 10px;\r\n}\r\n\r\n.card-footer span {\r\n  font-size: 13px;\r\n  color: #01206a;\r\n  opacity: 0.7;\r\n}\r\n\r\n\/* ===== TABLET ===== *\/\r\n@media (max-width: 1024px) {\r\n  .pricing-grid {\r\n    grid-template-columns: repeat(2, 1fr);\r\n  }\r\n}\r\n\r\n\/* ===== MOBILE ===== *\/\r\n@media (max-width: 600px) {\r\n  .pricing-grid {\r\n    grid-template-columns: 1fr;\r\n  }\r\n\r\n  .pricing-card {\r\n    padding: 24px;\r\n  }\r\n\r\n  .pricing-card h3 {\r\n    font-size: 20px;\r\n    margin-bottom: 18px;\r\n  }\r\n\r\n  .pricing-list li {\r\n    font-size: 14.5px;\r\n    padding: 11px 0;\r\n  }\r\n\r\n  .price {\r\n    font-size: 15px;\r\n    padding: 5px 12px;\r\n  }\r\n\r\n  .card-footer span {\r\n    font-size: 12px;\r\n  }\r\n}\r\n<\/style>\r\n\r\n<div class=\"pricing-section\">\r\n  <div class=\"pricing-grid\">\r\n\r\n    <div class=\"pricing-card\">\r\n      <h3>\u6f5c\u6c34\u4ef7\u683c<\/h3>\r\n      <ul class=\"pricing-list\">\r\n        <li><span>1 \u6c89\u6d78\u5f0f<\/span><span class=\"price\">45\u20ac<\/span><\/li>\r\n        <li><span>2 \u2013 10 \u6b21\u6f5c\u6c34<\/span><span class=\"price\">35\u20ac<\/span><\/li>\r\n        <li><span>\u8d85\u8fc712\u6b21\u6f5c\u6c34<\/span><span class=\"price\">32,50\u20ac<\/span><\/li>\r\n        <li><span>\u6d6e\u6f5c<\/span><span class=\"price\">69\u20ac<\/span><\/li>\r\n        <li><span>\u5361\u5e03\u9686\u6d77\u6ee9<\/span><span class=\"price\">110\u20ac<\/span><\/li>\r\n      <\/ul>\r\n      <div class=\"card-footer\">\r\n        <span>\u4e13\u4e1a\u6c34\u4e0b\u7ecf\u9a8c<\/span>\r\n      <\/div>\r\n    <\/div>\r\n\r\n    <div class=\"pricing-card\">\r\n      <h3>\u8865\u5145\u5242<\/h3>\r\n      <ul class=\"pricing-list\">\r\n        <li><span>\u8239\u989d\u5916<\/span><span class=\"price\">20\u20ac<\/span><\/li>\r\n        <li><span>\u591c\u6f5c<\/span><span class=\"price\">15\u20ac<\/span><\/li>\r\n        <li><span>\u6d17\u793c\u7167\u7247<\/span><span class=\"price\">20\u20ac<\/span><\/li>\r\n      <\/ul>\r\n      <div class=\"card-footer\">\r\n        <span>\u7075\u6d3b\u7684\u6c89\u6d78\u5f0f\u9009\u9879<\/span>\r\n      <\/div>\r\n    <\/div>\r\n\r\n    <div class=\"pricing-card\">\r\n      <h3>\u8bfe\u7a0b<\/h3>\r\n      <ul class=\"pricing-list\">\r\n        <li><span>\u6d17\u793c<\/span><span class=\"price\">85\u20ac<\/span><\/li>\r\n        <li><span>\u6c34\u80ba\u6f5c\u6c34\u5458<\/span><span class=\"price\">350\u6b27\u5143\u8d77<\/span><\/li>\r\n        <li><span>\u5f00\u653e\u6c34\u57df\u6f5c\u6c34\u5458<\/span><span class=\"price\">450\u6b27\u5143\u8d77<\/span><\/li>\r\n        <li><span>\u9ad8\u7ea7\u5f00\u653e\u6c34\u57df\u6f5c\u6c34\u5458<\/span><span class=\"price\">350\u6b27\u5143\u8d77<\/span><\/li>\r\n        <li><span>\u9ad8\u6c27\u7a7a\u6c14<\/span><span class=\"price\">350\u20ac<\/span><\/li>\r\n        <li><span>\u538b\u529b\u4e0e\u6551\u63f4<\/span><span class=\"price\">350\u6b27\u5143\u8d77<\/span><\/li>\r\n        <li><span>\u53cd\u5e94\u6b63\u786e<\/span><span class=\"price\">200\u6b27\u5143\u8d77<\/span><\/li>\r\n        <li><span>\u6f5c\u6c34\u5411\u5bfc<\/span><span class=\"price\">800\u6b27\u5143\u8d77<\/span><\/li>\r\n      <\/ul>\r\n      <div class=\"card-footer\">\r\n        <span>\u56fd\u9645\u8ba4\u8bc1\u57f9\u8bad<\/span>\r\n      <\/div>\r\n    <\/div>\r\n\r\n    <div class=\"pricing-card\">\r\n      <h3>\u79df\u8d41\u8bbe\u5907<\/h3>\r\n      <ul class=\"pricing-list\">\r\n        <li><span>\u5b8c\u6574\u8bbe\u5907<\/span><span class=\"price\">20\u20ac<\/span><\/li>\r\n        <li><span>\u773c\u955c<\/span><span class=\"price\">5\u20ac<\/span><\/li>\r\n        <li><span>\u9ccd<\/span><span class=\"price\">5\u20ac<\/span><\/li>\r\n        <li><span>\u77ed\u9774<\/span><span class=\"price\">5\u20ac<\/span><\/li>\r\n        <li><span>\u76d1\u7ba1\u673a\u6784<\/span><span class=\"price\">5\u20ac<\/span><\/li>\r\n        <li><span>\u80cc\u5fc3<\/span><span class=\"price\">5\u20ac<\/span><\/li>\r\n        <li><span>\u5957\u88c5<\/span><span class=\"price\">5\u20ac<\/span><\/li>\r\n      <\/ul>\r\n      <div class=\"card-footer\">\r\n        <span>\u8bbe\u5907\u5df2\u68c0\u9a8c\u5e76\u8ba4\u8bc1<\/span>\r\n      <\/div>\r\n    <\/div>\r\n\r\n  <\/div>\r\n<\/div>\r\n\t\t\t\t<\/div>\n\t\t\t\t\t<\/div>\n\t\t\t\t<\/div>\n\t\t<div class=\"elementor-element elementor-element-aa15994 e-flex e-con-boxed wpr-particle-no wpr-jarallax-no wpr-parallax-no wpr-sticky-section-no e-con e-parent\" data-id=\"aa15994\" data-element_type=\"container\" data-e-type=\"container\" data-settings=\"{&quot;background_background&quot;:&quot;classic&quot;}\">\n\t\t\t\t\t<div class=\"e-con-inner\">\n\t\t<div class=\"elementor-element elementor-element-3ac802d e-con-full e-flex wpr-particle-no wpr-jarallax-no wpr-parallax-no wpr-sticky-section-no e-con e-child\" data-id=\"3ac802d\" data-element_type=\"container\" data-e-type=\"container\">\n\t\t\t\t<div class=\"elementor-element elementor-element-071d58a elementor-widget elementor-widget-html\" data-id=\"071d58a\" data-element_type=\"widget\" data-e-type=\"widget\" data-widget_type=\"html.default\">\n\t\t\t\t\t<div style=\"width: 100%; box-sizing: border-box; background-color: #f9f9f9; padding: 20px; border-radius: 12px; box-shadow: 0 4px 12px rgba(0,0,0,0.08); max-width: 100%; line-height: 1.6;\">\r\n  \r\n  <h3 style=\"margin-bottom: 15px;\">\u91cd\u8981\u4fe1\u606f<\/h3>\r\n  \r\n  <div style=\"margin-bottom: 15px; padding: 15px; background-color: #ffffff; border-radius: 8px; box-shadow: 0 2px 6px rgba(0,0,0,0.05); width: 100%; box-sizing: border-box;\">\r\n    <p><strong>IGIC\u5305\u62ec\uff1a<\/strong> \u6240\u6709\u516c\u5e03\u7684\u4ef7\u683c\u5747\u5305\u542bIGIC\uff08\u52a0\u90a3\u5229\u7fa4\u5c9b\u4e00\u822c\u95f4\u63a5\u7a0e\uff09\u3002.<\/p>\r\n  <\/div>\r\n  \r\n  <div style=\"margin-bottom: 15px; padding: 15px; background-color: #ffffff; border-radius: 8px; box-shadow: 0 2px 6px rgba(0,0,0,0.05); width: 100%; box-sizing: border-box;\">\r\n    <p><strong>\u53d6\u6d88\uff1a<\/strong> \u516c\u53f8\u4fdd\u7559\u56e0\u7ec4\u7ec7\u3001\u5b89\u5168\u6216\u5176\u4ed6\u4e0d\u53ef\u6297\u529b\u56e0\u7d20\u53d6\u6d88\u6d3b\u52a8\u7684\u6743\u5229\u3002\u987e\u5ba2\u4e0d\u5f97\u5728\u6d3b\u52a8\u5f00\u59cb\u524d24\u5c0f\u65f6\u5185\u53d6\u6d88\u9884\u8ba2\u3002.<\/p>\r\n  <\/div>\r\n  \r\n  <div style=\"padding: 15px; background-color: #ffffff; border-radius: 8px; box-shadow: 0 2px 6px rgba(0,0,0,0.05); width: 100%; box-sizing: border-box;\">\r\n    <p><strong>\u6750\u6599\u635f\u574f\u6216\u78e8\u635f\uff1a<\/strong> \u5ba2\u6237\u5c06\u627f\u62c5\u56e0\u6d3b\u52a8\u8fc7\u7a0b\u4e2d\u9020\u6210\u7684\u6750\u6599\u7834\u635f\u3001\u4e22\u5931\u6216\u5f02\u5e38\u78e8\u635f\u7684\u8d39\u7528\u3002.<\/p>\r\n  <\/div>\r\n  \r\n<\/div>\r\n\t\t\t\t<\/div>\n\t\t\t\t<\/div>\n\t\t<div class=\"elementor-element elementor-element-fb28992 e-con-full e-flex wpr-particle-no wpr-jarallax-no wpr-parallax-no wpr-sticky-section-no e-con e-child\" data-id=\"fb28992\" data-element_type=\"container\" data-e-type=\"container\">\n\t\t\t\t<div class=\"elementor-element elementor-element-0996cdf elementor-widget elementor-widget-image\" data-id=\"0996cdf\" data-element_type=\"widget\" data-e-type=\"widget\" data-widget_type=\"image.default\">\n\t\t\t\t\t\t\t\t\t\t\t\t\t\t\t<img fetchpriority=\"high\" decoding=\"async\" width=\"750\" height=\"564\" src=\"https:\/\/zeusdivecenter.com\/wp-content\/uploads\/2026\/02\/grancanaria-snorkel-trydive-scubadive-duiken-schnuppertauchen-dive-tauchen-maspalomas161.png\" class=\"attachment-large size-large wp-image-1680\" alt=\"\" srcset=\"https:\/\/zeusdivecenter.com\/wp-content\/uploads\/2026\/02\/grancanaria-snorkel-trydive-scubadive-duiken-schnuppertauchen-dive-tauchen-maspalomas161.png 750w, https:\/\/zeusdivecenter.com\/wp-content\/uploads\/2026\/02\/grancanaria-snorkel-trydive-scubadive-duiken-schnuppertauchen-dive-tauchen-maspalomas161-300x226.png 300w, https:\/\/zeusdivecenter.com\/wp-content\/uploads\/2026\/02\/grancanaria-snorkel-trydive-scubadive-duiken-schnuppertauchen-dive-tauchen-maspalomas161-16x12.png 16w, https:\/\/zeusdivecenter.com\/wp-content\/uploads\/2026\/02\/grancanaria-snorkel-trydive-scubadive-duiken-schnuppertauchen-dive-tauchen-maspalomas161-600x451.png 600w\" sizes=\"(max-width: 750px) 100vw, 750px\" \/>\t\t\t\t\t\t\t\t\t\t\t\t\t\t\t<\/div>\n\t\t\t\t<\/div>\n\t\t\t\t\t<\/div>\n\t\t\t\t<\/div>\n\t\t<div class=\"elementor-element elementor-element-278610a e-flex e-con-boxed wpr-particle-no wpr-jarallax-no wpr-parallax-no wpr-sticky-section-no e-con e-parent\" data-id=\"278610a\" data-element_type=\"container\" data-e-type=\"container\">\n\t\t\t\t\t<div class=\"e-con-inner\">\n\t\t<div class=\"elementor-element elementor-element-0cd8a20 e-con-full e-flex wpr-particle-no wpr-jarallax-no wpr-parallax-no wpr-sticky-section-no e-con e-child\" data-id=\"0cd8a20\" data-element_type=\"container\" data-e-type=\"container\">\n\t\t\t\t<div class=\"elementor-element elementor-element-d8e6ff4 elementor-widget elementor-widget-heading\" data-id=\"d8e6ff4\" data-element_type=\"widget\" data-e-type=\"widget\" data-widget_type=\"heading.default\">\n\t\t\t\t\t<h2 class=\"elementor-heading-title elementor-size-default\">\u56fd\u9645\u8ba4\u8bc1\u6f5c\u6c34\u57f9\u8bad\n<\/h2>\t\t\t\t<\/div>\n\t\t\t\t<\/div>\n\t\t<div class=\"elementor-element elementor-element-b093844 e-con-full e-flex wpr-particle-no wpr-jarallax-no wpr-parallax-no wpr-sticky-section-no e-con e-child\" data-id=\"b093844\" data-element_type=\"container\" data-e-type=\"container\">\n\t\t\t\t<div class=\"elementor-element elementor-element-867b5dc elementor-widget elementor-widget-image\" data-id=\"867b5dc\" data-element_type=\"widget\" data-e-type=\"widget\" data-widget_type=\"image.default\">\n\t\t\t\t\t\t\t\t\t\t\t\t\t\t\t\t<a href=\"https:\/\/my.divessi.com\/register\" target=\"_blank\">\n\t\t\t\t\t\t\t<img decoding=\"async\" width=\"540\" height=\"170\" src=\"https:\/\/zeusdivecenter.com\/wp-content\/uploads\/2026\/02\/grancanaria-snorkel-trydive-scubadive-duiken-schnuppertauchen-dive-tauchen-maspalomas162.png\" class=\"attachment-large size-large wp-image-1681\" alt=\"\" srcset=\"https:\/\/zeusdivecenter.com\/wp-content\/uploads\/2026\/02\/grancanaria-snorkel-trydive-scubadive-duiken-schnuppertauchen-dive-tauchen-maspalomas162.png 540w, https:\/\/zeusdivecenter.com\/wp-content\/uploads\/2026\/02\/grancanaria-snorkel-trydive-scubadive-duiken-schnuppertauchen-dive-tauchen-maspalomas162-300x94.png 300w, https:\/\/zeusdivecenter.com\/wp-content\/uploads\/2026\/02\/grancanaria-snorkel-trydive-scubadive-duiken-schnuppertauchen-dive-tauchen-maspalomas162-18x6.png 18w\" sizes=\"(max-width: 540px) 100vw, 540px\" \/>\t\t\t\t\t\t\t\t<\/a>\n\t\t\t\t\t\t\t\t\t\t\t\t\t\t\t<\/div>\n\t\t\t\t<\/div>\n\t\t\t\t\t<\/div>\n\t\t\t\t<\/div>\n\t\t\t\t<\/div>","protected":false},"excerpt":{"rendered":"<p>Precios Descubre nuestras opciones de buceo pensadas tanto para principiantes como para buceadores certificados. Ofrecemos inmersiones guiadas, cursos oficiales y alquiler de equipo con la m\u00e1xima seguridad y profesionalidad. Reservas Online Ver Cursos Precios por buceo 1 Inmersi\u00f3n45\u20ac 2 \u2013 10 Inmersiones35\u20ac M\u00e1s de 12 Inmersiones32,50\u20ac Snorkel69\u20ac Playa del Cabr\u00f3n110\u20ac Experiencia submarina profesional Suplementos Extra de barco20\u20ac Buceo nocturno15\u20ac Fotos de bautizo20\u20ac Opciones flexibles por inmersi\u00f3n Cursos Bautizo85\u20ac Scuba Diverdesde 350\u20ac Open Water Diverdesde 450\u20ac Advanced Open Water Diverdesde 350\u20ac NITROX350\u20ac Stress &#038; Rescuedesde 350\u20ac React Rightdesde 200\u20ac Dive Guidedesde 800\u20ac Formaci\u00f3n certificada internacional Equipo de alquiler Equipo completo20\u20ac Gafas5\u20ac Aletas5\u20ac Escarpines5\u20ac Regulador5\u20ac Chaleco5\u20ac Traje5\u20ac Equipos revisados y certificados Informaci\u00f3n importante IGIC incluido: Todos los precios publicados incluyen el IGIC. Cancelaciones: La empresa se reserva el derecho de cancelar la actividad por motivos organizativos, de seguridad o causas ajenas a su control. El cliente no podr\u00e1 cancelar con menos de 24 horas de antelaci\u00f3n al inicio de la actividad. Da\u00f1os o desgaste de material: El cliente se har\u00e1 responsable del coste de rotura, p\u00e9rdida o desgaste anormal del material ocasionado durante la actividad. Formaci\u00f3n de Buceo Certificada Internacionalmente<\/p>","protected":false},"author":1,"featured_media":0,"parent":0,"menu_order":0,"comment_status":"closed","ping_status":"closed","template":"elementor_header_footer","meta":{"_eb_attr":"","_joinchat":[],"footnotes":""},"class_list":["post-154","page","type-page","status-publish","hentry"],"yoast_head":"<!-- This site is optimized with the Yoast SEO plugin v26.9 - https:\/\/yoast.com\/product\/yoast-seo-wordpress\/ -->\n<title>Precios - Zeus Dive Center<\/title>\n<meta name=\"description\" content=\"Consulta nuestros precios para cursos de buceo SSI\/PADI, inmersiones guiadas y snorkel en Gran Canaria. Actividades seguras y adaptadas a todos los niveles.\" \/>\n<meta name=\"robots\" content=\"index, follow, max-snippet:-1, max-image-preview:large, max-video-preview:-1\" \/>\n<link rel=\"canonical\" href=\"https:\/\/zeusdivecenter.com\/zh\/precios\/\" \/>\n<meta property=\"og:locale\" content=\"zh_CN\" \/>\n<meta property=\"og:type\" content=\"article\" \/>\n<meta property=\"og:title\" content=\"Precios - Zeus Dive Center\" \/>\n<meta property=\"og:description\" content=\"Consulta nuestros precios para cursos de buceo SSI\/PADI, inmersiones guiadas y snorkel en Gran Canaria. Actividades seguras y adaptadas a todos los niveles.\" \/>\n<meta property=\"og:url\" content=\"https:\/\/zeusdivecenter.com\/zh\/precios\/\" \/>\n<meta property=\"og:site_name\" content=\"Zeus Dive Center\" \/>\n<meta property=\"article:modified_time\" content=\"2026-02-21T18:38:09+00:00\" \/>\n<meta property=\"og:image\" content=\"https:\/\/zeusdivecenter.com\/wp-content\/uploads\/2026\/02\/grancanaria-snorkel-trydive-scubadive-duiken-schnuppertauchen-dive-tauchen-maspalomas161.png\" \/>\n<meta name=\"twitter:card\" content=\"summary_large_image\" \/>\n<meta name=\"twitter:label1\" content=\"\u9884\u8ba1\u9605\u8bfb\u65f6\u95f4\" \/>\n\t<meta name=\"twitter:data1\" content=\"3 \u5206\" \/>\n<!-- \/ Yoast SEO plugin. -->","yoast_head_json":{"title":"\u4ef7\u683c - \u5b99\u65af\u6f5c\u6c34\u4e2d\u5fc3","description":"\u67e5\u770b\u6211\u4eec\u5728\u5927\u52a0\u90a3\u5229\u5c9b\u63d0\u4f9b\u7684SSI\/PADI\u6f5c\u6c34\u8bfe\u7a0b\u3001\u5bfc\u6f5c\u548c\u6d6e\u6f5c\u7684\u4ef7\u683c\u3002\u5b89\u5168\u53ef\u9760\u7684\u6d3b\u52a8\uff0c\u9002\u5408\u6240\u6709\u6c34\u5e73\u7684\u6f5c\u6c34\u5458\u3002.","robots":{"index":"index","follow":"follow","max-snippet":"max-snippet:-1","max-image-preview":"max-image-preview:large","max-video-preview":"max-video-preview:-1"},"canonical":"https:\/\/zeusdivecenter.com\/zh\/precios\/","og_locale":"zh_CN","og_type":"article","og_title":"Precios - Zeus Dive Center","og_description":"Consulta nuestros precios para cursos de buceo SSI\/PADI, inmersiones guiadas y snorkel en Gran Canaria. Actividades seguras y adaptadas a todos los niveles.","og_url":"https:\/\/zeusdivecenter.com\/zh\/precios\/","og_site_name":"Zeus Dive Center","article_modified_time":"2026-02-21T18:38:09+00:00","og_image":[{"url":"https:\/\/zeusdivecenter.com\/wp-content\/uploads\/2026\/02\/grancanaria-snorkel-trydive-scubadive-duiken-schnuppertauchen-dive-tauchen-maspalomas161.png","type":"","width":"","height":""}],"twitter_card":"summary_large_image","twitter_misc":{"\u9884\u8ba1\u9605\u8bfb\u65f6\u95f4":"3 \u5206"},"schema":{"@context":"https:\/\/schema.org","@graph":[{"@type":"WebPage","@id":"https:\/\/zeusdivecenter.com\/precios\/","url":"https:\/\/zeusdivecenter.com\/precios\/","name":"\u4ef7\u683c - \u5b99\u65af\u6f5c\u6c34\u4e2d\u5fc3","isPartOf":{"@id":"https:\/\/zeusdivecenter.com\/#website"},"primaryImageOfPage":{"@id":"https:\/\/zeusdivecenter.com\/precios\/#primaryimage"},"image":{"@id":"https:\/\/zeusdivecenter.com\/precios\/#primaryimage"},"thumbnailUrl":"https:\/\/zeusdivecenter.com\/wp-content\/uploads\/2026\/02\/grancanaria-snorkel-trydive-scubadive-duiken-schnuppertauchen-dive-tauchen-maspalomas161.png","datePublished":"2026-02-09T15:07:45+00:00","dateModified":"2026-02-21T18:38:09+00:00","description":"\u67e5\u770b\u6211\u4eec\u5728\u5927\u52a0\u90a3\u5229\u5c9b\u63d0\u4f9b\u7684SSI\/PADI\u6f5c\u6c34\u8bfe\u7a0b\u3001\u5bfc\u6f5c\u548c\u6d6e\u6f5c\u7684\u4ef7\u683c\u3002\u5b89\u5168\u53ef\u9760\u7684\u6d3b\u52a8\uff0c\u9002\u5408\u6240\u6709\u6c34\u5e73\u7684\u6f5c\u6c34\u5458\u3002.","breadcrumb":{"@id":"https:\/\/zeusdivecenter.com\/precios\/#breadcrumb"},"inLanguage":"zh-Hans","potentialAction":[{"@type":"ReadAction","target":["https:\/\/zeusdivecenter.com\/precios\/"]}]},{"@type":"ImageObject","inLanguage":"zh-Hans","@id":"https:\/\/zeusdivecenter.com\/precios\/#primaryimage","url":"https:\/\/zeusdivecenter.com\/wp-content\/uploads\/2026\/02\/grancanaria-snorkel-trydive-scubadive-duiken-schnuppertauchen-dive-tauchen-maspalomas161.png","contentUrl":"https:\/\/zeusdivecenter.com\/wp-content\/uploads\/2026\/02\/grancanaria-snorkel-trydive-scubadive-duiken-schnuppertauchen-dive-tauchen-maspalomas161.png"},{"@type":"BreadcrumbList","@id":"https:\/\/zeusdivecenter.com\/precios\/#breadcrumb","itemListElement":[{"@type":"ListItem","position":1,"name":"Portada","item":"https:\/\/zeusdivecenter.com\/"},{"@type":"ListItem","position":2,"name":"Precios"}]},{"@type":"WebSite","@id":"https:\/\/zeusdivecenter.com\/#website","url":"https:\/\/zeusdivecenter.com\/","name":"\u5b99\u65af\u6f5c\u6c34\u4e2d\u5fc3","description":"","publisher":{"@id":"https:\/\/zeusdivecenter.com\/#organization"},"potentialAction":[{"@type":"SearchAction","target":{"@type":"EntryPoint","urlTemplate":"https:\/\/zeusdivecenter.com\/?s={search_term_string}"},"query-input":{"@type":"PropertyValueSpecification","valueRequired":true,"valueName":"search_term_string"}}],"inLanguage":"zh-Hans"},{"@type":"Organization","@id":"https:\/\/zeusdivecenter.com\/#organization","name":"\u5b99\u65af\u6f5c\u6c34\u4e2d\u5fc3","url":"https:\/\/zeusdivecenter.com\/","logo":{"@type":"ImageObject","inLanguage":"zh-Hans","@id":"https:\/\/zeusdivecenter.com\/#\/schema\/logo\/image\/","url":"https:\/\/zeusdivecenter.com\/wp-content\/uploads\/2026\/02\/grancanaria-snorkel-trydive-scubadive-duiken-schnuppertauchen-dive-tauchen-maspalomas15.png","contentUrl":"https:\/\/zeusdivecenter.com\/wp-content\/uploads\/2026\/02\/grancanaria-snorkel-trydive-scubadive-duiken-schnuppertauchen-dive-tauchen-maspalomas15.png","width":1080,"height":1080,"caption":"Zeus Dive Center"},"image":{"@id":"https:\/\/zeusdivecenter.com\/#\/schema\/logo\/image\/"}}]}},"_hostinger_reach_plugin_has_subscription_block":false,"_hostinger_reach_plugin_is_elementor":false,"_links":{"self":[{"href":"https:\/\/zeusdivecenter.com\/zh\/wp-json\/wp\/v2\/pages\/154","targetHints":{"allow":["GET"]}}],"collection":[{"href":"https:\/\/zeusdivecenter.com\/zh\/wp-json\/wp\/v2\/pages"}],"about":[{"href":"https:\/\/zeusdivecenter.com\/zh\/wp-json\/wp\/v2\/types\/page"}],"author":[{"embeddable":true,"href":"https:\/\/zeusdivecenter.com\/zh\/wp-json\/wp\/v2\/users\/1"}],"replies":[{"embeddable":true,"href":"https:\/\/zeusdivecenter.com\/zh\/wp-json\/wp\/v2\/comments?post=154"}],"version-history":[{"count":35,"href":"https:\/\/zeusdivecenter.com\/zh\/wp-json\/wp\/v2\/pages\/154\/revisions"}],"predecessor-version":[{"id":1684,"href":"https:\/\/zeusdivecenter.com\/zh\/wp-json\/wp\/v2\/pages\/154\/revisions\/1684"}],"wp:attachment":[{"href":"https:\/\/zeusdivecenter.com\/zh\/wp-json\/wp\/v2\/media?parent=154"}],"curies":[{"name":"wp","href":"https:\/\/api.w.org\/{rel}","templated":true}]}}