{"id":2545,"date":"2026-05-06T01:16:36","date_gmt":"2026-05-06T01:16:36","guid":{"rendered":"https:\/\/zeusdivecenter.com\/?post_type=product&#038;p=2545"},"modified":"2026-05-06T10:11:47","modified_gmt":"2026-05-06T10:11:47","slug":"kurs-nurkowania-open-water-ssi-padi-na-teneryfie","status":"publish","type":"product","link":"https:\/\/zeusdivecenter.com\/pl\/kurs-nurkowania-open-water-ssi-padi-na-teneryfie\/","title":{"rendered":"Kurs nurkowania Open Water Diver (SSI \/ PADI) na Teneryfie"},"content":{"rendered":"<div data-elementor-type=\"product-post\" data-elementor-id=\"2545\" class=\"elementor elementor-2545\" data-elementor-post-type=\"product\">\n\t\t\t\t<div class=\"elementor-element elementor-element-7b12f52 e-flex e-con-boxed wpr-particle-no wpr-jarallax-no wpr-parallax-no wpr-sticky-section-no wpr-equal-height-no e-con e-parent\" data-id=\"7b12f52\" data-element_type=\"container\" data-e-type=\"container\">\n\t\t\t\t\t<div class=\"e-con-inner\">\n\t\t<div class=\"elementor-element elementor-element-c2687dc e-con-full e-flex wpr-particle-no wpr-jarallax-no wpr-parallax-no wpr-sticky-section-no wpr-equal-height-no e-con e-child\" data-id=\"c2687dc\" data-element_type=\"container\" data-e-type=\"container\" data-settings=\"{&quot;background_background&quot;:&quot;classic&quot;}\">\n\t\t\t\t<div class=\"elementor-element elementor-element-f9c8cf0 elementor-widget elementor-widget-heading\" data-id=\"f9c8cf0\" data-element_type=\"widget\" data-e-type=\"widget\" data-widget_type=\"heading.default\">\n\t\t\t\t\t<h2 class=\"elementor-heading-title elementor-size-default\">O aktywno\u015bci<\/h2>\t\t\t\t<\/div>\n\t\t\t\t<div class=\"elementor-element elementor-element-f550b3b elementor-widget elementor-widget-text-editor\" data-id=\"f550b3b\" data-element_type=\"widget\" data-e-type=\"widget\" data-widget_type=\"text-editor.default\">\n\t\t\t\t\t\t\t\t\t<p data-start=\"556\" data-end=\"819\">Zdob\u0105d\u017a mi\u0119dzynarodowy certyfikat Open Water Diver na Teneryfie i rozpocznij swoj\u0105 przygod\u0119 w \u015bwiecie nurkowania rekreacyjnego. Ten kurs \u0142\u0105czy teori\u0119, \u0107wiczenia w wodach basenowych oraz nurkowania na wodach otwartych, aby pom\u00f3c Ci rozwin\u0105\u0107 solidne umiej\u0119tno\u015bci i pewno\u015b\u0107 siebie pod wod\u0105.<\/p><p data-start=\"821\" data-end=\"962\">Po uko\u0144czeniu kursu b\u0119dziesz m\u00f3g\u0142 nurkowa\u0107 na g\u0142\u0119boko\u015b\u0107 18 metr\u00f3w w dowolnym miejscu na \u015bwiecie, zawsze w ramach limit\u00f3w przyznanych przez Tw\u00f3j certyfikat.<\/p><p data-start=\"964\" data-end=\"1014\">\ud83c\udf81 W cenie zawarta jest profesjonalna maska do nurkowania.<\/p><p data-start=\"1016\" data-end=\"1111\"><strong data-start=\"1016\" data-end=\"1029\">Czas trwania:<\/strong> 2 dni<br data-start=\"1036\" data-end=\"1039\" \/><strong data-start=\"1039\" data-end=\"1055\">Minimalny wiek:<\/strong> 10 lat<br data-start=\"1063\" data-end=\"1066\" \/><strong data-start=\"1066\" data-end=\"1077\">Cena:<\/strong> 450 \u20ac + dodatki certyfikacyjne<\/p>\t\t\t\t\t\t\t\t<\/div>\n\t\t\t\t<\/div>\n\t\t<div class=\"elementor-element elementor-element-0cd94ee e-con-full e-flex wpr-particle-no wpr-jarallax-no wpr-parallax-no wpr-sticky-section-no wpr-equal-height-no e-con e-child\" data-id=\"0cd94ee\" data-element_type=\"container\" data-e-type=\"container\" data-settings=\"{&quot;background_background&quot;:&quot;classic&quot;}\">\n\t\t\t\t<div class=\"elementor-element elementor-element-76d422d elementor-widget elementor-widget-heading\" data-id=\"76d422d\" data-element_type=\"widget\" data-e-type=\"widget\" data-widget_type=\"heading.default\">\n\t\t\t\t\t<h2 class=\"elementor-heading-title elementor-size-default\">Co zrobisz?<\/h2>\t\t\t\t<\/div>\n\t\t\t\t<div class=\"elementor-element elementor-element-bfde0c1 elementor-widget elementor-widget-text-editor\" data-id=\"bfde0c1\" data-element_type=\"widget\" data-e-type=\"widget\" data-widget_type=\"text-editor.default\">\n\t\t\t\t\t\t\t\t\tNauczysz si\u0119 podstawowych zasad nurkowania, prawid\u0142owego korzystania ze sprz\u0119tu, bezpiecznego planowania nurkowa\u0144 oraz stosowania podstawowych technik bezpiecze\u0144stwa. B\u0119dziesz r\u00f3wnie\u017c przeprowadza\u0107 nurkowania na wodach otwartych z certyfikowanymi instruktorami, stopniowo buduj\u0105c swoj\u0105 pewno\u015b\u0107 siebie pod wod\u0105.\t\t\t\t\t\t\t\t<\/div>\n\t\t\t\t<div class=\"elementor-element elementor-element-d31fcb6 elementor-widget elementor-widget-heading\" data-id=\"d31fcb6\" data-element_type=\"widget\" data-e-type=\"widget\" data-widget_type=\"heading.default\">\n\t\t\t\t\t<h2 class=\"elementor-heading-title elementor-size-default\">Nieodpowiednie dla:\n<\/h2>\t\t\t\t<\/div>\n\t\t\t\t<div class=\"elementor-element elementor-element-240118d elementor-widget elementor-widget-text-editor\" data-id=\"240118d\" data-element_type=\"widget\" data-e-type=\"widget\" data-widget_type=\"text-editor.default\">\n\t\t\t\t\t\t\t\t\tDzieci poni\u017cej 10 roku \u017cycia, kobiety w ci\u0105\u017cy, osoby z problemami z kr\u0119gos\u0142upem, sercem lub uk\u0142adem oddechowym, cierpi\u0105ce na epilepsj\u0119, osoby przezi\u0119bione, chore na hemofili\u0119, osoby z wcze\u015bniej istniej\u0105cymi schorzeniami lub niedawno przebyte operacje (w ci\u0105gu ostatnich 12 miesi\u0119cy).\t\t\t\t\t\t\t\t<\/div>\n\t\t\t\t<\/div>\n\t\t\t\t\t<\/div>\n\t\t\t\t<\/div>\n\t\t<div class=\"elementor-element elementor-element-d7f95d4 e-flex e-con-boxed wpr-particle-no wpr-jarallax-no wpr-parallax-no wpr-sticky-section-no wpr-equal-height-no e-con e-parent\" data-id=\"d7f95d4\" data-element_type=\"container\" data-e-type=\"container\">\n\t\t\t\t\t<div class=\"e-con-inner\">\n\t\t\t\t<div class=\"elementor-element elementor-element-e8d2eb6 gallery-spacing-custom elementor-widget elementor-widget-image-gallery\" data-id=\"e8d2eb6\" data-element_type=\"widget\" data-e-type=\"widget\" data-widget_type=\"image-gallery.default\">\n\t\t\t\t\t\t\t<div class=\"elementor-image-gallery\">\n\t\t\t<div id='gallery-1' class='gallery galleryid-2545 gallery-columns-3 gallery-size-woocommerce_thumbnail'><figure class='gallery-item'>\n\t\t\t<div class='gallery-icon landscape'>\n\t\t\t\t<a data-elementor-open-lightbox=\"yes\" data-elementor-lightbox-slideshow=\"e8d2eb6\" data-elementor-lightbox-title=\"tenerife-snorkel-abades-trydive-scubadive-duiken-schnuppertauchen-dive-tauchen-tenerife200\" data-e-action-hash=\"#elementor-action%3Aaction%3Dlightbox%26settings%3DeyJpZCI6MjU1MSwidXJsIjoiaHR0cHM6XC9cL3pldXNkaXZlY2VudGVyLmNvbVwvd3AtY29udGVudFwvdXBsb2Fkc1wvMjAyNlwvMDVcL3RlbmVyaWZlLXNub3JrZWwtYWJhZGVzLXRyeWRpdmUtc2N1YmFkaXZlLWR1aWtlbi1zY2hudXBwZXJ0YXVjaGVuLWRpdmUtdGF1Y2hlbi10ZW5lcmlmZTIwMC5qcGciLCJzbGlkZXNob3ciOiJlOGQyZWI2In0%3D\" href='https:\/\/zeusdivecenter.com\/wp-content\/uploads\/2026\/05\/tenerife-snorkel-abades-trydive-scubadive-duiken-schnuppertauchen-dive-tauchen-tenerife200.jpg'><img fetchpriority=\"high\" decoding=\"async\" width=\"300\" height=\"300\" src=\"https:\/\/zeusdivecenter.com\/wp-content\/uploads\/2026\/05\/tenerife-snorkel-abades-trydive-scubadive-duiken-schnuppertauchen-dive-tauchen-tenerife200-300x300.jpg\" class=\"attachment-woocommerce_thumbnail size-woocommerce_thumbnail\" alt=\"\" srcset=\"https:\/\/zeusdivecenter.com\/wp-content\/uploads\/2026\/05\/tenerife-snorkel-abades-trydive-scubadive-duiken-schnuppertauchen-dive-tauchen-tenerife200-300x300.jpg 300w, https:\/\/zeusdivecenter.com\/wp-content\/uploads\/2026\/05\/tenerife-snorkel-abades-trydive-scubadive-duiken-schnuppertauchen-dive-tauchen-tenerife200-150x150.jpg 150w, https:\/\/zeusdivecenter.com\/wp-content\/uploads\/2026\/05\/tenerife-snorkel-abades-trydive-scubadive-duiken-schnuppertauchen-dive-tauchen-tenerife200-100x100.jpg 100w\" sizes=\"(max-width: 300px) 100vw, 300px\" \/><\/a>\n\t\t\t<\/div><\/figure><figure class='gallery-item'>\n\t\t\t<div class='gallery-icon landscape'>\n\t\t\t\t<a data-elementor-open-lightbox=\"yes\" data-elementor-lightbox-slideshow=\"e8d2eb6\" data-elementor-lightbox-title=\"tenerife-snorkel-abades-trydive-scubadive-duiken-schnuppertauchen-dive-tauchen-tenerife201\" data-e-action-hash=\"#elementor-action%3Aaction%3Dlightbox%26settings%3DeyJpZCI6MjU1MiwidXJsIjoiaHR0cHM6XC9cL3pldXNkaXZlY2VudGVyLmNvbVwvd3AtY29udGVudFwvdXBsb2Fkc1wvMjAyNlwvMDVcL3RlbmVyaWZlLXNub3JrZWwtYWJhZGVzLXRyeWRpdmUtc2N1YmFkaXZlLWR1aWtlbi1zY2hudXBwZXJ0YXVjaGVuLWRpdmUtdGF1Y2hlbi10ZW5lcmlmZTIwMS5wbmciLCJzbGlkZXNob3ciOiJlOGQyZWI2In0%3D\" href='https:\/\/zeusdivecenter.com\/wp-content\/uploads\/2026\/05\/tenerife-snorkel-abades-trydive-scubadive-duiken-schnuppertauchen-dive-tauchen-tenerife201.png'><img decoding=\"async\" width=\"300\" height=\"300\" src=\"https:\/\/zeusdivecenter.com\/wp-content\/uploads\/2026\/05\/tenerife-snorkel-abades-trydive-scubadive-duiken-schnuppertauchen-dive-tauchen-tenerife201-300x300.png\" class=\"attachment-woocommerce_thumbnail size-woocommerce_thumbnail\" alt=\"\" srcset=\"https:\/\/zeusdivecenter.com\/wp-content\/uploads\/2026\/05\/tenerife-snorkel-abades-trydive-scubadive-duiken-schnuppertauchen-dive-tauchen-tenerife201-300x300.png 300w, https:\/\/zeusdivecenter.com\/wp-content\/uploads\/2026\/05\/tenerife-snorkel-abades-trydive-scubadive-duiken-schnuppertauchen-dive-tauchen-tenerife201-150x150.png 150w, https:\/\/zeusdivecenter.com\/wp-content\/uploads\/2026\/05\/tenerife-snorkel-abades-trydive-scubadive-duiken-schnuppertauchen-dive-tauchen-tenerife201-100x100.png 100w\" sizes=\"(max-width: 300px) 100vw, 300px\" \/><\/a>\n\t\t\t<\/div><\/figure><figure class='gallery-item'>\n\t\t\t<div class='gallery-icon landscape'>\n\t\t\t\t<a data-elementor-open-lightbox=\"yes\" data-elementor-lightbox-slideshow=\"e8d2eb6\" data-elementor-lightbox-title=\"tenerife-snorkel-abades-trydive-scubadive-duiken-schnuppertauchen-dive-tauchen-tenerife199\" data-e-action-hash=\"#elementor-action%3Aaction%3Dlightbox%26settings%3DeyJpZCI6MjU1MywidXJsIjoiaHR0cHM6XC9cL3pldXNkaXZlY2VudGVyLmNvbVwvd3AtY29udGVudFwvdXBsb2Fkc1wvMjAyNlwvMDVcL3RlbmVyaWZlLXNub3JrZWwtYWJhZGVzLXRyeWRpdmUtc2N1YmFkaXZlLWR1aWtlbi1zY2hudXBwZXJ0YXVjaGVuLWRpdmUtdGF1Y2hlbi10ZW5lcmlmZTE5OS0xLnBuZyIsInNsaWRlc2hvdyI6ImU4ZDJlYjYifQ%3D%3D\" href='https:\/\/zeusdivecenter.com\/wp-content\/uploads\/2026\/05\/tenerife-snorkel-abades-trydive-scubadive-duiken-schnuppertauchen-dive-tauchen-tenerife199-1.png'><img decoding=\"async\" width=\"300\" height=\"300\" src=\"https:\/\/zeusdivecenter.com\/wp-content\/uploads\/2026\/05\/tenerife-snorkel-abades-trydive-scubadive-duiken-schnuppertauchen-dive-tauchen-tenerife199-1-300x300.png\" class=\"attachment-woocommerce_thumbnail size-woocommerce_thumbnail\" alt=\"\" srcset=\"https:\/\/zeusdivecenter.com\/wp-content\/uploads\/2026\/05\/tenerife-snorkel-abades-trydive-scubadive-duiken-schnuppertauchen-dive-tauchen-tenerife199-1-300x300.png 300w, https:\/\/zeusdivecenter.com\/wp-content\/uploads\/2026\/05\/tenerife-snorkel-abades-trydive-scubadive-duiken-schnuppertauchen-dive-tauchen-tenerife199-1-150x150.png 150w, https:\/\/zeusdivecenter.com\/wp-content\/uploads\/2026\/05\/tenerife-snorkel-abades-trydive-scubadive-duiken-schnuppertauchen-dive-tauchen-tenerife199-1-100x100.png 100w\" sizes=\"(max-width: 300px) 100vw, 300px\" \/><\/a>\n\t\t\t<\/div><\/figure>\n\t\t<\/div>\n\t\t<\/div>\n\t\t\t\t\t\t<\/div>\n\t\t\t\t\t<\/div>\n\t\t\t\t<\/div>\n\t\t<div class=\"elementor-element elementor-element-a1bc650 e-flex e-con-boxed wpr-particle-no wpr-jarallax-no wpr-parallax-no wpr-sticky-section-no wpr-equal-height-no e-con e-parent\" data-id=\"a1bc650\" data-element_type=\"container\" data-e-type=\"container\">\n\t\t\t\t\t<div class=\"e-con-inner\">\n\t\t\t\t<div class=\"elementor-element elementor-element-fe974fa elementor-widget elementor-widget-shortcode\" data-id=\"fe974fa\" data-element_type=\"widget\" data-e-type=\"widget\" data-widget_type=\"shortcode.default\">\n\t\t\t\t\t\t\t<div class=\"elementor-shortcode\">    \n    <div class=\"load-turitop\"\n         data-service=\"P15\"\n         data-lang=\"pl\"\n         data-embed=\"box\">\n    <\/div>\n\n    <script>\n    if (typeof loadTuritop === \"function\") {\n        loadTuritop();\n    }\n    <\/script>\n\n    <\/div>\n\t\t\t\t\t\t<\/div>\n\t\t\t\t\t<\/div>\n\t\t\t\t<\/div>\n\t\t\t\t<\/div>","protected":false},"excerpt":{"rendered":"<p>Zdob\u0105d\u017a certyfikat Open Water Diver (SSI\/PADI) na Teneryfie w 2 dni, z teori\u0105, zaj\u0119ciami praktycznymi i nurkowaniami na wodach otwartych. W cenie darmowa maska do nurkowania. Wiek: od 10 lat.<\/p>","protected":false},"featured_media":2546,"comment_status":"open","ping_status":"closed","template":"","meta":{"_eb_attr":"","_joinchat":{"message_send":"Hola, buenas. Quiero m\u00e1s informaci\u00f3n acerca del curso {PRODUCT}","view":"no"}},"product_brand":[],"product_cat":[133,130],"product_tag":[],"mwb_booking_cost":[],"mwb_booking_service":[],"class_list":{"0":"post-2545","1":"product","2":"type-product","3":"status-publish","4":"has-post-thumbnail","6":"product_cat-booking","7":"product_cat-sin-categorizar","9":"first","10":"instock","11":"virtual","12":"purchasable","13":"product-type-mwb_booking"},"yoast_head":"<!-- This site is optimized with the Yoast SEO plugin v27.4 - https:\/\/yoast.com\/product\/yoast-seo-wordpress\/ -->\n<title>Curso Open Water Diver en Gran Canaria \u2013 Certif\u00edcate SSI o PADI<\/title>\n<meta name=\"description\" content=\"Aprende a bucear con el curso Open Water Diver en Gran Canaria. Certificaci\u00f3n SSI o PADI con instructores profesionales. Reserva ahora online.\" \/>\n<meta name=\"robots\" content=\"index, follow, max-snippet:-1, max-image-preview:large, max-video-preview:-1\" \/>\n<link rel=\"canonical\" href=\"https:\/\/zeusdivecenter.com\/pl\/kurs-nurkowania-open-water-ssi-padi-na-teneryfie\/\" \/>\n<meta property=\"og:locale\" content=\"pl_PL\" \/>\n<meta property=\"og:type\" content=\"article\" \/>\n<meta property=\"og:title\" content=\"Curso Open Water Diver en Gran Canaria \u2013 Certif\u00edcate SSI o PADI\" \/>\n<meta property=\"og:description\" content=\"Aprende a bucear con el curso Open Water Diver en Gran Canaria. Certificaci\u00f3n SSI o PADI con instructores profesionales. Reserva ahora online.\" \/>\n<meta property=\"og:url\" content=\"https:\/\/zeusdivecenter.com\/pl\/kurs-nurkowania-open-water-ssi-padi-na-teneryfie\/\" \/>\n<meta property=\"og:site_name\" content=\"Zeus Dive Center\" \/>\n<meta property=\"article:modified_time\" content=\"2026-05-06T10:11:47+00:00\" \/>\n<meta property=\"og:image\" content=\"https:\/\/zeusdivecenter.com\/wp-content\/uploads\/2026\/05\/tenerife-snorkel-abades-trydive-scubadive-duiken-schnuppertauchen-dive-tauchen-tenerife199.png\" \/>\n\t<meta property=\"og:image:width\" content=\"1280\" \/>\n\t<meta property=\"og:image:height\" content=\"853\" \/>\n\t<meta property=\"og:image:type\" content=\"image\/png\" \/>\n<meta name=\"twitter:card\" content=\"summary_large_image\" \/>\n<!-- \/ Yoast SEO plugin. -->","yoast_head_json":{"title":"Kurs nurkowania Open Water Diver na Gran Canarii \u2013 uzyskaj certyfikat SSI lub PADI","description":"Naucz si\u0119 nurkowa\u0107 z kursem Open Water Diver na Gran Canarii. Certyfikat SSI lub PADI z profesjonalnymi instruktorami. Zarezerwuj online ju\u017c teraz.","robots":{"index":"index","follow":"follow","max-snippet":"max-snippet:-1","max-image-preview":"max-image-preview:large","max-video-preview":"max-video-preview:-1"},"canonical":"https:\/\/zeusdivecenter.com\/pl\/kurs-nurkowania-open-water-ssi-padi-na-teneryfie\/","og_locale":"pl_PL","og_type":"article","og_title":"Curso Open Water Diver en Gran Canaria \u2013 Certif\u00edcate SSI o PADI","og_description":"Aprende a bucear con el curso Open Water Diver en Gran Canaria. Certificaci\u00f3n SSI o PADI con instructores profesionales. Reserva ahora online.","og_url":"https:\/\/zeusdivecenter.com\/pl\/kurs-nurkowania-open-water-ssi-padi-na-teneryfie\/","og_site_name":"Zeus Dive Center","article_modified_time":"2026-05-06T10:11:47+00:00","og_image":[{"width":1280,"height":853,"url":"https:\/\/zeusdivecenter.com\/wp-content\/uploads\/2026\/05\/tenerife-snorkel-abades-trydive-scubadive-duiken-schnuppertauchen-dive-tauchen-tenerife199.png","type":"image\/png"}],"twitter_card":"summary_large_image","schema":{"@context":"https:\/\/schema.org","@graph":[{"@type":"WebPage","@id":"https:\/\/zeusdivecenter.com\/curso-open-water-diver-ssi-padi-en-tenerife\/","url":"https:\/\/zeusdivecenter.com\/curso-open-water-diver-ssi-padi-en-tenerife\/","name":"Kurs nurkowania Open Water Diver na Gran Canarii \u2013 uzyskaj certyfikat SSI lub PADI","isPartOf":{"@id":"https:\/\/zeusdivecenter.com\/#website"},"primaryImageOfPage":{"@id":"https:\/\/zeusdivecenter.com\/curso-open-water-diver-ssi-padi-en-tenerife\/#primaryimage"},"image":{"@id":"https:\/\/zeusdivecenter.com\/curso-open-water-diver-ssi-padi-en-tenerife\/#primaryimage"},"thumbnailUrl":"https:\/\/zeusdivecenter.com\/wp-content\/uploads\/2026\/05\/tenerife-snorkel-abades-trydive-scubadive-duiken-schnuppertauchen-dive-tauchen-tenerife199.png","datePublished":"2026-05-06T01:16:36+00:00","dateModified":"2026-05-06T10:11:47+00:00","description":"Naucz si\u0119 nurkowa\u0107 z kursem Open Water Diver na Gran Canarii. Certyfikat SSI lub PADI z profesjonalnymi instruktorami. Zarezerwuj online ju\u017c teraz.","breadcrumb":{"@id":"https:\/\/zeusdivecenter.com\/curso-open-water-diver-ssi-padi-en-tenerife\/#breadcrumb"},"inLanguage":"pl-PL","potentialAction":[{"@type":"ReadAction","target":["https:\/\/zeusdivecenter.com\/curso-open-water-diver-ssi-padi-en-tenerife\/"]}]},{"@type":"ImageObject","inLanguage":"pl-PL","@id":"https:\/\/zeusdivecenter.com\/curso-open-water-diver-ssi-padi-en-tenerife\/#primaryimage","url":"https:\/\/zeusdivecenter.com\/wp-content\/uploads\/2026\/05\/tenerife-snorkel-abades-trydive-scubadive-duiken-schnuppertauchen-dive-tauchen-tenerife199.png","contentUrl":"https:\/\/zeusdivecenter.com\/wp-content\/uploads\/2026\/05\/tenerife-snorkel-abades-trydive-scubadive-duiken-schnuppertauchen-dive-tauchen-tenerife199.png","width":1280,"height":853},{"@type":"BreadcrumbList","@id":"https:\/\/zeusdivecenter.com\/curso-open-water-diver-ssi-padi-en-tenerife\/#breadcrumb","itemListElement":[{"@type":"ListItem","position":1,"name":"Portada","item":"https:\/\/zeusdivecenter.com\/"},{"@type":"ListItem","position":2,"name":"Productos","item":"https:\/\/zeusdivecenter.com\/shop\/"},{"@type":"ListItem","position":3,"name":"Curso Open Water Diver (SSI \/ PADI) en Tenerife"}]},{"@type":"WebSite","@id":"https:\/\/zeusdivecenter.com\/#website","url":"https:\/\/zeusdivecenter.com\/","name":"Centrum nurkowe Zeus","description":"","publisher":{"@id":"https:\/\/zeusdivecenter.com\/#organization"},"potentialAction":[{"@type":"SearchAction","target":{"@type":"EntryPoint","urlTemplate":"https:\/\/zeusdivecenter.com\/?s={search_term_string}"},"query-input":{"@type":"PropertyValueSpecification","valueRequired":true,"valueName":"search_term_string"}}],"inLanguage":"pl-PL"},{"@type":"Organization","@id":"https:\/\/zeusdivecenter.com\/#organization","name":"Centrum nurkowe Zeus","url":"https:\/\/zeusdivecenter.com\/","logo":{"@type":"ImageObject","inLanguage":"pl-PL","@id":"https:\/\/zeusdivecenter.com\/#\/schema\/logo\/image\/","url":"https:\/\/zeusdivecenter.com\/wp-content\/uploads\/2026\/02\/grancanaria-snorkel-trydive-scubadive-duiken-schnuppertauchen-dive-tauchen-maspalomas15.png","contentUrl":"https:\/\/zeusdivecenter.com\/wp-content\/uploads\/2026\/02\/grancanaria-snorkel-trydive-scubadive-duiken-schnuppertauchen-dive-tauchen-maspalomas15.png","width":1080,"height":1080,"caption":"Zeus Dive Center"},"image":{"@id":"https:\/\/zeusdivecenter.com\/#\/schema\/logo\/image\/"}}]}},"_links":{"self":[{"href":"https:\/\/zeusdivecenter.com\/pl\/wp-json\/wp\/v2\/product\/2545","targetHints":{"allow":["GET"]}}],"collection":[{"href":"https:\/\/zeusdivecenter.com\/pl\/wp-json\/wp\/v2\/product"}],"about":[{"href":"https:\/\/zeusdivecenter.com\/pl\/wp-json\/wp\/v2\/types\/product"}],"replies":[{"embeddable":true,"href":"https:\/\/zeusdivecenter.com\/pl\/wp-json\/wp\/v2\/comments?post=2545"}],"version-history":[{"count":10,"href":"https:\/\/zeusdivecenter.com\/pl\/wp-json\/wp\/v2\/product\/2545\/revisions"}],"predecessor-version":[{"id":2715,"href":"https:\/\/zeusdivecenter.com\/pl\/wp-json\/wp\/v2\/product\/2545\/revisions\/2715"}],"wp:featuredmedia":[{"embeddable":true,"href":"https:\/\/zeusdivecenter.com\/pl\/wp-json\/wp\/v2\/media\/2546"}],"wp:attachment":[{"href":"https:\/\/zeusdivecenter.com\/pl\/wp-json\/wp\/v2\/media?parent=2545"}],"wp:term":[{"taxonomy":"product_brand","embeddable":true,"href":"https:\/\/zeusdivecenter.com\/pl\/wp-json\/wp\/v2\/product_brand?post=2545"},{"taxonomy":"product_cat","embeddable":true,"href":"https:\/\/zeusdivecenter.com\/pl\/wp-json\/wp\/v2\/product_cat?post=2545"},{"taxonomy":"product_tag","embeddable":true,"href":"https:\/\/zeusdivecenter.com\/pl\/wp-json\/wp\/v2\/product_tag?post=2545"},{"taxonomy":"mwb_booking_cost","embeddable":true,"href":"https:\/\/zeusdivecenter.com\/pl\/wp-json\/wp\/v2\/mwb_booking_cost?post=2545"},{"taxonomy":"mwb_booking_service","embeddable":true,"href":"https:\/\/zeusdivecenter.com\/pl\/wp-json\/wp\/v2\/mwb_booking_service?post=2545"}],"curies":[{"name":"wp","href":"https:\/\/api.w.org\/{rel}","templated":true}]}}