{"id":1034,"date":"2026-02-11T00:12:39","date_gmt":"2026-02-11T00:12:39","guid":{"rendered":"https:\/\/webdebuceo.websmwinner.com\/?post_type=product&#038;p=1034"},"modified":"2026-04-27T11:56:14","modified_gmt":"2026-04-27T11:56:14","slug":"zarezerwuj-wyprawy-nurkowe-na-gran-canarii-dla-certyfikowanych-nurkow","status":"publish","type":"product","link":"https:\/\/zeusdivecenter.com\/pl\/zarezerwuj-wyprawy-nurkowe-na-gran-canarii-dla-certyfikowanych-nurkow\/","title":{"rendered":"Nurkowanie na Gran Canarii dla certyfikowanych nurk\u00f3w"},"content":{"rendered":"<div data-elementor-type=\"product-post\" data-elementor-id=\"1034\" class=\"elementor elementor-1034\" data-elementor-post-type=\"product\">\n\t\t\t\t<div class=\"elementor-element elementor-element-7b12f52 e-flex e-con-boxed wpr-particle-no wpr-jarallax-no wpr-parallax-no wpr-sticky-section-no wpr-equal-height-no e-con e-parent\" data-id=\"7b12f52\" data-element_type=\"container\" data-e-type=\"container\">\n\t\t\t\t\t<div class=\"e-con-inner\">\n\t\t<div class=\"elementor-element elementor-element-c2687dc e-con-full e-flex wpr-particle-no wpr-jarallax-no wpr-parallax-no wpr-sticky-section-no wpr-equal-height-no e-con e-child\" data-id=\"c2687dc\" data-element_type=\"container\" data-e-type=\"container\" data-settings=\"{&quot;background_background&quot;:&quot;classic&quot;}\">\n\t\t\t\t<div class=\"elementor-element elementor-element-f9c8cf0 elementor-widget elementor-widget-heading\" data-id=\"f9c8cf0\" data-element_type=\"widget\" data-e-type=\"widget\" data-widget_type=\"heading.default\">\n\t\t\t\t\t<h2 class=\"elementor-heading-title elementor-size-default\">O aktywno\u015bci<\/h2>\t\t\t\t<\/div>\n\t\t\t\t<div class=\"elementor-element elementor-element-f550b3b elementor-widget elementor-widget-text-editor\" data-id=\"f550b3b\" data-element_type=\"widget\" data-e-type=\"widget\" data-widget_type=\"text-editor.default\">\n\t\t\t\t\t\t\t\t\t<p>Odkryj osza\u0142amiaj\u0105cy podwodny krajobraz Gran Canarii. Zachwy\u0107 si\u0119 r\u00f3\u017cnorodno\u015bci\u0105 ryb i zobacz je z bliska w krystalicznie czystej wodzie.<\/p><p>Na wyspie znajduje si\u0119 ponad 15 miejsc nurkowych dla wszystkich poziom\u00f3w zaawansowania, obejmuj\u0105cych po\u0142udnie, wsch\u00f3d, zach\u00f3d i p\u00f3\u0142nocny zach\u00f3d. Wraki, nurkowania nocne, jaskinie, nurkowania z \u0142odzi, \u0142atwe nurkowania, a nawet bardziej wymagaj\u0105ce \u2013 wszystko jest mo\u017cliwe. Dbamy o to, aby nasze grupy by\u0142y ma\u0142e, aby zapewni\u0107 bezpiecze\u0144stwo.<\/p><p>Mo\u017cesz zabra\u0107 ze sob\u0105 w\u0142asny sprz\u0119t, ale oferujemy r\u00f3wnie\u017c wypo\u017cyczalni\u0119 sprz\u0119tu Aqualung\/Apeks. Nasz sprz\u0119t obejmuje komputer nurkowy, urz\u0105dzenie do samoczynnego pomiaru masy (SMB) oraz n\u00f3\u017c, poniewa\u017c s\u0105 one obowi\u0105zkowe.<\/p><p>W\u015br\u00f3d licznych atrakcji, kt\u00f3re zobaczysz, znajduj\u0105 si\u0119 formacje skalne wulkaniczne, czerwone gorgonie, kolorowe ukwia\u0142y, p\u0142aszczki, koniki morskie, m\u0105twy, o\u015bmiornice, wszelkiego rodzaju ryby, a mo\u017ce nawet rekiny anio\u0142y. Ka\u017cde miejsce nurkowe jest inne, a wszystkie nurkowania zale\u017c\u0105 od warunk\u00f3w pogodowych i do\u015bwiadczenia nurk\u00f3w. Nurkowania z \u0142odzi rozpoczynaj\u0105 si\u0119 na po\u0142udniowym i zachodnim wybrze\u017cu; mo\u017cna tam znale\u017a\u0107 wraki statk\u00f3w, a tak\u017ce odwiedzi\u0107 Atlantis Park.<\/p>\t\t\t\t\t\t\t\t<\/div>\n\t\t\t\t<\/div>\n\t\t<div class=\"elementor-element elementor-element-0cd94ee e-con-full e-flex wpr-particle-no wpr-jarallax-no wpr-parallax-no wpr-sticky-section-no wpr-equal-height-no e-con e-child\" data-id=\"0cd94ee\" data-element_type=\"container\" data-e-type=\"container\" data-settings=\"{&quot;background_background&quot;:&quot;classic&quot;}\">\n\t\t\t\t<div class=\"elementor-element elementor-element-76d422d elementor-widget elementor-widget-heading\" data-id=\"76d422d\" data-element_type=\"widget\" data-e-type=\"widget\" data-widget_type=\"heading.default\">\n\t\t\t\t\t<h2 class=\"elementor-heading-title elementor-size-default\">Co zrobisz?<\/h2>\t\t\t\t<\/div>\n\t\t\t\t<div class=\"elementor-element elementor-element-216dc86 elementor-icon-list--layout-traditional elementor-list-item-link-full_width elementor-widget elementor-widget-icon-list\" data-id=\"216dc86\" data-element_type=\"widget\" data-e-type=\"widget\" data-widget_type=\"icon-list.default\">\n\t\t\t\t\t\t\t<ul class=\"elementor-icon-list-items\">\n\t\t\t\t\t\t\t<li class=\"elementor-icon-list-item\">\n\t\t\t\t\t\t\t\t\t\t\t<span class=\"elementor-icon-list-icon\">\n\t\t\t\t\t\t\t<i aria-hidden=\"true\" class=\"icon_check_alt\"><\/i>\t\t\t\t\t\t<\/span>\n\t\t\t\t\t\t\t\t\t\t<span class=\"elementor-icon-list-text\">Odkryj wraki statk\u00f3w, rafy i kana\u0142y p\u0142ywackie \u2013 zawsze pod okiem instruktora.<\/span>\n\t\t\t\t\t\t\t\t\t<\/li>\n\t\t\t\t\t\t\t\t<li class=\"elementor-icon-list-item\">\n\t\t\t\t\t\t\t\t\t\t\t<span class=\"elementor-icon-list-icon\">\n\t\t\t\t\t\t\t<i aria-hidden=\"true\" class=\"icon_check_alt\"><\/i>\t\t\t\t\t\t<\/span>\n\t\t\t\t\t\t\t\t\t\t<span class=\"elementor-icon-list-text\">Nurkuj bezpiecznie, nasi instruktorzy s\u0105 bardzo do\u015bwiadczeni.<\/span>\n\t\t\t\t\t\t\t\t\t<\/li>\n\t\t\t\t\t\t\t\t<li class=\"elementor-icon-list-item\">\n\t\t\t\t\t\t\t\t\t\t\t<span class=\"elementor-icon-list-icon\">\n\t\t\t\t\t\t\t<i aria-hidden=\"true\" class=\"icon_check_alt\"><\/i>\t\t\t\t\t\t<\/span>\n\t\t\t\t\t\t\t\t\t\t<span class=\"elementor-icon-list-text\">Przeprowadzaj nurkowania w ma\u0142ych grupach.<\/span>\n\t\t\t\t\t\t\t\t\t<\/li>\n\t\t\t\t\t\t\t\t<li class=\"elementor-icon-list-item\">\n\t\t\t\t\t\t\t\t\t\t\t<span class=\"elementor-icon-list-icon\">\n\t\t\t\t\t\t\t<i aria-hidden=\"true\" class=\"icon_check_alt\"><\/i>\t\t\t\t\t\t<\/span>\n\t\t\t\t\t\t\t\t\t\t<span class=\"elementor-icon-list-text\">Odkryj formacje skalne pochodzenia wulkanicznego i inne pi\u0119kne podwodne krajobrazy.<\/span>\n\t\t\t\t\t\t\t\t\t<\/li>\n\t\t\t\t\t\t\t\t<li class=\"elementor-icon-list-item\">\n\t\t\t\t\t\t\t\t\t\t\t<span class=\"elementor-icon-list-icon\">\n\t\t\t\t\t\t\t<i aria-hidden=\"true\" class=\"icon_check_alt\"><\/i>\t\t\t\t\t\t<\/span>\n\t\t\t\t\t\t\t\t\t\t<span class=\"elementor-icon-list-text\">Szukaj du\u017cych \u0142awic ryb, konik\u00f3w morskich, p\u0142aszczek i rekin\u00f3w anio\u0142\u00f3w.<\/span>\n\t\t\t\t\t\t\t\t\t<\/li>\n\t\t\t\t\t\t<\/ul>\n\t\t\t\t\t\t<\/div>\n\t\t\t\t<div class=\"elementor-element elementor-element-2a7270a elementor-widget elementor-widget-heading\" data-id=\"2a7270a\" data-element_type=\"widget\" data-e-type=\"widget\" data-widget_type=\"heading.default\">\n\t\t\t\t\t<h2 class=\"elementor-heading-title elementor-size-default\">No apto para:<\/h2>\t\t\t\t<\/div>\n\t\t\t\t<div class=\"elementor-element elementor-element-a3ea5b8 elementor-icon-list--layout-traditional elementor-list-item-link-full_width elementor-widget elementor-widget-icon-list\" data-id=\"a3ea5b8\" data-element_type=\"widget\" data-e-type=\"widget\" data-widget_type=\"icon-list.default\">\n\t\t\t\t\t\t\t<ul class=\"elementor-icon-list-items\">\n\t\t\t\t\t\t\t<li class=\"elementor-icon-list-item\">\n\t\t\t\t\t\t\t\t\t\t<span class=\"elementor-icon-list-text\">Menores de 12 a\u00f1os, embarazadas, personas con problemas de espalda, card\u00edacos, respiratorios o epilepsia, personas resfriadas, sin experiencia, con hemofilia, afecciones m\u00e9dicas preexistentes u operaciones en los \u00faltimos 12 meses.<\/span>\n\t\t\t\t\t\t\t\t\t<\/li>\n\t\t\t\t\t\t<\/ul>\n\t\t\t\t\t\t<\/div>\n\t\t\t\t<\/div>\n\t\t\t\t\t<\/div>\n\t\t\t\t<\/div>\n\t\t<div class=\"elementor-element elementor-element-d7f95d4 e-flex e-con-boxed wpr-particle-no wpr-jarallax-no wpr-parallax-no wpr-sticky-section-no wpr-equal-height-no e-con e-parent\" data-id=\"d7f95d4\" data-element_type=\"container\" data-e-type=\"container\">\n\t\t\t\t\t<div class=\"e-con-inner\">\n\t\t\t\t<div class=\"elementor-element elementor-element-e8d2eb6 gallery-spacing-custom elementor-widget elementor-widget-image-gallery\" data-id=\"e8d2eb6\" data-element_type=\"widget\" data-e-type=\"widget\" data-widget_type=\"image-gallery.default\">\n\t\t\t\t\t\t\t<div class=\"elementor-image-gallery\">\n\t\t\t<div id='gallery-1' class='gallery galleryid-1034 gallery-columns-4 gallery-size-woocommerce_thumbnail'><figure class='gallery-item'>\n\t\t\t<div class='gallery-icon landscape'>\n\t\t\t\t<a data-elementor-open-lightbox=\"yes\" data-elementor-lightbox-slideshow=\"e8d2eb6\" data-elementor-lightbox-title=\"grancanaria-snorkel-trydive-scubadive-duiken-schnuppertauchen-dive-tauchen-maspalomas190\" data-e-action-hash=\"#elementor-action%3Aaction%3Dlightbox%26settings%3DeyJpZCI6MTczNywidXJsIjoiaHR0cHM6XC9cL3pldXNkaXZlY2VudGVyLmNvbVwvd3AtY29udGVudFwvdXBsb2Fkc1wvMjAyNlwvMDJcL2dyYW5jYW5hcmlhLXNub3JrZWwtdHJ5ZGl2ZS1zY3ViYWRpdmUtZHVpa2VuLXNjaG51cHBlcnRhdWNoZW4tZGl2ZS10YXVjaGVuLW1hc3BhbG9tYXMxOTAucG5nIiwic2xpZGVzaG93IjoiZThkMmViNiJ9\" href='https:\/\/zeusdivecenter.com\/wp-content\/uploads\/2026\/02\/grancanaria-snorkel-trydive-scubadive-duiken-schnuppertauchen-dive-tauchen-maspalomas190.png'><img fetchpriority=\"high\" decoding=\"async\" width=\"300\" height=\"300\" src=\"https:\/\/zeusdivecenter.com\/wp-content\/uploads\/2026\/02\/grancanaria-snorkel-trydive-scubadive-duiken-schnuppertauchen-dive-tauchen-maspalomas190-300x300.png\" class=\"attachment-woocommerce_thumbnail size-woocommerce_thumbnail\" alt=\"\" srcset=\"https:\/\/zeusdivecenter.com\/wp-content\/uploads\/2026\/02\/grancanaria-snorkel-trydive-scubadive-duiken-schnuppertauchen-dive-tauchen-maspalomas190-300x300.png 300w, https:\/\/zeusdivecenter.com\/wp-content\/uploads\/2026\/02\/grancanaria-snorkel-trydive-scubadive-duiken-schnuppertauchen-dive-tauchen-maspalomas190-150x150.png 150w, https:\/\/zeusdivecenter.com\/wp-content\/uploads\/2026\/02\/grancanaria-snorkel-trydive-scubadive-duiken-schnuppertauchen-dive-tauchen-maspalomas190-100x100.png 100w\" sizes=\"(max-width: 300px) 100vw, 300px\" \/><\/a>\n\t\t\t<\/div><\/figure><figure class='gallery-item'>\n\t\t\t<div class='gallery-icon landscape'>\n\t\t\t\t<a data-elementor-open-lightbox=\"yes\" data-elementor-lightbox-slideshow=\"e8d2eb6\" data-elementor-lightbox-title=\"grancanaria-snorkel-trydive-scubadive-duiken-schnuppertauchen-dive-tauchen-maspalomas191\" data-e-action-hash=\"#elementor-action%3Aaction%3Dlightbox%26settings%3DeyJpZCI6MTczOCwidXJsIjoiaHR0cHM6XC9cL3pldXNkaXZlY2VudGVyLmNvbVwvd3AtY29udGVudFwvdXBsb2Fkc1wvMjAyNlwvMDJcL2dyYW5jYW5hcmlhLXNub3JrZWwtdHJ5ZGl2ZS1zY3ViYWRpdmUtZHVpa2VuLXNjaG51cHBlcnRhdWNoZW4tZGl2ZS10YXVjaGVuLW1hc3BhbG9tYXMxOTEuanBnIiwic2xpZGVzaG93IjoiZThkMmViNiJ9\" href='https:\/\/zeusdivecenter.com\/wp-content\/uploads\/2026\/02\/grancanaria-snorkel-trydive-scubadive-duiken-schnuppertauchen-dive-tauchen-maspalomas191.jpg'><img decoding=\"async\" width=\"300\" height=\"300\" src=\"https:\/\/zeusdivecenter.com\/wp-content\/uploads\/2026\/02\/grancanaria-snorkel-trydive-scubadive-duiken-schnuppertauchen-dive-tauchen-maspalomas191-300x300.jpg\" class=\"attachment-woocommerce_thumbnail size-woocommerce_thumbnail\" alt=\"\" srcset=\"https:\/\/zeusdivecenter.com\/wp-content\/uploads\/2026\/02\/grancanaria-snorkel-trydive-scubadive-duiken-schnuppertauchen-dive-tauchen-maspalomas191-300x300.jpg 300w, https:\/\/zeusdivecenter.com\/wp-content\/uploads\/2026\/02\/grancanaria-snorkel-trydive-scubadive-duiken-schnuppertauchen-dive-tauchen-maspalomas191-150x150.jpg 150w, https:\/\/zeusdivecenter.com\/wp-content\/uploads\/2026\/02\/grancanaria-snorkel-trydive-scubadive-duiken-schnuppertauchen-dive-tauchen-maspalomas191-100x100.jpg 100w\" sizes=\"(max-width: 300px) 100vw, 300px\" \/><\/a>\n\t\t\t<\/div><\/figure><figure class='gallery-item'>\n\t\t\t<div class='gallery-icon landscape'>\n\t\t\t\t<a data-elementor-open-lightbox=\"yes\" data-elementor-lightbox-slideshow=\"e8d2eb6\" data-elementor-lightbox-title=\"grancanaria-snorkel-trydive-scubadive-duiken-schnuppertauchen-dive-tauchen-maspalomas192\" data-e-action-hash=\"#elementor-action%3Aaction%3Dlightbox%26settings%3DeyJpZCI6MTczOSwidXJsIjoiaHR0cHM6XC9cL3pldXNkaXZlY2VudGVyLmNvbVwvd3AtY29udGVudFwvdXBsb2Fkc1wvMjAyNlwvMDJcL2dyYW5jYW5hcmlhLXNub3JrZWwtdHJ5ZGl2ZS1zY3ViYWRpdmUtZHVpa2VuLXNjaG51cHBlcnRhdWNoZW4tZGl2ZS10YXVjaGVuLW1hc3BhbG9tYXMxOTIuanBnIiwic2xpZGVzaG93IjoiZThkMmViNiJ9\" href='https:\/\/zeusdivecenter.com\/wp-content\/uploads\/2026\/02\/grancanaria-snorkel-trydive-scubadive-duiken-schnuppertauchen-dive-tauchen-maspalomas192.jpg'><img decoding=\"async\" width=\"300\" height=\"300\" src=\"https:\/\/zeusdivecenter.com\/wp-content\/uploads\/2026\/02\/grancanaria-snorkel-trydive-scubadive-duiken-schnuppertauchen-dive-tauchen-maspalomas192-300x300.jpg\" class=\"attachment-woocommerce_thumbnail size-woocommerce_thumbnail\" alt=\"\" srcset=\"https:\/\/zeusdivecenter.com\/wp-content\/uploads\/2026\/02\/grancanaria-snorkel-trydive-scubadive-duiken-schnuppertauchen-dive-tauchen-maspalomas192-300x300.jpg 300w, https:\/\/zeusdivecenter.com\/wp-content\/uploads\/2026\/02\/grancanaria-snorkel-trydive-scubadive-duiken-schnuppertauchen-dive-tauchen-maspalomas192-150x150.jpg 150w, https:\/\/zeusdivecenter.com\/wp-content\/uploads\/2026\/02\/grancanaria-snorkel-trydive-scubadive-duiken-schnuppertauchen-dive-tauchen-maspalomas192-100x100.jpg 100w\" sizes=\"(max-width: 300px) 100vw, 300px\" \/><\/a>\n\t\t\t<\/div><\/figure><figure class='gallery-item'>\n\t\t\t<div class='gallery-icon landscape'>\n\t\t\t\t<a data-elementor-open-lightbox=\"yes\" data-elementor-lightbox-slideshow=\"e8d2eb6\" data-elementor-lightbox-title=\"grancanaria-snorkel-trydive-scubadive-duiken-schnuppertauchen-dive-tauchen-maspalomas193\" data-e-action-hash=\"#elementor-action%3Aaction%3Dlightbox%26settings%3DeyJpZCI6MTc0MCwidXJsIjoiaHR0cHM6XC9cL3pldXNkaXZlY2VudGVyLmNvbVwvd3AtY29udGVudFwvdXBsb2Fkc1wvMjAyNlwvMDJcL2dyYW5jYW5hcmlhLXNub3JrZWwtdHJ5ZGl2ZS1zY3ViYWRpdmUtZHVpa2VuLXNjaG51cHBlcnRhdWNoZW4tZGl2ZS10YXVjaGVuLW1hc3BhbG9tYXMxOTMuanBnIiwic2xpZGVzaG93IjoiZThkMmViNiJ9\" href='https:\/\/zeusdivecenter.com\/wp-content\/uploads\/2026\/02\/grancanaria-snorkel-trydive-scubadive-duiken-schnuppertauchen-dive-tauchen-maspalomas193.jpg'><img loading=\"lazy\" decoding=\"async\" width=\"300\" height=\"300\" src=\"https:\/\/zeusdivecenter.com\/wp-content\/uploads\/2026\/02\/grancanaria-snorkel-trydive-scubadive-duiken-schnuppertauchen-dive-tauchen-maspalomas193-300x300.jpg\" class=\"attachment-woocommerce_thumbnail size-woocommerce_thumbnail\" alt=\"\" srcset=\"https:\/\/zeusdivecenter.com\/wp-content\/uploads\/2026\/02\/grancanaria-snorkel-trydive-scubadive-duiken-schnuppertauchen-dive-tauchen-maspalomas193-300x300.jpg 300w, https:\/\/zeusdivecenter.com\/wp-content\/uploads\/2026\/02\/grancanaria-snorkel-trydive-scubadive-duiken-schnuppertauchen-dive-tauchen-maspalomas193-150x150.jpg 150w, https:\/\/zeusdivecenter.com\/wp-content\/uploads\/2026\/02\/grancanaria-snorkel-trydive-scubadive-duiken-schnuppertauchen-dive-tauchen-maspalomas193-100x100.jpg 100w\" sizes=\"(max-width: 300px) 100vw, 300px\" \/><\/a>\n\t\t\t<\/div><\/figure>\n\t\t<\/div>\n\t\t<\/div>\n\t\t\t\t\t\t<\/div>\n\t\t\t\t\t<\/div>\n\t\t\t\t<\/div>\n\t\t<div class=\"elementor-element elementor-element-d29795a e-flex e-con-boxed wpr-particle-no wpr-jarallax-no wpr-parallax-no wpr-sticky-section-no wpr-equal-height-no e-con e-parent\" data-id=\"d29795a\" data-element_type=\"container\" data-e-type=\"container\">\n\t\t\t\t\t<div class=\"e-con-inner\">\n\t\t\t\t<div class=\"elementor-element elementor-element-d9baf5b elementor-widget elementor-widget-shortcode\" data-id=\"d9baf5b\" data-element_type=\"widget\" data-e-type=\"widget\" data-widget_type=\"shortcode.default\">\n\t\t\t\t\t\t\t<div class=\"elementor-shortcode\">    \n    <div class=\"load-turitop\"\n         data-service=\"P5\"\n         data-lang=\"pl\"\n         data-embed=\"box\">\n    <\/div>\n\n    <script>\n    if (typeof loadTuritop !== \"undefined\") {\n        loadTuritop();\n    }\n    <\/script>\n\n    <\/div>\n\t\t\t\t\t\t<\/div>\n\t\t\t\t\t<\/div>\n\t\t\t\t<\/div>\n\t\t\t\t<\/div>","protected":false},"excerpt":{"rendered":"<p>Ciesz si\u0119 ca\u0142ym dniem eksploracji podwodnego \u015bwiata Gran Canarii z dost\u0119pem do \u0142awic kolorowych ryb. Idealne dla do\u015bwiadczonych nurk\u00f3w. Oferujemy nurkowania z brzegu i \u0142odzi na ca\u0142ej wyspie.<\/p>\n<p>Zapraszamy na nurkowanie: 2 nurkowania z przerw\u0105 oko\u0142o 1 godziny na powierzchni.<\/p>\n<p>Podczas rezerwacji nurkowa\u0144 prosimy o podanie nast\u0119puj\u0105cych informacji: numer telefonu, imi\u0119 i nazwisko, dat\u0119 urodzenia, poziom nurkowy, liczb\u0119 nurkowa\u0144 oraz dat\u0119 ostatniego nurkowania. Potrzebujemy r\u00f3wnie\u017c Twojego wzrostu, wagi i rozmiaru buta do cel\u00f3w sprz\u0119towych.<\/p>","protected":false},"featured_media":1735,"comment_status":"open","ping_status":"closed","template":"","meta":{"_eb_attr":"","_joinchat":{"message_send":"Hola, buenas. Quiero m\u00e1s informaci\u00f3n acerca de {PRODUCT}","view":"no"}},"product_brand":[],"product_cat":[133,130],"product_tag":[],"mwb_booking_cost":[],"mwb_booking_service":[],"class_list":{"0":"post-1034","1":"product","2":"type-product","3":"status-publish","4":"has-post-thumbnail","6":"product_cat-booking","7":"product_cat-sin-categorizar","9":"first","10":"instock","11":"virtual","12":"purchasable","13":"product-type-mwb_booking"},"yoast_head":"<!-- This site is optimized with the Yoast SEO plugin v27.4 - https:\/\/yoast.com\/product\/yoast-seo-wordpress\/ -->\n<title>Buceo en Gran Canaria para Buceadores Certificados | Reserva<\/title>\n<meta name=\"description\" content=\"Explora los mejores puntos de buceo en Gran Canaria para buceadores certificados. Inmersiones guiadas en el sur de la isla con instructores profesionales.\" \/>\n<meta name=\"robots\" content=\"index, follow, max-snippet:-1, max-image-preview:large, max-video-preview:-1\" \/>\n<link rel=\"canonical\" href=\"https:\/\/zeusdivecenter.com\/pl\/zarezerwuj-wyprawy-nurkowe-na-gran-canarii-dla-certyfikowanych-nurkow\/\" \/>\n<meta property=\"og:locale\" content=\"pl_PL\" \/>\n<meta property=\"og:type\" content=\"article\" \/>\n<meta property=\"og:title\" content=\"Buceo en Gran Canaria para Buceadores Certificados | Reserva\" \/>\n<meta property=\"og:description\" content=\"Explora los mejores puntos de buceo en Gran Canaria para buceadores certificados. Inmersiones guiadas en el sur de la isla con instructores profesionales.\" \/>\n<meta property=\"og:url\" content=\"https:\/\/zeusdivecenter.com\/pl\/zarezerwuj-wyprawy-nurkowe-na-gran-canarii-dla-certyfikowanych-nurkow\/\" \/>\n<meta property=\"og:site_name\" content=\"Zeus Dive Center\" \/>\n<meta property=\"article:modified_time\" content=\"2026-04-27T11:56:14+00:00\" \/>\n<meta property=\"og:image\" content=\"https:\/\/zeusdivecenter.com\/wp-content\/uploads\/2026\/02\/grancanaria-snorkel-trydive-scubadive-duiken-schnuppertauchen-dive-tauchen-maspalomas188.png\" \/>\n\t<meta property=\"og:image:width\" content=\"621\" \/>\n\t<meta property=\"og:image:height\" content=\"709\" \/>\n\t<meta property=\"og:image:type\" content=\"image\/png\" \/>\n<meta name=\"twitter:card\" content=\"summary_large_image\" \/>\n<!-- \/ Yoast SEO plugin. -->","yoast_head_json":{"title":"Nurkowanie na Gran Canarii dla certyfikowanych nurk\u00f3w | Zarezerwuj teraz","description":"Odkryj najlepsze miejsca nurkowe na Gran Canarii dla certyfikowanych nurk\u00f3w. Nurkowania z przewodnikiem na po\u0142udniu wyspy z profesjonalnymi instruktorami.","robots":{"index":"index","follow":"follow","max-snippet":"max-snippet:-1","max-image-preview":"max-image-preview:large","max-video-preview":"max-video-preview:-1"},"canonical":"https:\/\/zeusdivecenter.com\/pl\/zarezerwuj-wyprawy-nurkowe-na-gran-canarii-dla-certyfikowanych-nurkow\/","og_locale":"pl_PL","og_type":"article","og_title":"Buceo en Gran Canaria para Buceadores Certificados | Reserva","og_description":"Explora los mejores puntos de buceo en Gran Canaria para buceadores certificados. Inmersiones guiadas en el sur de la isla con instructores profesionales.","og_url":"https:\/\/zeusdivecenter.com\/pl\/zarezerwuj-wyprawy-nurkowe-na-gran-canarii-dla-certyfikowanych-nurkow\/","og_site_name":"Zeus Dive Center","article_modified_time":"2026-04-27T11:56:14+00:00","og_image":[{"width":621,"height":709,"url":"https:\/\/zeusdivecenter.com\/wp-content\/uploads\/2026\/02\/grancanaria-snorkel-trydive-scubadive-duiken-schnuppertauchen-dive-tauchen-maspalomas188.png","type":"image\/png"}],"twitter_card":"summary_large_image","schema":{"@context":"https:\/\/schema.org","@graph":[{"@type":"WebPage","@id":"https:\/\/zeusdivecenter.com\/reservas-buceo-en-gran-canaria-para-buceadores-certificados\/","url":"https:\/\/zeusdivecenter.com\/reservas-buceo-en-gran-canaria-para-buceadores-certificados\/","name":"Nurkowanie na Gran Canarii dla certyfikowanych nurk\u00f3w | Zarezerwuj teraz","isPartOf":{"@id":"https:\/\/zeusdivecenter.com\/#website"},"primaryImageOfPage":{"@id":"https:\/\/zeusdivecenter.com\/reservas-buceo-en-gran-canaria-para-buceadores-certificados\/#primaryimage"},"image":{"@id":"https:\/\/zeusdivecenter.com\/reservas-buceo-en-gran-canaria-para-buceadores-certificados\/#primaryimage"},"thumbnailUrl":"https:\/\/zeusdivecenter.com\/wp-content\/uploads\/2026\/02\/grancanaria-snorkel-trydive-scubadive-duiken-schnuppertauchen-dive-tauchen-maspalomas188.png","datePublished":"2026-02-11T00:12:39+00:00","dateModified":"2026-04-27T11:56:14+00:00","description":"Odkryj najlepsze miejsca nurkowe na Gran Canarii dla certyfikowanych nurk\u00f3w. Nurkowania z przewodnikiem na po\u0142udniu wyspy z profesjonalnymi instruktorami.","breadcrumb":{"@id":"https:\/\/zeusdivecenter.com\/reservas-buceo-en-gran-canaria-para-buceadores-certificados\/#breadcrumb"},"inLanguage":"pl-PL","potentialAction":[{"@type":"ReadAction","target":["https:\/\/zeusdivecenter.com\/reservas-buceo-en-gran-canaria-para-buceadores-certificados\/"]}]},{"@type":"ImageObject","inLanguage":"pl-PL","@id":"https:\/\/zeusdivecenter.com\/reservas-buceo-en-gran-canaria-para-buceadores-certificados\/#primaryimage","url":"https:\/\/zeusdivecenter.com\/wp-content\/uploads\/2026\/02\/grancanaria-snorkel-trydive-scubadive-duiken-schnuppertauchen-dive-tauchen-maspalomas188.png","contentUrl":"https:\/\/zeusdivecenter.com\/wp-content\/uploads\/2026\/02\/grancanaria-snorkel-trydive-scubadive-duiken-schnuppertauchen-dive-tauchen-maspalomas188.png","width":621,"height":709},{"@type":"BreadcrumbList","@id":"https:\/\/zeusdivecenter.com\/reservas-buceo-en-gran-canaria-para-buceadores-certificados\/#breadcrumb","itemListElement":[{"@type":"ListItem","position":1,"name":"Portada","item":"https:\/\/zeusdivecenter.com\/"},{"@type":"ListItem","position":2,"name":"Productos","item":"https:\/\/zeusdivecenter.com\/shop\/"},{"@type":"ListItem","position":3,"name":"Buceo en Gran Canaria para buceadores certificados"}]},{"@type":"WebSite","@id":"https:\/\/zeusdivecenter.com\/#website","url":"https:\/\/zeusdivecenter.com\/","name":"Centrum nurkowe Zeus","description":"","publisher":{"@id":"https:\/\/zeusdivecenter.com\/#organization"},"potentialAction":[{"@type":"SearchAction","target":{"@type":"EntryPoint","urlTemplate":"https:\/\/zeusdivecenter.com\/?s={search_term_string}"},"query-input":{"@type":"PropertyValueSpecification","valueRequired":true,"valueName":"search_term_string"}}],"inLanguage":"pl-PL"},{"@type":"Organization","@id":"https:\/\/zeusdivecenter.com\/#organization","name":"Centrum nurkowe Zeus","url":"https:\/\/zeusdivecenter.com\/","logo":{"@type":"ImageObject","inLanguage":"pl-PL","@id":"https:\/\/zeusdivecenter.com\/#\/schema\/logo\/image\/","url":"https:\/\/zeusdivecenter.com\/wp-content\/uploads\/2026\/02\/grancanaria-snorkel-trydive-scubadive-duiken-schnuppertauchen-dive-tauchen-maspalomas15.png","contentUrl":"https:\/\/zeusdivecenter.com\/wp-content\/uploads\/2026\/02\/grancanaria-snorkel-trydive-scubadive-duiken-schnuppertauchen-dive-tauchen-maspalomas15.png","width":1080,"height":1080,"caption":"Zeus Dive Center"},"image":{"@id":"https:\/\/zeusdivecenter.com\/#\/schema\/logo\/image\/"}}]}},"_links":{"self":[{"href":"https:\/\/zeusdivecenter.com\/pl\/wp-json\/wp\/v2\/product\/1034","targetHints":{"allow":["GET"]}}],"collection":[{"href":"https:\/\/zeusdivecenter.com\/pl\/wp-json\/wp\/v2\/product"}],"about":[{"href":"https:\/\/zeusdivecenter.com\/pl\/wp-json\/wp\/v2\/types\/product"}],"replies":[{"embeddable":true,"href":"https:\/\/zeusdivecenter.com\/pl\/wp-json\/wp\/v2\/comments?post=1034"}],"version-history":[{"count":32,"href":"https:\/\/zeusdivecenter.com\/pl\/wp-json\/wp\/v2\/product\/1034\/revisions"}],"predecessor-version":[{"id":2361,"href":"https:\/\/zeusdivecenter.com\/pl\/wp-json\/wp\/v2\/product\/1034\/revisions\/2361"}],"wp:featuredmedia":[{"embeddable":true,"href":"https:\/\/zeusdivecenter.com\/pl\/wp-json\/wp\/v2\/media\/1735"}],"wp:attachment":[{"href":"https:\/\/zeusdivecenter.com\/pl\/wp-json\/wp\/v2\/media?parent=1034"}],"wp:term":[{"taxonomy":"product_brand","embeddable":true,"href":"https:\/\/zeusdivecenter.com\/pl\/wp-json\/wp\/v2\/product_brand?post=1034"},{"taxonomy":"product_cat","embeddable":true,"href":"https:\/\/zeusdivecenter.com\/pl\/wp-json\/wp\/v2\/product_cat?post=1034"},{"taxonomy":"product_tag","embeddable":true,"href":"https:\/\/zeusdivecenter.com\/pl\/wp-json\/wp\/v2\/product_tag?post=1034"},{"taxonomy":"mwb_booking_cost","embeddable":true,"href":"https:\/\/zeusdivecenter.com\/pl\/wp-json\/wp\/v2\/mwb_booking_cost?post=1034"},{"taxonomy":"mwb_booking_service","embeddable":true,"href":"https:\/\/zeusdivecenter.com\/pl\/wp-json\/wp\/v2\/mwb_booking_service?post=1034"}],"curies":[{"name":"wp","href":"https:\/\/api.w.org\/{rel}","templated":true}]}}