{"id":154,"date":"2026-02-09T15:07:45","date_gmt":"2026-02-09T15:07:45","guid":{"rendered":"https:\/\/webdebuceo.websmwinner.com\/?page_id=154"},"modified":"2026-02-21T18:38:09","modified_gmt":"2026-02-21T18:38:09","slug":"ceny","status":"publish","type":"page","link":"https:\/\/zeusdivecenter.com\/pl\/ceny\/","title":{"rendered":"Ceny"},"content":{"rendered":"<div data-elementor-type=\"wp-page\" data-elementor-id=\"154\" class=\"elementor elementor-154\" data-elementor-post-type=\"page\">\n\t\t\t\t\t\t<section class=\"elementor-section elementor-top-section elementor-element elementor-element-47c7e3bb elementor-section-boxed elementor-section-height-default elementor-section-height-default wpr-particle-no wpr-jarallax-no wpr-parallax-no wpr-sticky-section-no\" data-id=\"47c7e3bb\" data-element_type=\"section\" data-e-type=\"section\" data-settings=\"{&quot;background_background&quot;:&quot;classic&quot;}\">\n\t\t\t\t\t\t\t<div class=\"elementor-background-overlay\"><\/div>\n\t\t\t\t\t\t\t<div class=\"elementor-container elementor-column-gap-no\">\n\t\t\t\t\t<div class=\"elementor-column elementor-col-100 elementor-top-column elementor-element elementor-element-7c6fc062\" data-id=\"7c6fc062\" data-element_type=\"column\" data-e-type=\"column\">\n\t\t\t<div class=\"elementor-widget-wrap elementor-element-populated\">\n\t\t\t\t\t\t<div class=\"elementor-element elementor-element-b01aa12 elementor-invisible elementor-widget elementor-widget-heading\" data-id=\"b01aa12\" data-element_type=\"widget\" data-e-type=\"widget\" data-settings=\"{&quot;_animation&quot;:&quot;fadeInDown&quot;}\" data-widget_type=\"heading.default\">\n\t\t\t\t\t<h2 class=\"elementor-heading-title elementor-size-default\">Ceny<\/h2>\t\t\t\t<\/div>\n\t\t\t\t<div class=\"elementor-element elementor-element-df3db2f elementor-invisible elementor-widget elementor-widget-text-editor\" data-id=\"df3db2f\" data-element_type=\"widget\" data-e-type=\"widget\" data-settings=\"{&quot;_animation&quot;:&quot;fadeIn&quot;,&quot;_animation_delay&quot;:720}\" data-widget_type=\"text-editor.default\">\n\t\t\t\t\t\t\t\t\tOdkryj nasze opcje nurkowania przeznaczone zar\u00f3wno dla pocz\u0105tkuj\u0105cych, jak i certyfikowanych nurk\u00f3w. Oferujemy nurkowania z przewodnikiem, oficjalne kursy i wypo\u017cyczalni\u0119 sprz\u0119tu, zapewniaj\u0105c najwy\u017cszy poziom bezpiecze\u0144stwa i profesjonalizmu.\t\t\t\t\t\t\t\t<\/div>\n\t\t\t\t<div class=\"elementor-element elementor-element-a339aa3 elementor-align-center elementor-widget__width-auto elementor-widget-mobile__width-inherit elementor-invisible elementor-widget elementor-widget-button\" data-id=\"a339aa3\" data-element_type=\"widget\" data-e-type=\"widget\" data-settings=\"{&quot;_animation&quot;:&quot;fadeInLeft&quot;,&quot;_animation_delay&quot;:720}\" data-widget_type=\"button.default\">\n\t\t\t\t\t\t\t\t\t\t<a class=\"elementor-button elementor-button-link elementor-size-md elementor-animation-shrink\" href=\"https:\/\/zeusdivecenter.com\/pl\/#reservas\">\n\t\t\t\t\t\t<span class=\"elementor-button-content-wrapper\">\n\t\t\t\t\t\t\t\t\t<span class=\"elementor-button-text\">Rezerwacje online<\/span>\n\t\t\t\t\t<\/span>\n\t\t\t\t\t<\/a>\n\t\t\t\t\t\t\t\t<\/div>\n\t\t\t\t<div class=\"elementor-element elementor-element-c2ec2c4 elementor-align-center elementor-widget__width-auto elementor-widget-mobile__width-inherit elementor-invisible elementor-widget elementor-widget-button\" data-id=\"c2ec2c4\" data-element_type=\"widget\" data-e-type=\"widget\" data-settings=\"{&quot;_animation&quot;:&quot;fadeInRight&quot;,&quot;_animation_delay&quot;:720}\" data-widget_type=\"button.default\">\n\t\t\t\t\t\t\t\t\t\t<a class=\"elementor-button elementor-button-link elementor-size-md elementor-animation-shrink\" href=\"https:\/\/zeusdivecenter.com\/pl\/kursy\/\">\n\t\t\t\t\t\t<span class=\"elementor-button-content-wrapper\">\n\t\t\t\t\t\t\t\t\t<span class=\"elementor-button-text\">Wy\u015bwietl kursy<\/span>\n\t\t\t\t\t<\/span>\n\t\t\t\t\t<\/a>\n\t\t\t\t\t\t\t\t<\/div>\n\t\t\t\t\t<\/div>\n\t\t<\/div>\n\t\t\t\t\t<\/div>\n\t\t<\/section>\n\t\t<div class=\"elementor-element elementor-element-364cc09 e-flex e-con-boxed wpr-particle-no wpr-jarallax-no wpr-parallax-no wpr-sticky-section-no e-con e-parent\" data-id=\"364cc09\" data-element_type=\"container\" data-e-type=\"container\">\n\t\t\t\t\t<div class=\"e-con-inner\">\n\t\t\t\t<div class=\"elementor-element elementor-element-4d86d09 elementor-widget elementor-widget-html\" data-id=\"4d86d09\" data-element_type=\"widget\" data-e-type=\"widget\" data-widget_type=\"html.default\">\n\t\t\t\t\t<style>\r\n\/* ===== PRICING SECTION ===== *\/\r\n.pricing-section {\r\n  max-width: 1300px;\r\n  margin: auto;\r\n  padding: 50px 20px;\r\n  font-family: Helvetica, Arial, sans-serif;\r\n}\r\n\r\n\/* ===== GRID ===== *\/\r\n.pricing-grid {\r\n  display: grid;\r\n  grid-template-columns: repeat(4, 1fr);\r\n  gap: 35px;\r\n}\r\n\r\n\/* ===== CARD ===== *\/\r\n.pricing-card {\r\n  position: relative;\r\n  background-color: #ffffff;\r\n  border-radius: 22px;\r\n  padding: 32px;\r\n  overflow: hidden;\r\n  box-shadow: 0 20px 45px rgba(0,0,0,0.08);\r\n  transition: transform 0.35s ease, box-shadow 0.35s ease;\r\n\r\n  display: flex;\r\n  flex-direction: column;\r\n}\r\n\r\n\/* Fondo burbujas difuminado *\/\r\n.pricing-card::before {\r\n  content: \"\";\r\n  position: absolute;\r\n  inset: 0;\r\n  background-image: url(\"https:\/\/zeusdivecenter.com\/wp-content\/uploads\/2026\/02\/Imagenes-para-blog-2026-02-09T150830.646.png\");\r\n  background-size: cover;\r\n  background-position: center;\r\n  opacity: 0.4;\r\n  filter: blur(4px);\r\n  z-index: 0;\r\n}\r\n\r\n\/* Capa blanca soft *\/\r\n.pricing-card::after {\r\n  content: \"\";\r\n  position: absolute;\r\n  inset: 0;\r\n  background: rgba(255,255,255,0.9);\r\n  z-index: 1;\r\n}\r\n\r\n.pricing-card > * {\r\n  position: relative;\r\n  z-index: 2;\r\n}\r\n\r\n.pricing-card:hover {\r\n  transform: translateY(-10px);\r\n  box-shadow: 0 35px 70px rgba(0,0,0,0.14);\r\n}\r\n\r\n\/* ===== TITLE ===== *\/\r\n.pricing-card h3 {\r\n  color: #151afc;\r\n  font-size: 23px;\r\n  margin-bottom: 22px;\r\n}\r\n\r\n.pricing-card h3::after {\r\n  content: \"\";\r\n  display: block;\r\n  width: 40px;\r\n  height: 4px;\r\n  background: #40bcfd;\r\n  border-radius: 10px;\r\n  margin-top: 8px;\r\n}\r\n\r\n\/* ===== LIST ===== *\/\r\n.pricing-list {\r\n  list-style: none;\r\n  padding: 0;\r\n  margin: 0;\r\n}\r\n\r\n.pricing-list li {\r\n  display: grid;\r\n  grid-template-columns: 1fr auto;\r\n  align-items: center;\r\n  padding: 13px 0;\r\n  border-bottom: 1px dashed #dfe3f0;\r\n  color: #01206a;\r\n  font-size: 16px;\r\n}\r\n\r\n.pricing-list li:last-child {\r\n  border-bottom: none;\r\n}\r\n\r\n\/* ===== PRICE BADGE ===== *\/\r\n.price {\r\n  background: rgba(250,194,10,0.15);\r\n  color: #fac20a;\r\n  font-weight: bold;\r\n  padding: 6px 14px;\r\n  border-radius: 30px;\r\n  font-size: 16px;\r\n  white-space: nowrap;\r\n}\r\n\r\n\/* ===== CARD FOOTER (FILLER) ===== *\/\r\n.card-footer {\r\n  margin-top: auto;\r\n  padding-top: 22px;\r\n  text-align: center;\r\n}\r\n\r\n.card-footer::before {\r\n  content: \"\";\r\n  display: block;\r\n  width: 60px;\r\n  height: 3px;\r\n  background: linear-gradient(90deg, #151afc, #40bcfd);\r\n  border-radius: 10px;\r\n  margin: 0 auto 10px;\r\n}\r\n\r\n.card-footer span {\r\n  font-size: 13px;\r\n  color: #01206a;\r\n  opacity: 0.7;\r\n}\r\n\r\n\/* ===== TABLET ===== *\/\r\n@media (max-width: 1024px) {\r\n  .pricing-grid {\r\n    grid-template-columns: repeat(2, 1fr);\r\n  }\r\n}\r\n\r\n\/* ===== MOBILE ===== *\/\r\n@media (max-width: 600px) {\r\n  .pricing-grid {\r\n    grid-template-columns: 1fr;\r\n  }\r\n\r\n  .pricing-card {\r\n    padding: 24px;\r\n  }\r\n\r\n  .pricing-card h3 {\r\n    font-size: 20px;\r\n    margin-bottom: 18px;\r\n  }\r\n\r\n  .pricing-list li {\r\n    font-size: 14.5px;\r\n    padding: 11px 0;\r\n  }\r\n\r\n  .price {\r\n    font-size: 15px;\r\n    padding: 5px 12px;\r\n  }\r\n\r\n  .card-footer span {\r\n    font-size: 12px;\r\n  }\r\n}\r\n<\/style>\r\n\r\n<div class=\"pricing-section\">\r\n  <div class=\"pricing-grid\">\r\n\r\n    <div class=\"pricing-card\">\r\n      <h3>Ceny nurkowania<\/h3>\r\n      <ul class=\"pricing-list\">\r\n        <li><span>1 Zanurzenie<\/span><span class=\"price\">45\u20ac<\/span><\/li>\r\n        <li><span>2 \u2013 10 nurkowa\u0144<\/span><span class=\"price\">35\u20ac<\/span><\/li>\r\n        <li><span>Ponad 12 nurkowa\u0144<\/span><span class=\"price\">32,50\u20ac<\/span><\/li>\r\n        <li><span>Rurka do nurkowania<\/span><span class=\"price\">69\u20ac<\/span><\/li>\r\n        <li><span>Pla\u017ca Cabr\u00f3n<\/span><span class=\"price\">110\u20ac<\/span><\/li>\r\n      <\/ul>\r\n      <div class=\"card-footer\">\r\n        <span>Profesjonalne do\u015bwiadczenie podwodne<\/span>\r\n      <\/div>\r\n    <\/div>\r\n\r\n    <div class=\"pricing-card\">\r\n      <h3>Suplementy<\/h3>\r\n      <ul class=\"pricing-list\">\r\n        <li><span>Dodatek do \u0142odzi<\/span><span class=\"price\">20\u20ac<\/span><\/li>\r\n        <li><span>Nurkowanie nocne<\/span><span class=\"price\">15\u20ac<\/span><\/li>\r\n        <li><span>Zdj\u0119cia z chrztu<\/span><span class=\"price\">20\u20ac<\/span><\/li>\r\n      <\/ul>\r\n      <div class=\"card-footer\">\r\n        <span>Elastyczne opcje zanurzenia<\/span>\r\n      <\/div>\r\n    <\/div>\r\n\r\n    <div class=\"pricing-card\">\r\n      <h3>Kursy<\/h3>\r\n      <ul class=\"pricing-list\">\r\n        <li><span>chrzest<\/span><span class=\"price\">85\u20ac<\/span><\/li>\r\n        <li><span>Nurek<\/span><span class=\"price\">od 350 \u20ac<\/span><\/li>\r\n        <li><span>Nurek na wodach otwartych<\/span><span class=\"price\">od 450 \u20ac<\/span><\/li>\r\n        <li><span>Zaawansowany nurek w\u00f3d otwartych<\/span><span class=\"price\">od 350 \u20ac<\/span><\/li>\r\n        <li><span>NITROX<\/span><span class=\"price\">350\u20ac<\/span><\/li>\r\n        <li><span>Stres i ratunek<\/span><span class=\"price\">od 350 \u20ac<\/span><\/li>\r\n        <li><span>Reaguj w\u0142a\u015bciwie<\/span><span class=\"price\">od 200 \u20ac<\/span><\/li>\r\n        <li><span>Przewodnik nurkowy<\/span><span class=\"price\">od 800 \u20ac<\/span><\/li>\r\n      <\/ul>\r\n      <div class=\"card-footer\">\r\n        <span>Szkolenia z certyfikatem mi\u0119dzynarodowym<\/span>\r\n      <\/div>\r\n    <\/div>\r\n\r\n    <div class=\"pricing-card\">\r\n      <h3>Sprz\u0119t do wynaj\u0119cia<\/h3>\r\n      <ul class=\"pricing-list\">\r\n        <li><span>Kompletne wyposa\u017cenie<\/span><span class=\"price\">20\u20ac<\/span><\/li>\r\n        <li><span>Okulary<\/span><span class=\"price\">5\u20ac<\/span><\/li>\r\n        <li><span>P\u0142etwy<\/span><span class=\"price\">5\u20ac<\/span><\/li>\r\n        <li><span>Buciki<\/span><span class=\"price\">5\u20ac<\/span><\/li>\r\n        <li><span>Regulator<\/span><span class=\"price\">5\u20ac<\/span><\/li>\r\n        <li><span>Kamizelka<\/span><span class=\"price\">5\u20ac<\/span><\/li>\r\n        <li><span>Garnitur<\/span><span class=\"price\">5\u20ac<\/span><\/li>\r\n      <\/ul>\r\n      <div class=\"card-footer\">\r\n        <span>Sprz\u0119t sprawdzony i certyfikowany<\/span>\r\n      <\/div>\r\n    <\/div>\r\n\r\n  <\/div>\r\n<\/div>\r\n\t\t\t\t<\/div>\n\t\t\t\t\t<\/div>\n\t\t\t\t<\/div>\n\t\t<div class=\"elementor-element elementor-element-aa15994 e-flex e-con-boxed wpr-particle-no wpr-jarallax-no wpr-parallax-no wpr-sticky-section-no e-con e-parent\" data-id=\"aa15994\" data-element_type=\"container\" data-e-type=\"container\" data-settings=\"{&quot;background_background&quot;:&quot;classic&quot;}\">\n\t\t\t\t\t<div class=\"e-con-inner\">\n\t\t<div class=\"elementor-element elementor-element-3ac802d e-con-full e-flex wpr-particle-no wpr-jarallax-no wpr-parallax-no wpr-sticky-section-no e-con e-child\" data-id=\"3ac802d\" data-element_type=\"container\" data-e-type=\"container\">\n\t\t\t\t<div class=\"elementor-element elementor-element-071d58a elementor-widget elementor-widget-html\" data-id=\"071d58a\" data-element_type=\"widget\" data-e-type=\"widget\" data-widget_type=\"html.default\">\n\t\t\t\t\t<div style=\"width: 100%; box-sizing: border-box; background-color: #f9f9f9; padding: 20px; border-radius: 12px; box-shadow: 0 4px 12px rgba(0,0,0,0.08); max-width: 100%; line-height: 1.6;\">\r\n  \r\n  <h3 style=\"margin-bottom: 15px;\">Wa\u017cne informacje<\/h3>\r\n  \r\n  <div style=\"margin-bottom: 15px; padding: 15px; background-color: #ffffff; border-radius: 8px; box-shadow: 0 2px 6px rgba(0,0,0,0.05); width: 100%; box-sizing: border-box;\">\r\n    <p><strong>IGIC zawiera:<\/strong> Wszystkie opublikowane ceny zawieraj\u0105 podatek po\u015bredni IGIC (og\u00f3lny podatek po\u015bredni Wysp Kanaryjskich).<\/p>\r\n  <\/div>\r\n  \r\n  <div style=\"margin-bottom: 15px; padding: 15px; background-color: #ffffff; border-radius: 8px; box-shadow: 0 2px 6px rgba(0,0,0,0.05); width: 100%; box-sizing: border-box;\">\r\n    <p><strong>Anulacje:<\/strong> Firma zastrzega sobie prawo do odwo\u0142ania wydarzenia z przyczyn organizacyjnych, bezpiecze\u0144stwa lub innych niezale\u017cnych od niej przyczyn. Klienci nie mog\u0105 anulowa\u0107 rezerwacji na mniej ni\u017c 24 godziny przed rozpocz\u0119ciem wydarzenia.<\/p>\r\n  <\/div>\r\n  \r\n  <div style=\"padding: 15px; background-color: #ffffff; border-radius: 8px; box-shadow: 0 2px 6px rgba(0,0,0,0.05); width: 100%; box-sizing: border-box;\">\r\n    <p><strong>Uszkodzenia lub zu\u017cycie materia\u0142u:<\/strong> Klient ponosi odpowiedzialno\u015b\u0107 za koszty uszkodze\u0144, strat lub nienormalnego zu\u017cycia sprz\u0119tu powsta\u0142ego w trakcie trwania aktywno\u015bci.<\/p>\r\n  <\/div>\r\n  \r\n<\/div>\r\n\t\t\t\t<\/div>\n\t\t\t\t<\/div>\n\t\t<div class=\"elementor-element elementor-element-fb28992 e-con-full e-flex wpr-particle-no wpr-jarallax-no wpr-parallax-no wpr-sticky-section-no e-con e-child\" data-id=\"fb28992\" data-element_type=\"container\" data-e-type=\"container\">\n\t\t\t\t<div class=\"elementor-element elementor-element-0996cdf elementor-widget elementor-widget-image\" data-id=\"0996cdf\" data-element_type=\"widget\" data-e-type=\"widget\" data-widget_type=\"image.default\">\n\t\t\t\t\t\t\t\t\t\t\t\t\t\t\t<img fetchpriority=\"high\" decoding=\"async\" width=\"750\" height=\"564\" src=\"https:\/\/zeusdivecenter.com\/wp-content\/uploads\/2026\/02\/grancanaria-snorkel-trydive-scubadive-duiken-schnuppertauchen-dive-tauchen-maspalomas161.png\" class=\"attachment-large size-large wp-image-1680\" alt=\"\" srcset=\"https:\/\/zeusdivecenter.com\/wp-content\/uploads\/2026\/02\/grancanaria-snorkel-trydive-scubadive-duiken-schnuppertauchen-dive-tauchen-maspalomas161.png 750w, https:\/\/zeusdivecenter.com\/wp-content\/uploads\/2026\/02\/grancanaria-snorkel-trydive-scubadive-duiken-schnuppertauchen-dive-tauchen-maspalomas161-300x226.png 300w, https:\/\/zeusdivecenter.com\/wp-content\/uploads\/2026\/02\/grancanaria-snorkel-trydive-scubadive-duiken-schnuppertauchen-dive-tauchen-maspalomas161-16x12.png 16w, https:\/\/zeusdivecenter.com\/wp-content\/uploads\/2026\/02\/grancanaria-snorkel-trydive-scubadive-duiken-schnuppertauchen-dive-tauchen-maspalomas161-600x451.png 600w\" sizes=\"(max-width: 750px) 100vw, 750px\" \/>\t\t\t\t\t\t\t\t\t\t\t\t\t\t\t<\/div>\n\t\t\t\t<\/div>\n\t\t\t\t\t<\/div>\n\t\t\t\t<\/div>\n\t\t<div class=\"elementor-element elementor-element-278610a e-flex e-con-boxed wpr-particle-no wpr-jarallax-no wpr-parallax-no wpr-sticky-section-no e-con e-parent\" data-id=\"278610a\" data-element_type=\"container\" data-e-type=\"container\">\n\t\t\t\t\t<div class=\"e-con-inner\">\n\t\t<div class=\"elementor-element elementor-element-0cd8a20 e-con-full e-flex wpr-particle-no wpr-jarallax-no wpr-parallax-no wpr-sticky-section-no e-con e-child\" data-id=\"0cd8a20\" data-element_type=\"container\" data-e-type=\"container\">\n\t\t\t\t<div class=\"elementor-element elementor-element-d8e6ff4 elementor-widget elementor-widget-heading\" data-id=\"d8e6ff4\" data-element_type=\"widget\" data-e-type=\"widget\" data-widget_type=\"heading.default\">\n\t\t\t\t\t<h2 class=\"elementor-heading-title elementor-size-default\">Mi\u0119dzynarodowo certyfikowane szkolenie nurkowe\n<\/h2>\t\t\t\t<\/div>\n\t\t\t\t<\/div>\n\t\t<div class=\"elementor-element elementor-element-b093844 e-con-full e-flex wpr-particle-no wpr-jarallax-no wpr-parallax-no wpr-sticky-section-no e-con e-child\" data-id=\"b093844\" data-element_type=\"container\" data-e-type=\"container\">\n\t\t\t\t<div class=\"elementor-element elementor-element-867b5dc elementor-widget elementor-widget-image\" data-id=\"867b5dc\" data-element_type=\"widget\" data-e-type=\"widget\" data-widget_type=\"image.default\">\n\t\t\t\t\t\t\t\t\t\t\t\t\t\t\t\t<a href=\"https:\/\/my.divessi.com\/register\" target=\"_blank\">\n\t\t\t\t\t\t\t<img decoding=\"async\" width=\"540\" height=\"170\" src=\"https:\/\/zeusdivecenter.com\/wp-content\/uploads\/2026\/02\/grancanaria-snorkel-trydive-scubadive-duiken-schnuppertauchen-dive-tauchen-maspalomas162.png\" class=\"attachment-large size-large wp-image-1681\" alt=\"\" srcset=\"https:\/\/zeusdivecenter.com\/wp-content\/uploads\/2026\/02\/grancanaria-snorkel-trydive-scubadive-duiken-schnuppertauchen-dive-tauchen-maspalomas162.png 540w, https:\/\/zeusdivecenter.com\/wp-content\/uploads\/2026\/02\/grancanaria-snorkel-trydive-scubadive-duiken-schnuppertauchen-dive-tauchen-maspalomas162-300x94.png 300w, https:\/\/zeusdivecenter.com\/wp-content\/uploads\/2026\/02\/grancanaria-snorkel-trydive-scubadive-duiken-schnuppertauchen-dive-tauchen-maspalomas162-18x6.png 18w\" sizes=\"(max-width: 540px) 100vw, 540px\" \/>\t\t\t\t\t\t\t\t<\/a>\n\t\t\t\t\t\t\t\t\t\t\t\t\t\t\t<\/div>\n\t\t\t\t<\/div>\n\t\t\t\t\t<\/div>\n\t\t\t\t<\/div>\n\t\t\t\t<\/div>","protected":false},"excerpt":{"rendered":"<p>Precios Descubre nuestras opciones de buceo pensadas tanto para principiantes como para buceadores certificados. Ofrecemos inmersiones guiadas, cursos oficiales y alquiler de equipo con la m\u00e1xima seguridad y profesionalidad. Reservas Online Ver Cursos Precios por buceo 1 Inmersi\u00f3n45\u20ac 2 \u2013 10 Inmersiones35\u20ac M\u00e1s de 12 Inmersiones32,50\u20ac Snorkel69\u20ac Playa del Cabr\u00f3n110\u20ac Experiencia submarina profesional Suplementos Extra de barco20\u20ac Buceo nocturno15\u20ac Fotos de bautizo20\u20ac Opciones flexibles por inmersi\u00f3n Cursos Bautizo85\u20ac Scuba Diverdesde 350\u20ac Open Water Diverdesde 450\u20ac Advanced Open Water Diverdesde 350\u20ac NITROX350\u20ac Stress &#038; Rescuedesde 350\u20ac React Rightdesde 200\u20ac Dive Guidedesde 800\u20ac Formaci\u00f3n certificada internacional Equipo de alquiler Equipo completo20\u20ac Gafas5\u20ac Aletas5\u20ac Escarpines5\u20ac Regulador5\u20ac Chaleco5\u20ac Traje5\u20ac Equipos revisados y certificados Informaci\u00f3n importante IGIC incluido: Todos los precios publicados incluyen el IGIC. Cancelaciones: La empresa se reserva el derecho de cancelar la actividad por motivos organizativos, de seguridad o causas ajenas a su control. El cliente no podr\u00e1 cancelar con menos de 24 horas de antelaci\u00f3n al inicio de la actividad. Da\u00f1os o desgaste de material: El cliente se har\u00e1 responsable del coste de rotura, p\u00e9rdida o desgaste anormal del material ocasionado durante la actividad. Formaci\u00f3n de Buceo Certificada Internacionalmente<\/p>","protected":false},"author":1,"featured_media":0,"parent":0,"menu_order":0,"comment_status":"closed","ping_status":"closed","template":"elementor_header_footer","meta":{"_eb_attr":"","_joinchat":[],"footnotes":""},"class_list":["post-154","page","type-page","status-publish","hentry"],"yoast_head":"<!-- This site is optimized with the Yoast SEO plugin v26.9 - https:\/\/yoast.com\/product\/yoast-seo-wordpress\/ -->\n<title>Precios - Zeus Dive Center<\/title>\n<meta name=\"description\" content=\"Consulta nuestros precios para cursos de buceo SSI\/PADI, inmersiones guiadas y snorkel en Gran Canaria. Actividades seguras y adaptadas a todos los niveles.\" \/>\n<meta name=\"robots\" content=\"index, follow, max-snippet:-1, max-image-preview:large, max-video-preview:-1\" \/>\n<link rel=\"canonical\" href=\"https:\/\/zeusdivecenter.com\/pl\/ceny\/\" \/>\n<meta property=\"og:locale\" content=\"pl_PL\" \/>\n<meta property=\"og:type\" content=\"article\" \/>\n<meta property=\"og:title\" content=\"Precios - Zeus Dive Center\" \/>\n<meta property=\"og:description\" content=\"Consulta nuestros precios para cursos de buceo SSI\/PADI, inmersiones guiadas y snorkel en Gran Canaria. Actividades seguras y adaptadas a todos los niveles.\" \/>\n<meta property=\"og:url\" content=\"https:\/\/zeusdivecenter.com\/pl\/ceny\/\" \/>\n<meta property=\"og:site_name\" content=\"Zeus Dive Center\" \/>\n<meta property=\"article:modified_time\" content=\"2026-02-21T18:38:09+00:00\" \/>\n<meta property=\"og:image\" content=\"https:\/\/zeusdivecenter.com\/wp-content\/uploads\/2026\/02\/grancanaria-snorkel-trydive-scubadive-duiken-schnuppertauchen-dive-tauchen-maspalomas161.png\" \/>\n<meta name=\"twitter:card\" content=\"summary_large_image\" \/>\n<meta name=\"twitter:label1\" content=\"Szacowany czas czytania\" \/>\n\t<meta name=\"twitter:data1\" content=\"3 minuty\" \/>\n<!-- \/ Yoast SEO plugin. -->","yoast_head_json":{"title":"Ceny - Centrum nurkowe Zeus","description":"Sprawd\u017a nasze ceny kurs\u00f3w nurkowania SSI\/PADI, nurkowa\u0144 z przewodnikiem i snorkelingu na Gran Canarii. Bezpieczne zaj\u0119cia dostosowane do wszystkich poziom\u00f3w zaawansowania.","robots":{"index":"index","follow":"follow","max-snippet":"max-snippet:-1","max-image-preview":"max-image-preview:large","max-video-preview":"max-video-preview:-1"},"canonical":"https:\/\/zeusdivecenter.com\/pl\/ceny\/","og_locale":"pl_PL","og_type":"article","og_title":"Precios - Zeus Dive Center","og_description":"Consulta nuestros precios para cursos de buceo SSI\/PADI, inmersiones guiadas y snorkel en Gran Canaria. Actividades seguras y adaptadas a todos los niveles.","og_url":"https:\/\/zeusdivecenter.com\/pl\/ceny\/","og_site_name":"Zeus Dive Center","article_modified_time":"2026-02-21T18:38:09+00:00","og_image":[{"url":"https:\/\/zeusdivecenter.com\/wp-content\/uploads\/2026\/02\/grancanaria-snorkel-trydive-scubadive-duiken-schnuppertauchen-dive-tauchen-maspalomas161.png","type":"","width":"","height":""}],"twitter_card":"summary_large_image","twitter_misc":{"Szacowany czas czytania":"3 minuty"},"schema":{"@context":"https:\/\/schema.org","@graph":[{"@type":"WebPage","@id":"https:\/\/zeusdivecenter.com\/precios\/","url":"https:\/\/zeusdivecenter.com\/precios\/","name":"Ceny - Centrum nurkowe Zeus","isPartOf":{"@id":"https:\/\/zeusdivecenter.com\/#website"},"primaryImageOfPage":{"@id":"https:\/\/zeusdivecenter.com\/precios\/#primaryimage"},"image":{"@id":"https:\/\/zeusdivecenter.com\/precios\/#primaryimage"},"thumbnailUrl":"https:\/\/zeusdivecenter.com\/wp-content\/uploads\/2026\/02\/grancanaria-snorkel-trydive-scubadive-duiken-schnuppertauchen-dive-tauchen-maspalomas161.png","datePublished":"2026-02-09T15:07:45+00:00","dateModified":"2026-02-21T18:38:09+00:00","description":"Sprawd\u017a nasze ceny kurs\u00f3w nurkowania SSI\/PADI, nurkowa\u0144 z przewodnikiem i snorkelingu na Gran Canarii. Bezpieczne zaj\u0119cia dostosowane do wszystkich poziom\u00f3w zaawansowania.","breadcrumb":{"@id":"https:\/\/zeusdivecenter.com\/precios\/#breadcrumb"},"inLanguage":"pl-PL","potentialAction":[{"@type":"ReadAction","target":["https:\/\/zeusdivecenter.com\/precios\/"]}]},{"@type":"ImageObject","inLanguage":"pl-PL","@id":"https:\/\/zeusdivecenter.com\/precios\/#primaryimage","url":"https:\/\/zeusdivecenter.com\/wp-content\/uploads\/2026\/02\/grancanaria-snorkel-trydive-scubadive-duiken-schnuppertauchen-dive-tauchen-maspalomas161.png","contentUrl":"https:\/\/zeusdivecenter.com\/wp-content\/uploads\/2026\/02\/grancanaria-snorkel-trydive-scubadive-duiken-schnuppertauchen-dive-tauchen-maspalomas161.png"},{"@type":"BreadcrumbList","@id":"https:\/\/zeusdivecenter.com\/precios\/#breadcrumb","itemListElement":[{"@type":"ListItem","position":1,"name":"Portada","item":"https:\/\/zeusdivecenter.com\/"},{"@type":"ListItem","position":2,"name":"Precios"}]},{"@type":"WebSite","@id":"https:\/\/zeusdivecenter.com\/#website","url":"https:\/\/zeusdivecenter.com\/","name":"Centrum nurkowe Zeus","description":"","publisher":{"@id":"https:\/\/zeusdivecenter.com\/#organization"},"potentialAction":[{"@type":"SearchAction","target":{"@type":"EntryPoint","urlTemplate":"https:\/\/zeusdivecenter.com\/?s={search_term_string}"},"query-input":{"@type":"PropertyValueSpecification","valueRequired":true,"valueName":"search_term_string"}}],"inLanguage":"pl-PL"},{"@type":"Organization","@id":"https:\/\/zeusdivecenter.com\/#organization","name":"Centrum nurkowe Zeus","url":"https:\/\/zeusdivecenter.com\/","logo":{"@type":"ImageObject","inLanguage":"pl-PL","@id":"https:\/\/zeusdivecenter.com\/#\/schema\/logo\/image\/","url":"https:\/\/zeusdivecenter.com\/wp-content\/uploads\/2026\/02\/grancanaria-snorkel-trydive-scubadive-duiken-schnuppertauchen-dive-tauchen-maspalomas15.png","contentUrl":"https:\/\/zeusdivecenter.com\/wp-content\/uploads\/2026\/02\/grancanaria-snorkel-trydive-scubadive-duiken-schnuppertauchen-dive-tauchen-maspalomas15.png","width":1080,"height":1080,"caption":"Zeus Dive Center"},"image":{"@id":"https:\/\/zeusdivecenter.com\/#\/schema\/logo\/image\/"}}]}},"_hostinger_reach_plugin_has_subscription_block":false,"_hostinger_reach_plugin_is_elementor":false,"_links":{"self":[{"href":"https:\/\/zeusdivecenter.com\/pl\/wp-json\/wp\/v2\/pages\/154","targetHints":{"allow":["GET"]}}],"collection":[{"href":"https:\/\/zeusdivecenter.com\/pl\/wp-json\/wp\/v2\/pages"}],"about":[{"href":"https:\/\/zeusdivecenter.com\/pl\/wp-json\/wp\/v2\/types\/page"}],"author":[{"embeddable":true,"href":"https:\/\/zeusdivecenter.com\/pl\/wp-json\/wp\/v2\/users\/1"}],"replies":[{"embeddable":true,"href":"https:\/\/zeusdivecenter.com\/pl\/wp-json\/wp\/v2\/comments?post=154"}],"version-history":[{"count":35,"href":"https:\/\/zeusdivecenter.com\/pl\/wp-json\/wp\/v2\/pages\/154\/revisions"}],"predecessor-version":[{"id":1684,"href":"https:\/\/zeusdivecenter.com\/pl\/wp-json\/wp\/v2\/pages\/154\/revisions\/1684"}],"wp:attachment":[{"href":"https:\/\/zeusdivecenter.com\/pl\/wp-json\/wp\/v2\/media?parent=154"}],"curies":[{"name":"wp","href":"https:\/\/api.w.org\/{rel}","templated":true}]}}