{"id":2527,"date":"2026-05-06T00:44:28","date_gmt":"2026-05-06T00:44:28","guid":{"rendered":"https:\/\/zeusdivecenter.com\/?post_type=product&#038;p=2527"},"modified":"2026-05-06T10:05:50","modified_gmt":"2026-05-06T10:05:50","slug":"bapteme-de-plongee-sous-marine-a-tenerife","status":"publish","type":"product","link":"https:\/\/zeusdivecenter.com\/fr\/bapteme-de-plongee-sous-marine-a-tenerife\/","title":{"rendered":"Tenerife : bapt\u00eame de plong\u00e9e sous-marine"},"content":{"rendered":"<div data-elementor-type=\"product-post\" data-elementor-id=\"2527\" class=\"elementor elementor-2527\" data-elementor-post-type=\"product\">\n\t\t\t\t<div class=\"elementor-element elementor-element-7b12f52 e-flex e-con-boxed wpr-particle-no wpr-jarallax-no wpr-parallax-no wpr-sticky-section-no wpr-equal-height-no e-con e-parent\" data-id=\"7b12f52\" data-element_type=\"container\" data-e-type=\"container\">\n\t\t\t\t\t<div class=\"e-con-inner\">\n\t\t<div class=\"elementor-element elementor-element-c2687dc e-con-full e-flex wpr-particle-no wpr-jarallax-no wpr-parallax-no wpr-sticky-section-no wpr-equal-height-no e-con e-child\" data-id=\"c2687dc\" data-element_type=\"container\" data-e-type=\"container\" data-settings=\"{&quot;background_background&quot;:&quot;classic&quot;}\">\n\t\t\t\t<div class=\"elementor-element elementor-element-f9c8cf0 elementor-widget elementor-widget-heading\" data-id=\"f9c8cf0\" data-element_type=\"widget\" data-e-type=\"widget\" data-widget_type=\"heading.default\">\n\t\t\t\t\t<h2 class=\"elementor-heading-title elementor-size-default\">\u00c0 propos de l&#039;activit\u00e9<\/h2>\t\t\t\t<\/div>\n\t\t\t\t<div class=\"elementor-element elementor-element-f550b3b elementor-widget elementor-widget-text-editor\" data-id=\"f550b3b\" data-element_type=\"widget\" data-e-type=\"widget\" data-widget_type=\"text-editor.default\">\n\t\t\t\t\t\t\t\t\t<p data-pm-slice=\"1 1 []\">D\u00e9couvrez le monde fascinant de la plong\u00e9e \u00e0 Tenerife, dans une baie abrit\u00e9e id\u00e9ale pour les d\u00e9butants. Vous serez \u00e9merveill\u00e9s d\u00e8s le premier instant par la vari\u00e9t\u00e9 des poissons et la clart\u00e9 de l&#039;eau.<\/p><p data-pm-slice=\"1 1 []\">Votre journ\u00e9e commencera par une prise en charge \u00e0 votre h\u00e9bergement. Votre moniteur vous donnera toutes les consignes de s\u00e9curit\u00e9 et vous profiterez d&#039;une exp\u00e9rience personnalis\u00e9e (deux personnes maximum par moniteur). Apr\u00e8s le briefing, vous recevrez votre \u00e9quipement de plong\u00e9e complet\u00a0: palmes, bottillons, masque et combinaison.<\/p><p data-pm-slice=\"1 1 []\">Plongez sous l&#039;eau et \u00e9prouvez la sensation d&#039;apesanteur. Vous atteindrez une profondeur maximale de 8 m\u00e8tres tout en observant la faune marine\u00a0: bancs de poissons, seiches, pieuvres et autres esp\u00e8ces typiques de l&#039;Atlantique. Avec un peu de chance, vous apercevrez peut-\u00eatre des raies ou un hippocampe.<\/p>\t\t\t\t\t\t\t\t<\/div>\n\t\t\t\t<\/div>\n\t\t<div class=\"elementor-element elementor-element-0cd94ee e-con-full e-flex wpr-particle-no wpr-jarallax-no wpr-parallax-no wpr-sticky-section-no wpr-equal-height-no e-con e-child\" data-id=\"0cd94ee\" data-element_type=\"container\" data-e-type=\"container\" data-settings=\"{&quot;background_background&quot;:&quot;classic&quot;}\">\n\t\t\t\t<div class=\"elementor-element elementor-element-76d422d elementor-widget elementor-widget-heading\" data-id=\"76d422d\" data-element_type=\"widget\" data-e-type=\"widget\" data-widget_type=\"heading.default\">\n\t\t\t\t\t<h2 class=\"elementor-heading-title elementor-size-default\">Que ferez-vous?<\/h2>\t\t\t\t<\/div>\n\t\t\t\t<div class=\"elementor-element elementor-element-216dc86 elementor-icon-list--layout-traditional elementor-list-item-link-full_width elementor-widget elementor-widget-icon-list\" data-id=\"216dc86\" data-element_type=\"widget\" data-e-type=\"widget\" data-widget_type=\"icon-list.default\">\n\t\t\t\t\t\t\t<ul class=\"elementor-icon-list-items\">\n\t\t\t\t\t\t\t<li class=\"elementor-icon-list-item\">\n\t\t\t\t\t\t\t\t\t\t\t<span class=\"elementor-icon-list-icon\">\n\t\t\t\t\t\t\t<i aria-hidden=\"true\" class=\"icon_check_alt\"><\/i>\t\t\t\t\t\t<\/span>\n\t\t\t\t\t\t\t\t\t\t<span class=\"elementor-icon-list-text\">Explorez les merveilles sous-marines de Tenerife<\/span>\n\t\t\t\t\t\t\t\t\t<\/li>\n\t\t\t\t\t\t\t\t<li class=\"elementor-icon-list-item\">\n\t\t\t\t\t\t\t\t\t\t\t<span class=\"elementor-icon-list-icon\">\n\t\t\t\t\t\t\t<i aria-hidden=\"true\" class=\"icon_check_alt\"><\/i>\t\t\t\t\t\t<\/span>\n\t\t\t\t\t\t\t\t\t\t<span class=\"elementor-icon-list-text\">Vivez votre premi\u00e8re exp\u00e9rience de plong\u00e9e sous-marine en toute s\u00e9curit\u00e9.<\/span>\n\t\t\t\t\t\t\t\t\t<\/li>\n\t\t\t\t\t\t\t\t<li class=\"elementor-icon-list-item\">\n\t\t\t\t\t\t\t\t\t\t\t<span class=\"elementor-icon-list-icon\">\n\t\t\t\t\t\t\t<i aria-hidden=\"true\" class=\"icon_check_alt\"><\/i>\t\t\t\t\t\t<\/span>\n\t\t\t\t\t\t\t\t\t\t<span class=\"elementor-icon-list-text\">Profitez d&#039;une plong\u00e9e dans une baie abrit\u00e9e, id\u00e9ale pour les d\u00e9butants.<\/span>\n\t\t\t\t\t\t\t\t\t<\/li>\n\t\t\t\t\t\t\t\t<li class=\"elementor-icon-list-item\">\n\t\t\t\t\t\t\t\t\t\t\t<span class=\"elementor-icon-list-icon\">\n\t\t\t\t\t\t\t<i aria-hidden=\"true\" class=\"icon_check_alt\"><\/i>\t\t\t\t\t\t<\/span>\n\t\t\t\t\t\t\t\t\t\t<span class=\"elementor-icon-list-text\">B\u00e9n\u00e9ficiez d&#039;une attention personnalis\u00e9e avec un maximum de 2 personnes par instructeur<\/span>\n\t\t\t\t\t\t\t\t\t<\/li>\n\t\t\t\t\t\t<\/ul>\n\t\t\t\t\t\t<\/div>\n\t\t\t\t<div class=\"elementor-element elementor-element-8b0aa5b elementor-widget elementor-widget-heading\" data-id=\"8b0aa5b\" data-element_type=\"widget\" data-e-type=\"widget\" data-widget_type=\"heading.default\">\n\t\t\t\t\t<h2 class=\"elementor-heading-title elementor-size-default\">Ne convient pas aux :<\/h2>\t\t\t\t<\/div>\n\t\t\t\t<div class=\"elementor-element elementor-element-b5ca20e elementor-icon-list--layout-traditional elementor-list-item-link-full_width elementor-widget elementor-widget-icon-list\" data-id=\"b5ca20e\" data-element_type=\"widget\" data-e-type=\"widget\" data-widget_type=\"icon-list.default\">\n\t\t\t\t\t\t\t<ul class=\"elementor-icon-list-items\">\n\t\t\t\t\t\t\t<li class=\"elementor-icon-list-item\">\n\t\t\t\t\t\t\t\t\t\t<span class=\"elementor-icon-list-text\">Les enfants de moins de 8 ans, les femmes enceintes, les personnes souffrant de probl\u00e8mes de dos, de mobilit\u00e9 r\u00e9duite, de probl\u00e8mes cardiaques ou respiratoires, d&#039;\u00e9pilepsie, les personnes en fauteuil roulant et les personnes ayant subi une op\u00e9ration r\u00e9cente (au cours des 12 derniers mois).<\/span>\n\t\t\t\t\t\t\t\t\t<\/li>\n\t\t\t\t\t\t<\/ul>\n\t\t\t\t\t\t<\/div>\n\t\t\t\t<\/div>\n\t\t\t\t\t<\/div>\n\t\t\t\t<\/div>\n\t\t<div class=\"elementor-element elementor-element-d7f95d4 e-flex e-con-boxed wpr-particle-no wpr-jarallax-no wpr-parallax-no wpr-sticky-section-no wpr-equal-height-no e-con e-parent\" data-id=\"d7f95d4\" data-element_type=\"container\" data-e-type=\"container\">\n\t\t\t\t\t<div class=\"e-con-inner\">\n\t\t\t\t<div class=\"elementor-element elementor-element-e8d2eb6 gallery-spacing-custom elementor-widget elementor-widget-image-gallery\" data-id=\"e8d2eb6\" data-element_type=\"widget\" data-e-type=\"widget\" data-widget_type=\"image-gallery.default\">\n\t\t\t\t\t\t\t<div class=\"elementor-image-gallery\">\n\t\t\t<div id='gallery-1' class='gallery galleryid-2527 gallery-columns-3 gallery-size-woocommerce_thumbnail'><figure class='gallery-item'>\n\t\t\t<div class='gallery-icon landscape'>\n\t\t\t\t<a data-elementor-open-lightbox=\"yes\" data-elementor-lightbox-slideshow=\"e8d2eb6\" data-elementor-lightbox-title=\"tenerife-snorkel-abades-trydive-scubadive-duiken-schnuppertauchen-dive-tauchen-tenerife196\" data-e-action-hash=\"#elementor-action%3Aaction%3Dlightbox%26settings%3DeyJpZCI6MjUzOSwidXJsIjoiaHR0cHM6XC9cL3pldXNkaXZlY2VudGVyLmNvbVwvd3AtY29udGVudFwvdXBsb2Fkc1wvMjAyNlwvMDVcL3RlbmVyaWZlLXNub3JrZWwtYWJhZGVzLXRyeWRpdmUtc2N1YmFkaXZlLWR1aWtlbi1zY2hudXBwZXJ0YXVjaGVuLWRpdmUtdGF1Y2hlbi10ZW5lcmlmZTE5Ni5qcGciLCJzbGlkZXNob3ciOiJlOGQyZWI2In0%3D\" href='https:\/\/zeusdivecenter.com\/wp-content\/uploads\/2026\/05\/tenerife-snorkel-abades-trydive-scubadive-duiken-schnuppertauchen-dive-tauchen-tenerife196.jpg'><img fetchpriority=\"high\" decoding=\"async\" width=\"300\" height=\"248\" src=\"https:\/\/zeusdivecenter.com\/wp-content\/uploads\/2026\/05\/tenerife-snorkel-abades-trydive-scubadive-duiken-schnuppertauchen-dive-tauchen-tenerife196-300x248.jpg\" class=\"attachment-woocommerce_thumbnail size-woocommerce_thumbnail\" alt=\"\" \/><\/a>\n\t\t\t<\/div><\/figure><figure class='gallery-item'>\n\t\t\t<div class='gallery-icon landscape'>\n\t\t\t\t<a data-elementor-open-lightbox=\"yes\" data-elementor-lightbox-slideshow=\"e8d2eb6\" data-elementor-lightbox-title=\"tenerife-snorkel-abades-trydive-scubadive-duiken-schnuppertauchen-dive-tauchen-tenerife197\" data-e-action-hash=\"#elementor-action%3Aaction%3Dlightbox%26settings%3DeyJpZCI6MjU0MCwidXJsIjoiaHR0cHM6XC9cL3pldXNkaXZlY2VudGVyLmNvbVwvd3AtY29udGVudFwvdXBsb2Fkc1wvMjAyNlwvMDVcL3RlbmVyaWZlLXNub3JrZWwtYWJhZGVzLXRyeWRpdmUtc2N1YmFkaXZlLWR1aWtlbi1zY2hudXBwZXJ0YXVjaGVuLWRpdmUtdGF1Y2hlbi10ZW5lcmlmZTE5Ny5qcGciLCJzbGlkZXNob3ciOiJlOGQyZWI2In0%3D\" href='https:\/\/zeusdivecenter.com\/wp-content\/uploads\/2026\/05\/tenerife-snorkel-abades-trydive-scubadive-duiken-schnuppertauchen-dive-tauchen-tenerife197.jpg'><img decoding=\"async\" width=\"300\" height=\"248\" src=\"https:\/\/zeusdivecenter.com\/wp-content\/uploads\/2026\/05\/tenerife-snorkel-abades-trydive-scubadive-duiken-schnuppertauchen-dive-tauchen-tenerife197-300x248.jpg\" class=\"attachment-woocommerce_thumbnail size-woocommerce_thumbnail\" alt=\"\" \/><\/a>\n\t\t\t<\/div><\/figure><figure class='gallery-item'>\n\t\t\t<div class='gallery-icon landscape'>\n\t\t\t\t<a data-elementor-open-lightbox=\"yes\" data-elementor-lightbox-slideshow=\"e8d2eb6\" data-elementor-lightbox-title=\"tenerife-snorkel-abades-trydive-scubadive-duiken-schnuppertauchen-dive-tauchen-tenerife198\" data-e-action-hash=\"#elementor-action%3Aaction%3Dlightbox%26settings%3DeyJpZCI6MjU0MSwidXJsIjoiaHR0cHM6XC9cL3pldXNkaXZlY2VudGVyLmNvbVwvd3AtY29udGVudFwvdXBsb2Fkc1wvMjAyNlwvMDVcL3RlbmVyaWZlLXNub3JrZWwtYWJhZGVzLXRyeWRpdmUtc2N1YmFkaXZlLWR1aWtlbi1zY2hudXBwZXJ0YXVjaGVuLWRpdmUtdGF1Y2hlbi10ZW5lcmlmZTE5OC5qcGciLCJzbGlkZXNob3ciOiJlOGQyZWI2In0%3D\" href='https:\/\/zeusdivecenter.com\/wp-content\/uploads\/2026\/05\/tenerife-snorkel-abades-trydive-scubadive-duiken-schnuppertauchen-dive-tauchen-tenerife198.jpg'><img decoding=\"async\" width=\"300\" height=\"250\" src=\"https:\/\/zeusdivecenter.com\/wp-content\/uploads\/2026\/05\/tenerife-snorkel-abades-trydive-scubadive-duiken-schnuppertauchen-dive-tauchen-tenerife198-300x250.jpg\" class=\"attachment-woocommerce_thumbnail size-woocommerce_thumbnail\" alt=\"\" \/><\/a>\n\t\t\t<\/div><\/figure>\n\t\t<\/div>\n\t\t<\/div>\n\t\t\t\t\t\t<\/div>\n\t\t\t\t\t<\/div>\n\t\t\t\t<\/div>\n\t\t<div class=\"elementor-element elementor-element-eb28dfa e-flex e-con-boxed wpr-particle-no wpr-jarallax-no wpr-parallax-no wpr-sticky-section-no wpr-equal-height-no e-con e-parent\" data-id=\"eb28dfa\" data-element_type=\"container\" data-e-type=\"container\">\n\t\t\t\t\t<div class=\"e-con-inner\">\n\t\t\t\t<div class=\"elementor-element elementor-element-253f95b elementor-widget elementor-widget-shortcode\" data-id=\"253f95b\" data-element_type=\"widget\" data-e-type=\"widget\" data-widget_type=\"shortcode.default\">\n\t\t\t\t\t\t\t<div class=\"elementor-shortcode\">    \n    <div class=\"load-turitop\"\n         data-service=\"P14\"\n         data-lang=\"fr\"\n         data-embed=\"box\">\n    <\/div>\n\n    <script>\n    if (typeof loadTuritop === \"function\") {\n        loadTuritop();\n    }\n    <\/script>\n\n    <\/div>\n\t\t\t\t\t\t<\/div>\n\t\t\t\t\t<\/div>\n\t\t\t\t<\/div>\n\t\t\t\t<\/div>","protected":false},"excerpt":{"rendered":"<p>Passez une demi-journ\u00e9e \u00e0 explorer les fonds marins de Tenerife avec un moniteur de plong\u00e9e. Profitez d&#039;une exp\u00e9rience en toute s\u00e9curit\u00e9 dans une baie abrit\u00e9e et admirez la faune et la flore marines dans des eaux cristallines.<\/p>","protected":false},"featured_media":2528,"comment_status":"open","ping_status":"closed","template":"","meta":{"_eb_attr":"","_joinchat":{"message_send":"Hola, buenas. Quiero m\u00e1s informaci\u00f3n acerca de {PRODUCT}","view":"no"}},"product_brand":[],"product_cat":[133,130],"product_tag":[],"mwb_booking_cost":[],"mwb_booking_service":[],"class_list":{"0":"post-2527","1":"product","2":"type-product","3":"status-publish","4":"has-post-thumbnail","6":"product_cat-booking","7":"product_cat-sin-categorizar","9":"first","10":"instock","11":"virtual","12":"purchasable","13":"product-type-mwb_booking"},"yoast_head":"<!-- This site is optimized with the Yoast SEO plugin v27.4 - https:\/\/yoast.com\/product\/yoast-seo-wordpress\/ -->\n<title>Bautizo de Buceo en Gran Canaria \u2013 Reserva tu Primera Inmersi\u00f3n<\/title>\n<meta name=\"description\" content=\"Descubre el bautizo de buceo en Gran Canaria. Bucea por primera vez con instructores profesionales en el sur de la isla. Reserva ahora online.\" \/>\n<meta name=\"robots\" content=\"index, follow, max-snippet:-1, max-image-preview:large, max-video-preview:-1\" \/>\n<link rel=\"canonical\" href=\"https:\/\/zeusdivecenter.com\/fr\/bapteme-de-plongee-sous-marine-a-tenerife\/\" \/>\n<meta property=\"og:locale\" content=\"fr_FR\" \/>\n<meta property=\"og:type\" content=\"article\" \/>\n<meta property=\"og:title\" content=\"Bautizo de Buceo en Gran Canaria \u2013 Reserva tu Primera Inmersi\u00f3n\" \/>\n<meta property=\"og:description\" content=\"Descubre el bautizo de buceo en Gran Canaria. Bucea por primera vez con instructores profesionales en el sur de la isla. Reserva ahora online.\" \/>\n<meta property=\"og:url\" content=\"https:\/\/zeusdivecenter.com\/fr\/bapteme-de-plongee-sous-marine-a-tenerife\/\" \/>\n<meta property=\"og:site_name\" content=\"Zeus Dive Center\" \/>\n<meta property=\"article:modified_time\" content=\"2026-05-06T10:05:50+00:00\" \/>\n<meta property=\"og:image\" content=\"https:\/\/zeusdivecenter.com\/wp-content\/uploads\/2026\/05\/tenerife-snorkel-abades-trydive-scubadive-duiken-schnuppertauchen-dive-tauchen-tenerife195.jpg\" \/>\n\t<meta property=\"og:image:width\" content=\"1080\" \/>\n\t<meta property=\"og:image:height\" content=\"1920\" \/>\n\t<meta property=\"og:image:type\" content=\"image\/jpeg\" \/>\n<meta name=\"twitter:card\" content=\"summary_large_image\" \/>\n<!-- \/ Yoast SEO plugin. -->","yoast_head_json":{"title":"Initiation \u00e0 la plong\u00e9e sous-marine \u00e0 Gran Canaria \u2013 R\u00e9servez votre premi\u00e8re plong\u00e9e","description":"D\u00e9couvrez le bapt\u00eame de plong\u00e9e \u00e0 Gran Canaria. Plongez pour la premi\u00e8re fois avec des moniteurs professionnels au sud de l&#039;\u00eele. R\u00e9servez en ligne d\u00e8s maintenant.","robots":{"index":"index","follow":"follow","max-snippet":"max-snippet:-1","max-image-preview":"max-image-preview:large","max-video-preview":"max-video-preview:-1"},"canonical":"https:\/\/zeusdivecenter.com\/fr\/bapteme-de-plongee-sous-marine-a-tenerife\/","og_locale":"fr_FR","og_type":"article","og_title":"Bautizo de Buceo en Gran Canaria \u2013 Reserva tu Primera Inmersi\u00f3n","og_description":"Descubre el bautizo de buceo en Gran Canaria. Bucea por primera vez con instructores profesionales en el sur de la isla. Reserva ahora online.","og_url":"https:\/\/zeusdivecenter.com\/fr\/bapteme-de-plongee-sous-marine-a-tenerife\/","og_site_name":"Zeus Dive Center","article_modified_time":"2026-05-06T10:05:50+00:00","og_image":[{"width":1080,"height":1920,"url":"https:\/\/zeusdivecenter.com\/wp-content\/uploads\/2026\/05\/tenerife-snorkel-abades-trydive-scubadive-duiken-schnuppertauchen-dive-tauchen-tenerife195.jpg","type":"image\/jpeg"}],"twitter_card":"summary_large_image","schema":{"@context":"https:\/\/schema.org","@graph":[{"@type":"WebPage","@id":"https:\/\/zeusdivecenter.com\/tenerife-bautizo-de-buceo\/","url":"https:\/\/zeusdivecenter.com\/tenerife-bautizo-de-buceo\/","name":"Initiation \u00e0 la plong\u00e9e sous-marine \u00e0 Gran Canaria \u2013 R\u00e9servez votre premi\u00e8re plong\u00e9e","isPartOf":{"@id":"https:\/\/zeusdivecenter.com\/#website"},"primaryImageOfPage":{"@id":"https:\/\/zeusdivecenter.com\/tenerife-bautizo-de-buceo\/#primaryimage"},"image":{"@id":"https:\/\/zeusdivecenter.com\/tenerife-bautizo-de-buceo\/#primaryimage"},"thumbnailUrl":"https:\/\/zeusdivecenter.com\/wp-content\/uploads\/2026\/05\/tenerife-snorkel-abades-trydive-scubadive-duiken-schnuppertauchen-dive-tauchen-tenerife195.jpg","datePublished":"2026-05-06T00:44:28+00:00","dateModified":"2026-05-06T10:05:50+00:00","description":"D\u00e9couvrez le bapt\u00eame de plong\u00e9e \u00e0 Gran Canaria. Plongez pour la premi\u00e8re fois avec des moniteurs professionnels au sud de l&#039;\u00eele. R\u00e9servez en ligne d\u00e8s maintenant.","breadcrumb":{"@id":"https:\/\/zeusdivecenter.com\/tenerife-bautizo-de-buceo\/#breadcrumb"},"inLanguage":"fr-FR","potentialAction":[{"@type":"ReadAction","target":["https:\/\/zeusdivecenter.com\/tenerife-bautizo-de-buceo\/"]}]},{"@type":"ImageObject","inLanguage":"fr-FR","@id":"https:\/\/zeusdivecenter.com\/tenerife-bautizo-de-buceo\/#primaryimage","url":"https:\/\/zeusdivecenter.com\/wp-content\/uploads\/2026\/05\/tenerife-snorkel-abades-trydive-scubadive-duiken-schnuppertauchen-dive-tauchen-tenerife195.jpg","contentUrl":"https:\/\/zeusdivecenter.com\/wp-content\/uploads\/2026\/05\/tenerife-snorkel-abades-trydive-scubadive-duiken-schnuppertauchen-dive-tauchen-tenerife195.jpg","width":1080,"height":1920},{"@type":"BreadcrumbList","@id":"https:\/\/zeusdivecenter.com\/tenerife-bautizo-de-buceo\/#breadcrumb","itemListElement":[{"@type":"ListItem","position":1,"name":"Portada","item":"https:\/\/zeusdivecenter.com\/"},{"@type":"ListItem","position":2,"name":"Productos","item":"https:\/\/zeusdivecenter.com\/shop\/"},{"@type":"ListItem","position":3,"name":"Tenerife: bautizo de buceo"}]},{"@type":"WebSite","@id":"https:\/\/zeusdivecenter.com\/#website","url":"https:\/\/zeusdivecenter.com\/","name":"Centre de plong\u00e9e Zeus","description":"","publisher":{"@id":"https:\/\/zeusdivecenter.com\/#organization"},"potentialAction":[{"@type":"SearchAction","target":{"@type":"EntryPoint","urlTemplate":"https:\/\/zeusdivecenter.com\/?s={search_term_string}"},"query-input":{"@type":"PropertyValueSpecification","valueRequired":true,"valueName":"search_term_string"}}],"inLanguage":"fr-FR"},{"@type":"Organization","@id":"https:\/\/zeusdivecenter.com\/#organization","name":"Centre de plong\u00e9e Zeus","url":"https:\/\/zeusdivecenter.com\/","logo":{"@type":"ImageObject","inLanguage":"fr-FR","@id":"https:\/\/zeusdivecenter.com\/#\/schema\/logo\/image\/","url":"https:\/\/zeusdivecenter.com\/wp-content\/uploads\/2026\/02\/grancanaria-snorkel-trydive-scubadive-duiken-schnuppertauchen-dive-tauchen-maspalomas15.png","contentUrl":"https:\/\/zeusdivecenter.com\/wp-content\/uploads\/2026\/02\/grancanaria-snorkel-trydive-scubadive-duiken-schnuppertauchen-dive-tauchen-maspalomas15.png","width":1080,"height":1080,"caption":"Zeus Dive Center"},"image":{"@id":"https:\/\/zeusdivecenter.com\/#\/schema\/logo\/image\/"}}]}},"_links":{"self":[{"href":"https:\/\/zeusdivecenter.com\/fr\/wp-json\/wp\/v2\/product\/2527","targetHints":{"allow":["GET"]}}],"collection":[{"href":"https:\/\/zeusdivecenter.com\/fr\/wp-json\/wp\/v2\/product"}],"about":[{"href":"https:\/\/zeusdivecenter.com\/fr\/wp-json\/wp\/v2\/types\/product"}],"replies":[{"embeddable":true,"href":"https:\/\/zeusdivecenter.com\/fr\/wp-json\/wp\/v2\/comments?post=2527"}],"version-history":[{"count":16,"href":"https:\/\/zeusdivecenter.com\/fr\/wp-json\/wp\/v2\/product\/2527\/revisions"}],"predecessor-version":[{"id":2712,"href":"https:\/\/zeusdivecenter.com\/fr\/wp-json\/wp\/v2\/product\/2527\/revisions\/2712"}],"wp:featuredmedia":[{"embeddable":true,"href":"https:\/\/zeusdivecenter.com\/fr\/wp-json\/wp\/v2\/media\/2528"}],"wp:attachment":[{"href":"https:\/\/zeusdivecenter.com\/fr\/wp-json\/wp\/v2\/media?parent=2527"}],"wp:term":[{"taxonomy":"product_brand","embeddable":true,"href":"https:\/\/zeusdivecenter.com\/fr\/wp-json\/wp\/v2\/product_brand?post=2527"},{"taxonomy":"product_cat","embeddable":true,"href":"https:\/\/zeusdivecenter.com\/fr\/wp-json\/wp\/v2\/product_cat?post=2527"},{"taxonomy":"product_tag","embeddable":true,"href":"https:\/\/zeusdivecenter.com\/fr\/wp-json\/wp\/v2\/product_tag?post=2527"},{"taxonomy":"mwb_booking_cost","embeddable":true,"href":"https:\/\/zeusdivecenter.com\/fr\/wp-json\/wp\/v2\/mwb_booking_cost?post=2527"},{"taxonomy":"mwb_booking_service","embeddable":true,"href":"https:\/\/zeusdivecenter.com\/fr\/wp-json\/wp\/v2\/mwb_booking_service?post=2527"}],"curies":[{"name":"wp","href":"https:\/\/api.w.org\/{rel}","templated":true}]}}