{"id":1048,"date":"2026-02-11T00:21:54","date_gmt":"2026-02-11T00:21:54","guid":{"rendered":"https:\/\/webdebuceo.websmwinner.com\/?post_type=product&#038;p=1048"},"modified":"2026-03-05T17:36:49","modified_gmt":"2026-03-05T17:36:49","slug":"reservations-de-plongee-dans-le-sud-de-lile","status":"publish","type":"product","link":"https:\/\/zeusdivecenter.com\/fr\/reservations-de-plongee-dans-le-sud-de-lile\/","title":{"rendered":"Gran Canaria : bapt\u00eame de plong\u00e9e sous-marine"},"content":{"rendered":"<div data-elementor-type=\"product-post\" data-elementor-id=\"1048\" class=\"elementor elementor-1048\" data-elementor-post-type=\"product\">\n\t\t\t\t<div class=\"elementor-element elementor-element-7b12f52 e-flex e-con-boxed wpr-particle-no wpr-jarallax-no wpr-parallax-no wpr-sticky-section-no e-con e-parent\" data-id=\"7b12f52\" data-element_type=\"container\" data-e-type=\"container\">\n\t\t\t\t\t<div class=\"e-con-inner\">\n\t\t<div class=\"elementor-element elementor-element-c2687dc e-con-full e-flex wpr-particle-no wpr-jarallax-no wpr-parallax-no wpr-sticky-section-no e-con e-child\" data-id=\"c2687dc\" data-element_type=\"container\" data-e-type=\"container\" data-settings=\"{&quot;background_background&quot;:&quot;classic&quot;}\">\n\t\t\t\t<div class=\"elementor-element elementor-element-f9c8cf0 elementor-widget elementor-widget-heading\" data-id=\"f9c8cf0\" data-element_type=\"widget\" data-e-type=\"widget\" data-widget_type=\"heading.default\">\n\t\t\t\t\t<h2 class=\"elementor-heading-title elementor-size-default\">\u00c0 propos de l&#039;activit\u00e9<\/h2>\t\t\t\t<\/div>\n\t\t\t\t<div class=\"elementor-element elementor-element-f550b3b elementor-widget elementor-widget-text-editor\" data-id=\"f550b3b\" data-element_type=\"widget\" data-e-type=\"widget\" data-widget_type=\"text-editor.default\">\n\t\t\t\t\t\t\t\t\t<p>D\u00e9couvrez les merveilles de la plong\u00e9e sous-marine dans la baie prot\u00e9g\u00e9e d&#039;Amadores Beach, \u00e0 Gran Canaria. Vous serez \u00e9merveill\u00e9s par la diversit\u00e9 des poissons et la clart\u00e9 cristalline de l&#039;eau.<\/p>\n<p>Votre journ\u00e9e commencera par une prise en charge \u00e0 votre h\u00f4tel. Votre moniteur vous donnera les consignes de s\u00e9curit\u00e9, et vous profiterez d&#039;une exp\u00e9rience personnalis\u00e9e (deux personnes maximum par moniteur). Apr\u00e8s les consignes, vous recevrez votre \u00e9quipement de plong\u00e9e personnel\u00a0: palmes, bottillons, masque et combinaison.<\/p>\n<p>Explorez le monde sous-marin et vivez l'incroyable sensation d'apesanteur. Descendez jusqu'\u00e0 8 m\u00e8tres de profondeur et admirez la riche faune marine. Observez les seiches tandis que des bancs de poissons curieux, aux formes, couleurs et tailles vari\u00e9es, vous suivent. Avec un peu de chance, vous apercevrez peut-\u00eatre un hippocampe ou une raie.<\/p>\t\t\t\t\t\t\t\t<\/div>\n\t\t\t\t<\/div>\n\t\t<div class=\"elementor-element elementor-element-0cd94ee e-con-full e-flex wpr-particle-no wpr-jarallax-no wpr-parallax-no wpr-sticky-section-no e-con e-child\" data-id=\"0cd94ee\" data-element_type=\"container\" data-e-type=\"container\" data-settings=\"{&quot;background_background&quot;:&quot;classic&quot;}\">\n\t\t\t\t<div class=\"elementor-element elementor-element-76d422d elementor-widget elementor-widget-heading\" data-id=\"76d422d\" data-element_type=\"widget\" data-e-type=\"widget\" data-widget_type=\"heading.default\">\n\t\t\t\t\t<h2 class=\"elementor-heading-title elementor-size-default\">Que ferez-vous?<\/h2>\t\t\t\t<\/div>\n\t\t\t\t<div class=\"elementor-element elementor-element-216dc86 elementor-icon-list--layout-traditional elementor-list-item-link-full_width elementor-widget elementor-widget-icon-list\" data-id=\"216dc86\" data-element_type=\"widget\" data-e-type=\"widget\" data-widget_type=\"icon-list.default\">\n\t\t\t\t\t\t\t<ul class=\"elementor-icon-list-items\">\n\t\t\t\t\t\t\t<li class=\"elementor-icon-list-item\">\n\t\t\t\t\t\t\t\t\t\t\t<span class=\"elementor-icon-list-icon\">\n\t\t\t\t\t\t\t<i aria-hidden=\"true\" class=\"icon_check_alt\"><\/i>\t\t\t\t\t\t<\/span>\n\t\t\t\t\t\t\t\t\t\t<span class=\"elementor-icon-list-text\">Explorez les beaut\u00e9s sous-marines de Gran Canaria.<\/span>\n\t\t\t\t\t\t\t\t\t<\/li>\n\t\t\t\t\t\t\t\t<li class=\"elementor-icon-list-item\">\n\t\t\t\t\t\t\t\t\t\t\t<span class=\"elementor-icon-list-icon\">\n\t\t\t\t\t\t\t<i aria-hidden=\"true\" class=\"icon_check_alt\"><\/i>\t\t\t\t\t\t<\/span>\n\t\t\t\t\t\t\t\t\t\t<span class=\"elementor-icon-list-text\">Vivez des sensations fortes en plongeant sur une plage prot\u00e9g\u00e9e, id\u00e9ale pour les d\u00e9butants.<\/span>\n\t\t\t\t\t\t\t\t\t<\/li>\n\t\t\t\t\t\t\t\t<li class=\"elementor-icon-list-item\">\n\t\t\t\t\t\t\t\t\t\t\t<span class=\"elementor-icon-list-icon\">\n\t\t\t\t\t\t\t<i aria-hidden=\"true\" class=\"icon_check_alt\"><\/i>\t\t\t\t\t\t<\/span>\n\t\t\t\t\t\t\t\t\t\t<span class=\"elementor-icon-list-text\">B\u00e9n\u00e9ficiez d&#039;une attention personnalis\u00e9e avec un maximum de 2 personnes par instructeur.<\/span>\n\t\t\t\t\t\t\t\t\t<\/li>\n\t\t\t\t\t\t<\/ul>\n\t\t\t\t\t\t<\/div>\n\t\t\t\t<\/div>\n\t\t\t\t\t<\/div>\n\t\t\t\t<\/div>\n\t\t<div class=\"elementor-element elementor-element-d7f95d4 e-flex e-con-boxed wpr-particle-no wpr-jarallax-no wpr-parallax-no wpr-sticky-section-no e-con e-parent\" data-id=\"d7f95d4\" data-element_type=\"container\" data-e-type=\"container\">\n\t\t\t\t\t<div class=\"e-con-inner\">\n\t\t\t\t<div class=\"elementor-element elementor-element-e8d2eb6 gallery-spacing-custom elementor-widget elementor-widget-image-gallery\" data-id=\"e8d2eb6\" data-element_type=\"widget\" data-e-type=\"widget\" data-widget_type=\"image-gallery.default\">\n\t\t\t\t\t\t\t<div class=\"elementor-image-gallery\">\n\t\t\t<div id='gallery-1' class='gallery galleryid-1048 gallery-columns-3 gallery-size-woocommerce_thumbnail'><figure class='gallery-item'>\n\t\t\t<div class='gallery-icon landscape'>\n\t\t\t\t<a data-elementor-open-lightbox=\"yes\" data-elementor-lightbox-slideshow=\"e8d2eb6\" data-elementor-lightbox-title=\"grancanaria-snorkel-trydive-scubadive-duiken-schnuppertauchen-dive-tauchen-maspalomas195\" data-e-action-hash=\"#elementor-action%3Aaction%3Dlightbox%26settings%3DeyJpZCI6MTc0NiwidXJsIjoiaHR0cHM6XC9cL3pldXNkaXZlY2VudGVyLmNvbVwvd3AtY29udGVudFwvdXBsb2Fkc1wvMjAyNlwvMDJcL2dyYW5jYW5hcmlhLXNub3JrZWwtdHJ5ZGl2ZS1zY3ViYWRpdmUtZHVpa2VuLXNjaG51cHBlcnRhdWNoZW4tZGl2ZS10YXVjaGVuLW1hc3BhbG9tYXMxOTUuanBnIiwic2xpZGVzaG93IjoiZThkMmViNiJ9\" href='https:\/\/zeusdivecenter.com\/wp-content\/uploads\/2026\/02\/grancanaria-snorkel-trydive-scubadive-duiken-schnuppertauchen-dive-tauchen-maspalomas195.jpg'><img fetchpriority=\"high\" decoding=\"async\" width=\"300\" height=\"248\" src=\"https:\/\/zeusdivecenter.com\/wp-content\/uploads\/2026\/02\/grancanaria-snorkel-trydive-scubadive-duiken-schnuppertauchen-dive-tauchen-maspalomas195-300x248.jpg\" class=\"attachment-woocommerce_thumbnail size-woocommerce_thumbnail\" alt=\"\" \/><\/a>\n\t\t\t<\/div><\/figure><figure class='gallery-item'>\n\t\t\t<div class='gallery-icon landscape'>\n\t\t\t\t<a data-elementor-open-lightbox=\"yes\" data-elementor-lightbox-slideshow=\"e8d2eb6\" data-elementor-lightbox-title=\"grancanaria-snorkel-trydive-scubadive-duiken-schnuppertauchen-dive-tauchen-maspalomas196\" data-e-action-hash=\"#elementor-action%3Aaction%3Dlightbox%26settings%3DeyJpZCI6MTc0NywidXJsIjoiaHR0cHM6XC9cL3pldXNkaXZlY2VudGVyLmNvbVwvd3AtY29udGVudFwvdXBsb2Fkc1wvMjAyNlwvMDJcL2dyYW5jYW5hcmlhLXNub3JrZWwtdHJ5ZGl2ZS1zY3ViYWRpdmUtZHVpa2VuLXNjaG51cHBlcnRhdWNoZW4tZGl2ZS10YXVjaGVuLW1hc3BhbG9tYXMxOTYuanBnIiwic2xpZGVzaG93IjoiZThkMmViNiJ9\" href='https:\/\/zeusdivecenter.com\/wp-content\/uploads\/2026\/02\/grancanaria-snorkel-trydive-scubadive-duiken-schnuppertauchen-dive-tauchen-maspalomas196.jpg'><img decoding=\"async\" width=\"300\" height=\"248\" src=\"https:\/\/zeusdivecenter.com\/wp-content\/uploads\/2026\/02\/grancanaria-snorkel-trydive-scubadive-duiken-schnuppertauchen-dive-tauchen-maspalomas196-300x248.jpg\" class=\"attachment-woocommerce_thumbnail size-woocommerce_thumbnail\" alt=\"\" \/><\/a>\n\t\t\t<\/div><\/figure><figure class='gallery-item'>\n\t\t\t<div class='gallery-icon landscape'>\n\t\t\t\t<a data-elementor-open-lightbox=\"yes\" data-elementor-lightbox-slideshow=\"e8d2eb6\" data-elementor-lightbox-title=\"grancanaria-snorkel-trydive-scubadive-duiken-schnuppertauchen-dive-tauchen-maspalomas197\" data-e-action-hash=\"#elementor-action%3Aaction%3Dlightbox%26settings%3DeyJpZCI6MTc0OCwidXJsIjoiaHR0cHM6XC9cL3pldXNkaXZlY2VudGVyLmNvbVwvd3AtY29udGVudFwvdXBsb2Fkc1wvMjAyNlwvMDJcL2dyYW5jYW5hcmlhLXNub3JrZWwtdHJ5ZGl2ZS1zY3ViYWRpdmUtZHVpa2VuLXNjaG51cHBlcnRhdWNoZW4tZGl2ZS10YXVjaGVuLW1hc3BhbG9tYXMxOTcuanBnIiwic2xpZGVzaG93IjoiZThkMmViNiJ9\" href='https:\/\/zeusdivecenter.com\/wp-content\/uploads\/2026\/02\/grancanaria-snorkel-trydive-scubadive-duiken-schnuppertauchen-dive-tauchen-maspalomas197.jpg'><img decoding=\"async\" width=\"300\" height=\"250\" src=\"https:\/\/zeusdivecenter.com\/wp-content\/uploads\/2026\/02\/grancanaria-snorkel-trydive-scubadive-duiken-schnuppertauchen-dive-tauchen-maspalomas197-300x250.jpg\" class=\"attachment-woocommerce_thumbnail size-woocommerce_thumbnail\" alt=\"\" \/><\/a>\n\t\t\t<\/div><\/figure>\n\t\t<\/div>\n\t\t<\/div>\n\t\t\t\t\t\t<\/div>\n\t\t\t\t\t<\/div>\n\t\t\t\t<\/div>\n\t\t<div class=\"elementor-element elementor-element-eb28dfa e-flex e-con-boxed wpr-particle-no wpr-jarallax-no wpr-parallax-no wpr-sticky-section-no e-con e-parent\" data-id=\"eb28dfa\" data-element_type=\"container\" data-e-type=\"container\">\n\t\t\t\t\t<div class=\"e-con-inner\">\n\t\t\t\t<div class=\"elementor-element elementor-element-253f95b elementor-widget elementor-widget-shortcode\" data-id=\"253f95b\" data-element_type=\"widget\" data-e-type=\"widget\" data-widget_type=\"shortcode.default\">\n\t\t\t\t\t\t\t<div class=\"elementor-shortcode\">    \n    <div class=\"load-turitop\"\n         data-service=\"P6\"\n         data-lang=\"fr\"\n         data-embed=\"box\">\n    <\/div>\n\n    <script>\n    if (typeof loadTuritop !== \"undefined\") {\n        loadTuritop();\n    }\n    <\/script>\n\n    <\/div>\n\t\t\t\t\t\t<\/div>\n\t\t\t\t\t<\/div>\n\t\t\t\t<\/div>\n\t\t\t\t<\/div>","protected":false},"excerpt":{"rendered":"<p>Passez une demi-journ\u00e9e \u00e0 d\u00e9couvrir les fonds marins de Gran Canaria avec un moniteur de plong\u00e9e. Admirez les bancs de poissons multicolores dans la baie prot\u00e9g\u00e9e de Playa de Amadores et d\u00e9tendez-vous sur une magnifique plage.<\/p>","protected":false},"featured_media":1744,"comment_status":"open","ping_status":"closed","template":"","meta":{"_eb_attr":"","_joinchat":{"message_send":"Hola, buenas. Quiero m\u00e1s informaci\u00f3n acerca de {PRODUCT}","view":"no"}},"product_brand":[],"product_cat":[130,133],"product_tag":[],"mwb_booking_cost":[],"mwb_booking_service":[],"class_list":{"0":"post-1048","1":"product","2":"type-product","3":"status-publish","4":"has-post-thumbnail","6":"product_cat-sin-categorizar","7":"product_cat-booking","9":"first","10":"instock","11":"virtual","12":"purchasable","13":"product-type-mwb_booking"},"yoast_head":"<!-- This site is optimized with the Yoast SEO plugin v26.9 - https:\/\/yoast.com\/product\/yoast-seo-wordpress\/ -->\n<title>Bautizo de Buceo en Gran Canaria \u2013 Reserva tu Primera Inmersi\u00f3n<\/title>\n<meta name=\"description\" content=\"Descubre el bautizo de buceo en Gran Canaria. Bucea por primera vez con instructores profesionales en el sur de la isla. Reserva ahora online.\" \/>\n<meta name=\"robots\" content=\"index, follow, max-snippet:-1, max-image-preview:large, max-video-preview:-1\" \/>\n<link rel=\"canonical\" href=\"https:\/\/zeusdivecenter.com\/fr\/reservations-de-plongee-dans-le-sud-de-lile\/\" \/>\n<meta property=\"og:locale\" content=\"fr_FR\" \/>\n<meta property=\"og:type\" content=\"article\" \/>\n<meta property=\"og:title\" content=\"Bautizo de Buceo en Gran Canaria \u2013 Reserva tu Primera Inmersi\u00f3n\" \/>\n<meta property=\"og:description\" content=\"Descubre el bautizo de buceo en Gran Canaria. Bucea por primera vez con instructores profesionales en el sur de la isla. Reserva ahora online.\" \/>\n<meta property=\"og:url\" content=\"https:\/\/zeusdivecenter.com\/fr\/reservations-de-plongee-dans-le-sud-de-lile\/\" \/>\n<meta property=\"og:site_name\" content=\"Zeus Dive Center\" \/>\n<meta property=\"article:modified_time\" content=\"2026-03-05T17:36:49+00:00\" \/>\n<meta property=\"og:image\" content=\"https:\/\/zeusdivecenter.com\/wp-content\/uploads\/2026\/02\/grancanaria-snorkel-trydive-scubadive-duiken-schnuppertauchen-dive-tauchen-maspalomas194.jpg\" \/>\n\t<meta property=\"og:image:width\" content=\"1080\" \/>\n\t<meta property=\"og:image:height\" content=\"1920\" \/>\n\t<meta property=\"og:image:type\" content=\"image\/jpeg\" \/>\n<meta name=\"twitter:card\" content=\"summary_large_image\" \/>\n<meta name=\"twitter:label1\" content=\"Dur\u00e9e de lecture estim\u00e9e\" \/>\n\t<meta name=\"twitter:data1\" content=\"2 minutes\" \/>\n<!-- \/ Yoast SEO plugin. -->","yoast_head_json":{"title":"Initiation \u00e0 la plong\u00e9e sous-marine \u00e0 Gran Canaria \u2013 R\u00e9servez votre premi\u00e8re plong\u00e9e","description":"D\u00e9couvrez le bapt\u00eame de plong\u00e9e \u00e0 Gran Canaria. Plongez pour la premi\u00e8re fois avec des moniteurs professionnels au sud de l&#039;\u00eele. R\u00e9servez en ligne d\u00e8s maintenant.","robots":{"index":"index","follow":"follow","max-snippet":"max-snippet:-1","max-image-preview":"max-image-preview:large","max-video-preview":"max-video-preview:-1"},"canonical":"https:\/\/zeusdivecenter.com\/fr\/reservations-de-plongee-dans-le-sud-de-lile\/","og_locale":"fr_FR","og_type":"article","og_title":"Bautizo de Buceo en Gran Canaria \u2013 Reserva tu Primera Inmersi\u00f3n","og_description":"Descubre el bautizo de buceo en Gran Canaria. Bucea por primera vez con instructores profesionales en el sur de la isla. Reserva ahora online.","og_url":"https:\/\/zeusdivecenter.com\/fr\/reservations-de-plongee-dans-le-sud-de-lile\/","og_site_name":"Zeus Dive Center","article_modified_time":"2026-03-05T17:36:49+00:00","og_image":[{"width":1080,"height":1920,"url":"https:\/\/zeusdivecenter.com\/wp-content\/uploads\/2026\/02\/grancanaria-snorkel-trydive-scubadive-duiken-schnuppertauchen-dive-tauchen-maspalomas194.jpg","type":"image\/jpeg"}],"twitter_card":"summary_large_image","twitter_misc":{"Dur\u00e9e de lecture estim\u00e9e":"2 minutes"},"schema":{"@context":"https:\/\/schema.org","@graph":[{"@type":"WebPage","@id":"https:\/\/zeusdivecenter.com\/reservas-buceo-al-sur-de-la-isla\/","url":"https:\/\/zeusdivecenter.com\/reservas-buceo-al-sur-de-la-isla\/","name":"Initiation \u00e0 la plong\u00e9e sous-marine \u00e0 Gran Canaria \u2013 R\u00e9servez votre premi\u00e8re plong\u00e9e","isPartOf":{"@id":"https:\/\/zeusdivecenter.com\/#website"},"primaryImageOfPage":{"@id":"https:\/\/zeusdivecenter.com\/reservas-buceo-al-sur-de-la-isla\/#primaryimage"},"image":{"@id":"https:\/\/zeusdivecenter.com\/reservas-buceo-al-sur-de-la-isla\/#primaryimage"},"thumbnailUrl":"https:\/\/zeusdivecenter.com\/wp-content\/uploads\/2026\/02\/grancanaria-snorkel-trydive-scubadive-duiken-schnuppertauchen-dive-tauchen-maspalomas194.jpg","datePublished":"2026-02-11T00:21:54+00:00","dateModified":"2026-03-05T17:36:49+00:00","description":"D\u00e9couvrez le bapt\u00eame de plong\u00e9e \u00e0 Gran Canaria. Plongez pour la premi\u00e8re fois avec des moniteurs professionnels au sud de l&#039;\u00eele. R\u00e9servez en ligne d\u00e8s maintenant.","breadcrumb":{"@id":"https:\/\/zeusdivecenter.com\/reservas-buceo-al-sur-de-la-isla\/#breadcrumb"},"inLanguage":"fr-FR","potentialAction":[{"@type":"ReadAction","target":["https:\/\/zeusdivecenter.com\/reservas-buceo-al-sur-de-la-isla\/"]}]},{"@type":"ImageObject","inLanguage":"fr-FR","@id":"https:\/\/zeusdivecenter.com\/reservas-buceo-al-sur-de-la-isla\/#primaryimage","url":"https:\/\/zeusdivecenter.com\/wp-content\/uploads\/2026\/02\/grancanaria-snorkel-trydive-scubadive-duiken-schnuppertauchen-dive-tauchen-maspalomas194.jpg","contentUrl":"https:\/\/zeusdivecenter.com\/wp-content\/uploads\/2026\/02\/grancanaria-snorkel-trydive-scubadive-duiken-schnuppertauchen-dive-tauchen-maspalomas194.jpg","width":1080,"height":1920},{"@type":"BreadcrumbList","@id":"https:\/\/zeusdivecenter.com\/reservas-buceo-al-sur-de-la-isla\/#breadcrumb","itemListElement":[{"@type":"ListItem","position":1,"name":"Portada","item":"https:\/\/zeusdivecenter.com\/"},{"@type":"ListItem","position":2,"name":"Productos","item":"https:\/\/zeusdivecenter.com\/shop\/"},{"@type":"ListItem","position":3,"name":"Gran canaria: bautizo de buceo"}]},{"@type":"WebSite","@id":"https:\/\/zeusdivecenter.com\/#website","url":"https:\/\/zeusdivecenter.com\/","name":"Centre de plong\u00e9e Zeus","description":"","publisher":{"@id":"https:\/\/zeusdivecenter.com\/#organization"},"potentialAction":[{"@type":"SearchAction","target":{"@type":"EntryPoint","urlTemplate":"https:\/\/zeusdivecenter.com\/?s={search_term_string}"},"query-input":{"@type":"PropertyValueSpecification","valueRequired":true,"valueName":"search_term_string"}}],"inLanguage":"fr-FR"},{"@type":"Organization","@id":"https:\/\/zeusdivecenter.com\/#organization","name":"Centre de plong\u00e9e Zeus","url":"https:\/\/zeusdivecenter.com\/","logo":{"@type":"ImageObject","inLanguage":"fr-FR","@id":"https:\/\/zeusdivecenter.com\/#\/schema\/logo\/image\/","url":"https:\/\/zeusdivecenter.com\/wp-content\/uploads\/2026\/02\/grancanaria-snorkel-trydive-scubadive-duiken-schnuppertauchen-dive-tauchen-maspalomas15.png","contentUrl":"https:\/\/zeusdivecenter.com\/wp-content\/uploads\/2026\/02\/grancanaria-snorkel-trydive-scubadive-duiken-schnuppertauchen-dive-tauchen-maspalomas15.png","width":1080,"height":1080,"caption":"Zeus Dive Center"},"image":{"@id":"https:\/\/zeusdivecenter.com\/#\/schema\/logo\/image\/"}}]}},"_links":{"self":[{"href":"https:\/\/zeusdivecenter.com\/fr\/wp-json\/wp\/v2\/product\/1048","targetHints":{"allow":["GET"]}}],"collection":[{"href":"https:\/\/zeusdivecenter.com\/fr\/wp-json\/wp\/v2\/product"}],"about":[{"href":"https:\/\/zeusdivecenter.com\/fr\/wp-json\/wp\/v2\/types\/product"}],"replies":[{"embeddable":true,"href":"https:\/\/zeusdivecenter.com\/fr\/wp-json\/wp\/v2\/comments?post=1048"}],"version-history":[{"count":27,"href":"https:\/\/zeusdivecenter.com\/fr\/wp-json\/wp\/v2\/product\/1048\/revisions"}],"predecessor-version":[{"id":1876,"href":"https:\/\/zeusdivecenter.com\/fr\/wp-json\/wp\/v2\/product\/1048\/revisions\/1876"}],"wp:featuredmedia":[{"embeddable":true,"href":"https:\/\/zeusdivecenter.com\/fr\/wp-json\/wp\/v2\/media\/1744"}],"wp:attachment":[{"href":"https:\/\/zeusdivecenter.com\/fr\/wp-json\/wp\/v2\/media?parent=1048"}],"wp:term":[{"taxonomy":"product_brand","embeddable":true,"href":"https:\/\/zeusdivecenter.com\/fr\/wp-json\/wp\/v2\/product_brand?post=1048"},{"taxonomy":"product_cat","embeddable":true,"href":"https:\/\/zeusdivecenter.com\/fr\/wp-json\/wp\/v2\/product_cat?post=1048"},{"taxonomy":"product_tag","embeddable":true,"href":"https:\/\/zeusdivecenter.com\/fr\/wp-json\/wp\/v2\/product_tag?post=1048"},{"taxonomy":"mwb_booking_cost","embeddable":true,"href":"https:\/\/zeusdivecenter.com\/fr\/wp-json\/wp\/v2\/mwb_booking_cost?post=1048"},{"taxonomy":"mwb_booking_service","embeddable":true,"href":"https:\/\/zeusdivecenter.com\/fr\/wp-json\/wp\/v2\/mwb_booking_service?post=1048"}],"curies":[{"name":"wp","href":"https:\/\/api.w.org\/{rel}","templated":true}]}}