{"id":962,"date":"2026-02-10T20:58:29","date_gmt":"2026-02-10T20:58:29","guid":{"rendered":"https:\/\/webdebuceo.websmwinner.com\/?post_type=product&#038;p=962"},"modified":"2026-03-05T18:01:37","modified_gmt":"2026-03-05T18:01:37","slug":"mogan-port-reservations-snorkeling-excursion-by-boat","status":"publish","type":"product","link":"https:\/\/zeusdivecenter.com\/en\/mogan-port-reservations-snorkeling-excursion-by-boat\/","title":{"rendered":"Snorkeling in Gran Canaria, Puerto de Mog\u00e1n: Snorkeling excursion by boat"},"content":{"rendered":"<div data-elementor-type=\"product-post\" data-elementor-id=\"962\" class=\"elementor elementor-962\" data-elementor-post-type=\"product\">\n\t\t\t\t<div class=\"elementor-element elementor-element-7b12f52 e-flex e-con-boxed wpr-particle-no wpr-jarallax-no wpr-parallax-no wpr-sticky-section-no e-con e-parent\" data-id=\"7b12f52\" data-element_type=\"container\" data-e-type=\"container\">\n\t\t\t\t\t<div class=\"e-con-inner\">\n\t\t<div class=\"elementor-element elementor-element-c2687dc e-con-full e-flex wpr-particle-no wpr-jarallax-no wpr-parallax-no wpr-sticky-section-no e-con e-child\" data-id=\"c2687dc\" data-element_type=\"container\" data-e-type=\"container\" data-settings=\"{&quot;background_background&quot;:&quot;classic&quot;}\">\n\t\t\t\t<div class=\"elementor-element elementor-element-f9c8cf0 elementor-widget elementor-widget-heading\" data-id=\"f9c8cf0\" data-element_type=\"widget\" data-e-type=\"widget\" data-widget_type=\"heading.default\">\n\t\t\t\t\t<h2 class=\"elementor-heading-title elementor-size-default\">Snorkeling in Gran Canaria with Zeus Dive Center<\/h2>\t\t\t\t<\/div>\n\t\t\t\t<div class=\"elementor-element elementor-element-f550b3b elementor-widget elementor-widget-text-editor\" data-id=\"f550b3b\" data-element_type=\"widget\" data-e-type=\"widget\" data-widget_type=\"text-editor.default\">\n\t\t\t\t\t\t\t\t\t<p><span style=\"font-weight: 400;\">Discover the marine life of Gran Canaria in an easy, safe, and highly enjoyable way. Our snorkeling experience is designed for beginners and those who want to experience the sea in comfort: we always look for a sheltered bay with good visibility and pleasant conditions so you can simply relax and enjoy yourself.<\/span><\/p><h3><strong>A guided and safe experience<\/strong><\/h3><p><span style=\"font-weight: 400;\">Before entering the water, we'll give you a brief and clear explanation: how to breathe, how to move, what to do to feel comfortable, and the basic signals. Throughout the activity, you'll be accompanied by a professional, so you can feel at ease at all times.<\/span><\/p>\t\t\t\t\t\t\t\t<\/div>\n\t\t\t\t<div class=\"elementor-element elementor-element-74428ab elementor-widget elementor-widget-heading\" data-id=\"74428ab\" data-element_type=\"widget\" data-e-type=\"widget\" data-widget_type=\"heading.default\">\n\t\t\t\t\t<h2 class=\"elementor-heading-title elementor-size-default\">Who is it for?<\/h2>\t\t\t\t<\/div>\n\t\t\t\t<div class=\"elementor-element elementor-element-b1b34b6 elementor-icon-list--layout-traditional elementor-list-item-link-full_width elementor-widget elementor-widget-icon-list\" data-id=\"b1b34b6\" data-element_type=\"widget\" data-e-type=\"widget\" data-widget_type=\"icon-list.default\">\n\t\t\t\t\t\t\t<ul class=\"elementor-icon-list-items\">\n\t\t\t\t\t\t\t<li class=\"elementor-icon-list-item\">\n\t\t\t\t\t\t\t\t\t\t\t<span class=\"elementor-icon-list-icon\">\n\t\t\t\t\t\t\t<i aria-hidden=\"true\" class=\"icon_check_alt\"><\/i>\t\t\t\t\t\t<\/span>\n\t\t\t\t\t\t\t\t\t\t<span class=\"elementor-icon-list-text\">Ideal if it's your first time, if you want a simple and safe activity, or if you come as a couple, with friends or with family.<\/span>\n\t\t\t\t\t\t\t\t\t<\/li>\n\t\t\t\t\t\t<\/ul>\n\t\t\t\t\t\t<\/div>\n\t\t\t\t<div class=\"elementor-element elementor-element-dc3419c elementor-widget elementor-widget-heading\" data-id=\"dc3419c\" data-element_type=\"widget\" data-e-type=\"widget\" data-widget_type=\"heading.default\">\n\t\t\t\t\t<h2 class=\"elementor-heading-title elementor-size-default\">What's Included<\/h2>\t\t\t\t<\/div>\n\t\t\t\t<div class=\"elementor-element elementor-element-0229ec6 elementor-icon-list--layout-traditional elementor-list-item-link-full_width elementor-widget elementor-widget-icon-list\" data-id=\"0229ec6\" data-element_type=\"widget\" data-e-type=\"widget\" data-widget_type=\"icon-list.default\">\n\t\t\t\t\t\t\t<ul class=\"elementor-icon-list-items\">\n\t\t\t\t\t\t\t<li class=\"elementor-icon-list-item\">\n\t\t\t\t\t\t\t\t\t\t\t<span class=\"elementor-icon-list-icon\">\n\t\t\t\t\t\t\t<i aria-hidden=\"true\" class=\"icon_check_alt\"><\/i>\t\t\t\t\t\t<\/span>\n\t\t\t\t\t\t\t\t\t\t<span class=\"elementor-icon-list-text\">Accompaniment by a professional guide.<\/span>\n\t\t\t\t\t\t\t\t\t<\/li>\n\t\t\t\t\t\t\t\t<li class=\"elementor-icon-list-item\">\n\t\t\t\t\t\t\t\t\t\t\t<span class=\"elementor-icon-list-icon\">\n\t\t\t\t\t\t\t<i aria-hidden=\"true\" class=\"icon_check_alt\"><\/i>\t\t\t\t\t\t<\/span>\n\t\t\t\t\t\t\t\t\t\t<span class=\"elementor-icon-list-text\">We've provided a full face mask to make it easier and more comfortable.<\/span>\n\t\t\t\t\t\t\t\t\t<\/li>\n\t\t\t\t\t\t\t\t<li class=\"elementor-icon-list-item\">\n\t\t\t\t\t\t\t\t\t\t\t<span class=\"elementor-icon-list-icon\">\n\t\t\t\t\t\t\t<i aria-hidden=\"true\" class=\"icon_check_alt\"><\/i>\t\t\t\t\t\t<\/span>\n\t\t\t\t\t\t\t\t\t\t<span class=\"elementor-icon-list-text\">Choosing the best point according to the state of the sea (ship or coast).<\/span>\n\t\t\t\t\t\t\t\t\t<\/li>\n\t\t\t\t\t\t<\/ul>\n\t\t\t\t\t\t<\/div>\n\t\t\t\t<\/div>\n\t\t<div class=\"elementor-element elementor-element-0cd94ee e-con-full e-flex wpr-particle-no wpr-jarallax-no wpr-parallax-no wpr-sticky-section-no e-con e-child\" data-id=\"0cd94ee\" data-element_type=\"container\" data-e-type=\"container\" data-settings=\"{&quot;background_background&quot;:&quot;classic&quot;}\">\n\t\t\t\t<div class=\"elementor-element elementor-element-76d422d elementor-widget elementor-widget-heading\" data-id=\"76d422d\" data-element_type=\"widget\" data-e-type=\"widget\" data-widget_type=\"heading.default\">\n\t\t\t\t\t<h2 class=\"elementor-heading-title elementor-size-default\">What will you do?<\/h2>\t\t\t\t<\/div>\n\t\t\t\t<div class=\"elementor-element elementor-element-216dc86 elementor-icon-list--layout-traditional elementor-list-item-link-full_width elementor-widget elementor-widget-icon-list\" data-id=\"216dc86\" data-element_type=\"widget\" data-e-type=\"widget\" data-widget_type=\"icon-list.default\">\n\t\t\t\t\t\t\t<ul class=\"elementor-icon-list-items\">\n\t\t\t\t\t\t\t<li class=\"elementor-icon-list-item\">\n\t\t\t\t\t\t\t\t\t\t\t<span class=\"elementor-icon-list-icon\">\n\t\t\t\t\t\t\t<i aria-hidden=\"true\" class=\"icon_check_alt\"><\/i>\t\t\t\t\t\t<\/span>\n\t\t\t\t\t\t\t\t\t\t<span class=\"elementor-icon-list-text\">Explore the underwater beauty of Gran Canaria.<\/span>\n\t\t\t\t\t\t\t\t\t<\/li>\n\t\t\t\t\t\t\t\t<li class=\"elementor-icon-list-item\">\n\t\t\t\t\t\t\t\t\t\t\t<span class=\"elementor-icon-list-icon\">\n\t\t\t\t\t\t\t<i aria-hidden=\"true\" class=\"icon_check_alt\"><\/i>\t\t\t\t\t\t<\/span>\n\t\t\t\t\t\t\t\t\t\t<span class=\"elementor-icon-list-text\">Experience the thrill of an activity on a protected beach\/bay, perfect for beginners.<\/span>\n\t\t\t\t\t\t\t\t\t<\/li>\n\t\t\t\t\t\t\t\t<li class=\"elementor-icon-list-item\">\n\t\t\t\t\t\t\t\t\t\t\t<span class=\"elementor-icon-list-icon\">\n\t\t\t\t\t\t\t<i aria-hidden=\"true\" class=\"icon_check_alt\"><\/i>\t\t\t\t\t\t<\/span>\n\t\t\t\t\t\t\t\t\t\t<span class=\"elementor-icon-list-text\">We will depart by boat from the port towards a protected bay in Gran Canaria to carry out the activity.<\/span>\n\t\t\t\t\t\t\t\t\t<\/li>\n\t\t\t\t\t\t\t\t<li class=\"elementor-icon-list-item\">\n\t\t\t\t\t\t\t\t\t\t\t<span class=\"elementor-icon-list-icon\">\n\t\t\t\t\t\t\t<i aria-hidden=\"true\" class=\"icon_check_alt\"><\/i>\t\t\t\t\t\t<\/span>\n\t\t\t\t\t\t\t\t\t\t<span class=\"elementor-icon-list-text\">If the sea is not cooperating, we will snorkel from the shore in a protected, calm and safe bay, always seeking the best conditions of safety and visibility.<\/span>\n\t\t\t\t\t\t\t\t\t<\/li>\n\t\t\t\t\t\t<\/ul>\n\t\t\t\t\t\t<\/div>\n\t\t\t\t<div class=\"elementor-element elementor-element-95d0f07 elementor-widget elementor-widget-heading\" data-id=\"95d0f07\" data-element_type=\"widget\" data-e-type=\"widget\" data-widget_type=\"heading.default\">\n\t\t\t\t\t<h2 class=\"elementor-heading-title elementor-size-default\">What do we need to organize it?<\/h2>\t\t\t\t<\/div>\n\t\t\t\t<div class=\"elementor-element elementor-element-20bea54 elementor-widget elementor-widget-text-editor\" data-id=\"20bea54\" data-element_type=\"widget\" data-e-type=\"widget\" data-widget_type=\"text-editor.default\">\n\t\t\t\t\t\t\t\t\t<p>To confirm availability, please tell us:<\/p><p>\u2013 What day would you like to come?<br \/>\u2013 How many people are there?<br \/>\u2013 Do you know how to swim (yes\/no)<br \/>\u2013 Quick booking<\/p><p>Write to us on WhatsApp with those 3 pieces of information and we will respond with availability and the best option according to the sea.<\/p>\t\t\t\t\t\t\t\t<\/div>\n\t\t\t\t<\/div>\n\t\t\t\t\t<\/div>\n\t\t\t\t<\/div>\n\t\t<div class=\"elementor-element elementor-element-d7f95d4 e-flex e-con-boxed wpr-particle-no wpr-jarallax-no wpr-parallax-no wpr-sticky-section-no e-con e-parent\" data-id=\"d7f95d4\" data-element_type=\"container\" data-e-type=\"container\">\n\t\t\t\t\t<div class=\"e-con-inner\">\n\t\t\t\t<div class=\"elementor-element elementor-element-e8d2eb6 gallery-spacing-custom elementor-widget elementor-widget-image-gallery\" data-id=\"e8d2eb6\" data-element_type=\"widget\" data-e-type=\"widget\" data-widget_type=\"image-gallery.default\">\n\t\t\t\t\t\t\t<div class=\"elementor-image-gallery\">\n\t\t\t<div id='gallery-1' class='gallery galleryid-962 gallery-columns-4 gallery-size-woocommerce_thumbnail'><figure class='gallery-item'>\n\t\t\t<div class='gallery-icon landscape'>\n\t\t\t\t<a data-elementor-open-lightbox=\"yes\" data-elementor-lightbox-slideshow=\"e8d2eb6\" data-elementor-lightbox-title=\"grancanaria-snorkel-trydive-scubadive-duiken-schnuppertauchen-dive-tauchen-maspalomas183\" data-e-action-hash=\"#elementor-action%3Aaction%3Dlightbox%26settings%3DeyJpZCI6MTcyNywidXJsIjoiaHR0cHM6XC9cL3pldXNkaXZlY2VudGVyLmNvbVwvd3AtY29udGVudFwvdXBsb2Fkc1wvMjAyNlwvMDJcL2dyYW5jYW5hcmlhLXNub3JrZWwtdHJ5ZGl2ZS1zY3ViYWRpdmUtZHVpa2VuLXNjaG51cHBlcnRhdWNoZW4tZGl2ZS10YXVjaGVuLW1hc3BhbG9tYXMxODMuanBnIiwic2xpZGVzaG93IjoiZThkMmViNiJ9\" href='https:\/\/zeusdivecenter.com\/wp-content\/uploads\/2026\/02\/grancanaria-snorkel-trydive-scubadive-duiken-schnuppertauchen-dive-tauchen-maspalomas183.jpg'><img fetchpriority=\"high\" decoding=\"async\" width=\"300\" height=\"300\" src=\"https:\/\/zeusdivecenter.com\/wp-content\/uploads\/2026\/02\/grancanaria-snorkel-trydive-scubadive-duiken-schnuppertauchen-dive-tauchen-maspalomas183-300x300.jpg\" class=\"attachment-woocommerce_thumbnail size-woocommerce_thumbnail\" alt=\"\" srcset=\"https:\/\/zeusdivecenter.com\/wp-content\/uploads\/2026\/02\/grancanaria-snorkel-trydive-scubadive-duiken-schnuppertauchen-dive-tauchen-maspalomas183-300x300.jpg 300w, https:\/\/zeusdivecenter.com\/wp-content\/uploads\/2026\/02\/grancanaria-snorkel-trydive-scubadive-duiken-schnuppertauchen-dive-tauchen-maspalomas183-150x150.jpg 150w, https:\/\/zeusdivecenter.com\/wp-content\/uploads\/2026\/02\/grancanaria-snorkel-trydive-scubadive-duiken-schnuppertauchen-dive-tauchen-maspalomas183-100x100.jpg 100w\" sizes=\"(max-width: 300px) 100vw, 300px\" \/><\/a>\n\t\t\t<\/div><\/figure><figure class='gallery-item'>\n\t\t\t<div class='gallery-icon landscape'>\n\t\t\t\t<a data-elementor-open-lightbox=\"yes\" data-elementor-lightbox-slideshow=\"e8d2eb6\" data-elementor-lightbox-title=\"grancanaria-snorkel-trydive-scubadive-duiken-schnuppertauchen-dive-tauchen-maspalomas184\" data-e-action-hash=\"#elementor-action%3Aaction%3Dlightbox%26settings%3DeyJpZCI6MTcyOCwidXJsIjoiaHR0cHM6XC9cL3pldXNkaXZlY2VudGVyLmNvbVwvd3AtY29udGVudFwvdXBsb2Fkc1wvMjAyNlwvMDJcL2dyYW5jYW5hcmlhLXNub3JrZWwtdHJ5ZGl2ZS1zY3ViYWRpdmUtZHVpa2VuLXNjaG51cHBlcnRhdWNoZW4tZGl2ZS10YXVjaGVuLW1hc3BhbG9tYXMxODQuanBnIiwic2xpZGVzaG93IjoiZThkMmViNiJ9\" href='https:\/\/zeusdivecenter.com\/wp-content\/uploads\/2026\/02\/grancanaria-snorkel-trydive-scubadive-duiken-schnuppertauchen-dive-tauchen-maspalomas184.jpg'><img decoding=\"async\" width=\"300\" height=\"300\" src=\"https:\/\/zeusdivecenter.com\/wp-content\/uploads\/2026\/02\/grancanaria-snorkel-trydive-scubadive-duiken-schnuppertauchen-dive-tauchen-maspalomas184-300x300.jpg\" class=\"attachment-woocommerce_thumbnail size-woocommerce_thumbnail\" alt=\"\" srcset=\"https:\/\/zeusdivecenter.com\/wp-content\/uploads\/2026\/02\/grancanaria-snorkel-trydive-scubadive-duiken-schnuppertauchen-dive-tauchen-maspalomas184-300x300.jpg 300w, https:\/\/zeusdivecenter.com\/wp-content\/uploads\/2026\/02\/grancanaria-snorkel-trydive-scubadive-duiken-schnuppertauchen-dive-tauchen-maspalomas184-150x150.jpg 150w, https:\/\/zeusdivecenter.com\/wp-content\/uploads\/2026\/02\/grancanaria-snorkel-trydive-scubadive-duiken-schnuppertauchen-dive-tauchen-maspalomas184-100x100.jpg 100w\" sizes=\"(max-width: 300px) 100vw, 300px\" \/><\/a>\n\t\t\t<\/div><\/figure><figure class='gallery-item'>\n\t\t\t<div class='gallery-icon portrait'>\n\t\t\t\t<a data-elementor-open-lightbox=\"yes\" data-elementor-lightbox-slideshow=\"e8d2eb6\" data-elementor-lightbox-title=\"grancanaria-snorkel-trydive-scubadive-duiken-schnuppertauchen-dive-tauchen-maspalomas185\" data-e-action-hash=\"#elementor-action%3Aaction%3Dlightbox%26settings%3DeyJpZCI6MTcyOSwidXJsIjoiaHR0cHM6XC9cL3pldXNkaXZlY2VudGVyLmNvbVwvd3AtY29udGVudFwvdXBsb2Fkc1wvMjAyNlwvMDJcL2dyYW5jYW5hcmlhLXNub3JrZWwtdHJ5ZGl2ZS1zY3ViYWRpdmUtZHVpa2VuLXNjaG51cHBlcnRhdWNoZW4tZGl2ZS10YXVjaGVuLW1hc3BhbG9tYXMxODUuanBnIiwic2xpZGVzaG93IjoiZThkMmViNiJ9\" href='https:\/\/zeusdivecenter.com\/wp-content\/uploads\/2026\/02\/grancanaria-snorkel-trydive-scubadive-duiken-schnuppertauchen-dive-tauchen-maspalomas185.jpg'><img decoding=\"async\" width=\"300\" height=\"300\" src=\"https:\/\/zeusdivecenter.com\/wp-content\/uploads\/2026\/02\/grancanaria-snorkel-trydive-scubadive-duiken-schnuppertauchen-dive-tauchen-maspalomas185-300x300.jpg\" class=\"attachment-woocommerce_thumbnail size-woocommerce_thumbnail\" alt=\"\" srcset=\"https:\/\/zeusdivecenter.com\/wp-content\/uploads\/2026\/02\/grancanaria-snorkel-trydive-scubadive-duiken-schnuppertauchen-dive-tauchen-maspalomas185-300x300.jpg 300w, https:\/\/zeusdivecenter.com\/wp-content\/uploads\/2026\/02\/grancanaria-snorkel-trydive-scubadive-duiken-schnuppertauchen-dive-tauchen-maspalomas185-150x150.jpg 150w, https:\/\/zeusdivecenter.com\/wp-content\/uploads\/2026\/02\/grancanaria-snorkel-trydive-scubadive-duiken-schnuppertauchen-dive-tauchen-maspalomas185-100x100.jpg 100w\" sizes=\"(max-width: 300px) 100vw, 300px\" \/><\/a>\n\t\t\t<\/div><\/figure><figure class='gallery-item'>\n\t\t\t<div class='gallery-icon portrait'>\n\t\t\t\t<a data-elementor-open-lightbox=\"yes\" data-elementor-lightbox-slideshow=\"e8d2eb6\" data-elementor-lightbox-title=\"grancanaria-snorkel-trydive-scubadive-duiken-schnuppertauchen-dive-tauchen-maspalomas186\" data-e-action-hash=\"#elementor-action%3Aaction%3Dlightbox%26settings%3DeyJpZCI6MTczMCwidXJsIjoiaHR0cHM6XC9cL3pldXNkaXZlY2VudGVyLmNvbVwvd3AtY29udGVudFwvdXBsb2Fkc1wvMjAyNlwvMDJcL2dyYW5jYW5hcmlhLXNub3JrZWwtdHJ5ZGl2ZS1zY3ViYWRpdmUtZHVpa2VuLXNjaG51cHBlcnRhdWNoZW4tZGl2ZS10YXVjaGVuLW1hc3BhbG9tYXMxODYuanBnIiwic2xpZGVzaG93IjoiZThkMmViNiJ9\" href='https:\/\/zeusdivecenter.com\/wp-content\/uploads\/2026\/02\/grancanaria-snorkel-trydive-scubadive-duiken-schnuppertauchen-dive-tauchen-maspalomas186.jpg'><img loading=\"lazy\" decoding=\"async\" width=\"300\" height=\"300\" src=\"https:\/\/zeusdivecenter.com\/wp-content\/uploads\/2026\/02\/grancanaria-snorkel-trydive-scubadive-duiken-schnuppertauchen-dive-tauchen-maspalomas186-300x300.jpg\" class=\"attachment-woocommerce_thumbnail size-woocommerce_thumbnail\" alt=\"\" srcset=\"https:\/\/zeusdivecenter.com\/wp-content\/uploads\/2026\/02\/grancanaria-snorkel-trydive-scubadive-duiken-schnuppertauchen-dive-tauchen-maspalomas186-300x300.jpg 300w, https:\/\/zeusdivecenter.com\/wp-content\/uploads\/2026\/02\/grancanaria-snorkel-trydive-scubadive-duiken-schnuppertauchen-dive-tauchen-maspalomas186-150x150.jpg 150w, https:\/\/zeusdivecenter.com\/wp-content\/uploads\/2026\/02\/grancanaria-snorkel-trydive-scubadive-duiken-schnuppertauchen-dive-tauchen-maspalomas186-100x100.jpg 100w\" sizes=\"(max-width: 300px) 100vw, 300px\" \/><\/a>\n\t\t\t<\/div><\/figure>\n\t\t<\/div>\n\t\t<\/div>\n\t\t\t\t\t\t<\/div>\n\t\t\t\t\t<\/div>\n\t\t\t\t<\/div>\n\t\t<div class=\"elementor-element elementor-element-a935be3 e-flex e-con-boxed wpr-particle-no wpr-jarallax-no wpr-parallax-no wpr-sticky-section-no e-con e-parent\" data-id=\"a935be3\" data-element_type=\"container\" data-e-type=\"container\">\n\t\t\t\t\t<div class=\"e-con-inner\">\n\t\t\t\t<div class=\"elementor-element elementor-element-adb29df elementor-widget elementor-widget-shortcode\" data-id=\"adb29df\" data-element_type=\"widget\" data-e-type=\"widget\" data-widget_type=\"shortcode.default\">\n\t\t\t\t\t\t\t<div class=\"elementor-shortcode\">    \n    <div class=\"load-turitop\"\n         data-service=\"P4\"\n         data-lang=\"en\"\n         data-embed=\"box\">\n    <\/div>\n\n    <script>\n    if (typeof loadTuritop !== \"undefined\") {\n        loadTuritop();\n    }\n    <\/script>\n\n    <\/div>\n\t\t\t\t\t\t<\/div>\n\t\t\t\t\t<\/div>\n\t\t\t\t<\/div>\n\t\t\t\t<\/div>","protected":false},"excerpt":{"rendered":"<p>Explore the southwest coast of Gran Canaria, part of the Biosphere Reserve, by boat and snorkeling. Enjoy the crystal-clear waters and have fun.<\/p>","protected":false},"featured_media":1725,"comment_status":"open","ping_status":"closed","template":"","meta":{"_eb_attr":"","_joinchat":{"message_send":"Hola, buenas. Quiero m\u00e1s informaci\u00f3n acerca de {PRODUCT}","view":"no"}},"product_brand":[],"product_cat":[130,133],"product_tag":[],"mwb_booking_cost":[],"mwb_booking_service":[],"class_list":{"0":"post-962","1":"product","2":"type-product","3":"status-publish","4":"has-post-thumbnail","6":"product_cat-sin-categorizar","7":"product_cat-booking","9":"first","10":"instock","11":"virtual","12":"purchasable","13":"product-type-mwb_booking"},"yoast_head":"<!-- This site is optimized with the Yoast SEO plugin v26.9 - https:\/\/yoast.com\/product\/yoast-seo-wordpress\/ -->\n<title>Snorkel en Gran Canaria | Excursi\u00f3n en barco<\/title>\n<meta name=\"description\" content=\"Excursi\u00f3n de snorkel en Gran Canaria desde Puerto de Mog\u00e1n. Salida en barco con gu\u00eda profesional. Descubre la vida marina y reserva online tu experiencia.\" \/>\n<meta name=\"robots\" content=\"index, follow, max-snippet:-1, max-image-preview:large, max-video-preview:-1\" \/>\n<link rel=\"canonical\" href=\"https:\/\/zeusdivecenter.com\/en\/mogan-port-reservations-snorkeling-excursion-by-boat\/\" \/>\n<meta property=\"og:locale\" content=\"en_GB\" \/>\n<meta property=\"og:type\" content=\"article\" \/>\n<meta property=\"og:title\" content=\"Snorkel en Gran Canaria | Excursi\u00f3n en barco\" \/>\n<meta property=\"og:description\" content=\"Excursi\u00f3n de snorkel en Gran Canaria desde Puerto de Mog\u00e1n. Salida en barco con gu\u00eda profesional. Descubre la vida marina y reserva online tu experiencia.\" \/>\n<meta property=\"og:url\" content=\"https:\/\/zeusdivecenter.com\/en\/mogan-port-reservations-snorkeling-excursion-by-boat\/\" \/>\n<meta property=\"og:site_name\" content=\"Zeus Dive Center\" \/>\n<meta property=\"article:modified_time\" content=\"2026-03-05T18:01:37+00:00\" \/>\n<meta property=\"og:image\" content=\"https:\/\/zeusdivecenter.com\/wp-content\/uploads\/2026\/02\/grancanaria-snorkel-trydive-scubadive-duiken-schnuppertauchen-dive-tauchen-maspalomas182.jpg\" \/>\n\t<meta property=\"og:image:width\" content=\"2048\" \/>\n\t<meta property=\"og:image:height\" content=\"1262\" \/>\n\t<meta property=\"og:image:type\" content=\"image\/jpeg\" \/>\n<meta name=\"twitter:card\" content=\"summary_large_image\" \/>\n<meta name=\"twitter:label1\" content=\"Estimated reading time\" \/>\n\t<meta name=\"twitter:data1\" content=\"3 minutes\" \/>\n<!-- \/ Yoast SEO plugin. -->","yoast_head_json":{"title":"Snorkeling in Gran Canaria | Boat trip","description":"Snorkeling excursion in Gran Canaria from Puerto de Mog\u00e1n. Boat trip with a professional guide. Discover marine life and book your experience online.","robots":{"index":"index","follow":"follow","max-snippet":"max-snippet:-1","max-image-preview":"max-image-preview:large","max-video-preview":"max-video-preview:-1"},"canonical":"https:\/\/zeusdivecenter.com\/en\/mogan-port-reservations-snorkeling-excursion-by-boat\/","og_locale":"en_GB","og_type":"article","og_title":"Snorkel en Gran Canaria | Excursi\u00f3n en barco","og_description":"Excursi\u00f3n de snorkel en Gran Canaria desde Puerto de Mog\u00e1n. Salida en barco con gu\u00eda profesional. Descubre la vida marina y reserva online tu experiencia.","og_url":"https:\/\/zeusdivecenter.com\/en\/mogan-port-reservations-snorkeling-excursion-by-boat\/","og_site_name":"Zeus Dive Center","article_modified_time":"2026-03-05T18:01:37+00:00","og_image":[{"width":2048,"height":1262,"url":"https:\/\/zeusdivecenter.com\/wp-content\/uploads\/2026\/02\/grancanaria-snorkel-trydive-scubadive-duiken-schnuppertauchen-dive-tauchen-maspalomas182.jpg","type":"image\/jpeg"}],"twitter_card":"summary_large_image","twitter_misc":{"Estimated reading time":"3 minutes"},"schema":{"@context":"https:\/\/schema.org","@graph":[{"@type":"WebPage","@id":"https:\/\/zeusdivecenter.com\/reservas-puerto-de-mogan-excursion-de-snorkel-con-barco\/","url":"https:\/\/zeusdivecenter.com\/reservas-puerto-de-mogan-excursion-de-snorkel-con-barco\/","name":"Snorkeling in Gran Canaria | Boat trip","isPartOf":{"@id":"https:\/\/zeusdivecenter.com\/#website"},"primaryImageOfPage":{"@id":"https:\/\/zeusdivecenter.com\/reservas-puerto-de-mogan-excursion-de-snorkel-con-barco\/#primaryimage"},"image":{"@id":"https:\/\/zeusdivecenter.com\/reservas-puerto-de-mogan-excursion-de-snorkel-con-barco\/#primaryimage"},"thumbnailUrl":"https:\/\/zeusdivecenter.com\/wp-content\/uploads\/2026\/02\/grancanaria-snorkel-trydive-scubadive-duiken-schnuppertauchen-dive-tauchen-maspalomas182.jpg","datePublished":"2026-02-10T20:58:29+00:00","dateModified":"2026-03-05T18:01:37+00:00","description":"Snorkeling excursion in Gran Canaria from Puerto de Mog\u00e1n. Boat trip with a professional guide. Discover marine life and book your experience online.","breadcrumb":{"@id":"https:\/\/zeusdivecenter.com\/reservas-puerto-de-mogan-excursion-de-snorkel-con-barco\/#breadcrumb"},"inLanguage":"en-GB","potentialAction":[{"@type":"ReadAction","target":["https:\/\/zeusdivecenter.com\/reservas-puerto-de-mogan-excursion-de-snorkel-con-barco\/"]}]},{"@type":"ImageObject","inLanguage":"en-GB","@id":"https:\/\/zeusdivecenter.com\/reservas-puerto-de-mogan-excursion-de-snorkel-con-barco\/#primaryimage","url":"https:\/\/zeusdivecenter.com\/wp-content\/uploads\/2026\/02\/grancanaria-snorkel-trydive-scubadive-duiken-schnuppertauchen-dive-tauchen-maspalomas182.jpg","contentUrl":"https:\/\/zeusdivecenter.com\/wp-content\/uploads\/2026\/02\/grancanaria-snorkel-trydive-scubadive-duiken-schnuppertauchen-dive-tauchen-maspalomas182.jpg","width":2048,"height":1262},{"@type":"BreadcrumbList","@id":"https:\/\/zeusdivecenter.com\/reservas-puerto-de-mogan-excursion-de-snorkel-con-barco\/#breadcrumb","itemListElement":[{"@type":"ListItem","position":1,"name":"Portada","item":"https:\/\/zeusdivecenter.com\/"},{"@type":"ListItem","position":2,"name":"Productos","item":"https:\/\/zeusdivecenter.com\/shop\/"},{"@type":"ListItem","position":3,"name":"Snorkel en Gran Canaria, Puerto de Mog\u00e1n: Excursi\u00f3n de snorkel con barco"}]},{"@type":"WebSite","@id":"https:\/\/zeusdivecenter.com\/#website","url":"https:\/\/zeusdivecenter.com\/","name":"Zeus Dive Center","description":"","publisher":{"@id":"https:\/\/zeusdivecenter.com\/#organization"},"potentialAction":[{"@type":"SearchAction","target":{"@type":"EntryPoint","urlTemplate":"https:\/\/zeusdivecenter.com\/?s={search_term_string}"},"query-input":{"@type":"PropertyValueSpecification","valueRequired":true,"valueName":"search_term_string"}}],"inLanguage":"en-GB"},{"@type":"Organization","@id":"https:\/\/zeusdivecenter.com\/#organization","name":"Zeus Dive Center","url":"https:\/\/zeusdivecenter.com\/","logo":{"@type":"ImageObject","inLanguage":"en-GB","@id":"https:\/\/zeusdivecenter.com\/#\/schema\/logo\/image\/","url":"https:\/\/zeusdivecenter.com\/wp-content\/uploads\/2026\/02\/grancanaria-snorkel-trydive-scubadive-duiken-schnuppertauchen-dive-tauchen-maspalomas15.png","contentUrl":"https:\/\/zeusdivecenter.com\/wp-content\/uploads\/2026\/02\/grancanaria-snorkel-trydive-scubadive-duiken-schnuppertauchen-dive-tauchen-maspalomas15.png","width":1080,"height":1080,"caption":"Zeus Dive Center"},"image":{"@id":"https:\/\/zeusdivecenter.com\/#\/schema\/logo\/image\/"}}]}},"_links":{"self":[{"href":"https:\/\/zeusdivecenter.com\/en\/wp-json\/wp\/v2\/product\/962","targetHints":{"allow":["GET"]}}],"collection":[{"href":"https:\/\/zeusdivecenter.com\/en\/wp-json\/wp\/v2\/product"}],"about":[{"href":"https:\/\/zeusdivecenter.com\/en\/wp-json\/wp\/v2\/types\/product"}],"replies":[{"embeddable":true,"href":"https:\/\/zeusdivecenter.com\/en\/wp-json\/wp\/v2\/comments?post=962"}],"version-history":[{"count":75,"href":"https:\/\/zeusdivecenter.com\/en\/wp-json\/wp\/v2\/product\/962\/revisions"}],"predecessor-version":[{"id":1875,"href":"https:\/\/zeusdivecenter.com\/en\/wp-json\/wp\/v2\/product\/962\/revisions\/1875"}],"wp:featuredmedia":[{"embeddable":true,"href":"https:\/\/zeusdivecenter.com\/en\/wp-json\/wp\/v2\/media\/1725"}],"wp:attachment":[{"href":"https:\/\/zeusdivecenter.com\/en\/wp-json\/wp\/v2\/media?parent=962"}],"wp:term":[{"taxonomy":"product_brand","embeddable":true,"href":"https:\/\/zeusdivecenter.com\/en\/wp-json\/wp\/v2\/product_brand?post=962"},{"taxonomy":"product_cat","embeddable":true,"href":"https:\/\/zeusdivecenter.com\/en\/wp-json\/wp\/v2\/product_cat?post=962"},{"taxonomy":"product_tag","embeddable":true,"href":"https:\/\/zeusdivecenter.com\/en\/wp-json\/wp\/v2\/product_tag?post=962"},{"taxonomy":"mwb_booking_cost","embeddable":true,"href":"https:\/\/zeusdivecenter.com\/en\/wp-json\/wp\/v2\/mwb_booking_cost?post=962"},{"taxonomy":"mwb_booking_service","embeddable":true,"href":"https:\/\/zeusdivecenter.com\/en\/wp-json\/wp\/v2\/mwb_booking_service?post=962"}],"curies":[{"name":"wp","href":"https:\/\/api.w.org\/{rel}","templated":true}]}}