{"id":903,"date":"2026-02-10T18:44:52","date_gmt":"2026-02-10T18:44:52","guid":{"rendered":"https:\/\/webdebuceo.websmwinner.com\/?page_id=903"},"modified":"2026-02-21T18:51:13","modified_gmt":"2026-02-21T18:51:13","slug":"mi-cuenta","status":"publish","type":"page","link":"https:\/\/zeusdivecenter.com\/en\/mi-cuenta\/","title":{"rendered":"My Account"},"content":{"rendered":"<div data-elementor-type=\"wp-page\" data-elementor-id=\"903\" class=\"elementor elementor-903\" data-elementor-post-type=\"page\">\n\t\t\t\t\t\t<section class=\"elementor-section elementor-top-section elementor-element elementor-element-b53f474 elementor-section-boxed elementor-section-height-default elementor-section-height-default wpr-particle-no wpr-jarallax-no wpr-parallax-no wpr-sticky-section-no\" data-id=\"b53f474\" data-element_type=\"section\" data-e-type=\"section\" data-settings=\"{&quot;background_background&quot;:&quot;classic&quot;}\">\n\t\t\t\t\t\t\t<div class=\"elementor-background-overlay\"><\/div>\n\t\t\t\t\t\t\t<div class=\"elementor-container elementor-column-gap-no\">\n\t\t\t\t\t<div class=\"elementor-column elementor-col-100 elementor-top-column elementor-element elementor-element-2fb7182c\" data-id=\"2fb7182c\" data-element_type=\"column\" data-e-type=\"column\">\n\t\t\t<div class=\"elementor-widget-wrap elementor-element-populated\">\n\t\t\t\t\t\t<div class=\"elementor-element elementor-element-6b81ec22 elementor-invisible elementor-widget elementor-widget-heading\" data-id=\"6b81ec22\" data-element_type=\"widget\" data-e-type=\"widget\" data-settings=\"{&quot;_animation&quot;:&quot;fadeInDown&quot;}\" data-widget_type=\"heading.default\">\n\t\t\t\t\t<h2 class=\"elementor-heading-title elementor-size-default\">My Account<\/h2>\t\t\t\t<\/div>\n\t\t\t\t\t<\/div>\n\t\t<\/div>\n\t\t\t\t\t<\/div>\n\t\t<\/section>\n\t\t<div class=\"elementor-element elementor-element-05220f0 e-flex e-con-boxed wpr-particle-no wpr-jarallax-no wpr-parallax-no wpr-sticky-section-no e-con e-parent\" data-id=\"05220f0\" data-element_type=\"container\" data-e-type=\"container\">\n\t\t\t\t\t<div class=\"e-con-inner\">\n\t\t\t\t<div class=\"elementor-element elementor-element-4876800 e-my-account-tabs-vertical elementor-widget elementor-widget-woocommerce-my-account\" data-id=\"4876800\" data-element_type=\"widget\" data-e-type=\"widget\" data-widget_type=\"woocommerce-my-account.default\">\n\t\t\t\t\t<div class=\"e-my-account-tab e-my-account-tab__\">\t\t\t<div class=\"woocommerce\"><\/div>\t\t<\/div>\n\t\t\t\t\t\t<\/div>\n\t\t\t\t\t<\/div>\n\t\t\t\t<\/div>\n\t\t\t\t<\/div>","protected":false},"excerpt":{"rendered":"<p>My Account Dashboard Orders Downloads Addresses Account Details Logout Hello mwinner10slu (not mwinner10slu? Log out) From your account dashboard you can view your recent orders, manage your shipping and billing addresses, and edit your password and account details.<\/p>","protected":false},"author":1,"featured_media":0,"parent":0,"menu_order":0,"comment_status":"closed","ping_status":"closed","template":"elementor_header_footer","meta":{"_eb_attr":"","_joinchat":[],"footnotes":""},"class_list":["post-903","page","type-page","status-publish","hentry"],"yoast_head":"<!-- This site is optimized with the Yoast SEO plugin v26.9 - https:\/\/yoast.com\/product\/yoast-seo-wordpress\/ -->\n<title>Mi Cuenta - Zeus Dive Center<\/title>\n<meta name=\"robots\" content=\"index, follow, max-snippet:-1, max-image-preview:large, max-video-preview:-1\" \/>\n<link rel=\"canonical\" href=\"https:\/\/zeusdivecenter.com\/en\/mi-cuenta\/\" \/>\n<meta property=\"og:locale\" content=\"en_GB\" \/>\n<meta property=\"og:type\" content=\"article\" \/>\n<meta property=\"og:title\" content=\"Mi Cuenta - Zeus Dive Center\" \/>\n<meta property=\"og:description\" content=\"Mi Cuenta Dashboard Orders Downloads Addresses Account Details Logout Hola mwinner10slu (\u00bfno eres mwinner10slu? Cerrar sesi\u00f3n) Desde el escritorio de tu cuenta puedes ver tus pedidos recientes, gestionar tus direcciones de env\u00edo y facturaci\u00f3n y editar tu contrase\u00f1a y los detalles de tu cuenta.\" \/>\n<meta property=\"og:url\" content=\"https:\/\/zeusdivecenter.com\/en\/mi-cuenta\/\" \/>\n<meta property=\"og:site_name\" content=\"Zeus Dive Center\" \/>\n<meta property=\"article:modified_time\" content=\"2026-02-21T18:51:13+00:00\" \/>\n<meta name=\"twitter:card\" content=\"summary_large_image\" \/>\n<meta name=\"twitter:label1\" content=\"Estimated reading time\" \/>\n\t<meta name=\"twitter:data1\" content=\"1 minute\" \/>\n<!-- \/ Yoast SEO plugin. -->","yoast_head_json":{"title":"Mi Cuenta - Zeus Dive Center","robots":{"index":"index","follow":"follow","max-snippet":"max-snippet:-1","max-image-preview":"max-image-preview:large","max-video-preview":"max-video-preview:-1"},"canonical":"https:\/\/zeusdivecenter.com\/en\/mi-cuenta\/","og_locale":"en_GB","og_type":"article","og_title":"Mi Cuenta - Zeus Dive Center","og_description":"Mi Cuenta Dashboard Orders Downloads Addresses Account Details Logout Hola mwinner10slu (\u00bfno eres mwinner10slu? Cerrar sesi\u00f3n) Desde el escritorio de tu cuenta puedes ver tus pedidos recientes, gestionar tus direcciones de env\u00edo y facturaci\u00f3n y editar tu contrase\u00f1a y los detalles de tu cuenta.","og_url":"https:\/\/zeusdivecenter.com\/en\/mi-cuenta\/","og_site_name":"Zeus Dive Center","article_modified_time":"2026-02-21T18:51:13+00:00","twitter_card":"summary_large_image","twitter_misc":{"Estimated reading time":"1 minute"},"schema":{"@context":"https:\/\/schema.org","@graph":[{"@type":"WebPage","@id":"https:\/\/zeusdivecenter.com\/mi-cuenta\/","url":"https:\/\/zeusdivecenter.com\/mi-cuenta\/","name":"Mi Cuenta - Zeus Dive Center","isPartOf":{"@id":"https:\/\/zeusdivecenter.com\/#website"},"datePublished":"2026-02-10T18:44:52+00:00","dateModified":"2026-02-21T18:51:13+00:00","breadcrumb":{"@id":"https:\/\/zeusdivecenter.com\/mi-cuenta\/#breadcrumb"},"inLanguage":"en-GB","potentialAction":[{"@type":"ReadAction","target":["https:\/\/zeusdivecenter.com\/mi-cuenta\/"]}]},{"@type":"BreadcrumbList","@id":"https:\/\/zeusdivecenter.com\/mi-cuenta\/#breadcrumb","itemListElement":[{"@type":"ListItem","position":1,"name":"Portada","item":"https:\/\/zeusdivecenter.com\/"},{"@type":"ListItem","position":2,"name":"Mi Cuenta"}]},{"@type":"WebSite","@id":"https:\/\/zeusdivecenter.com\/#website","url":"https:\/\/zeusdivecenter.com\/","name":"Zeus Dive Center","description":"","publisher":{"@id":"https:\/\/zeusdivecenter.com\/#organization"},"potentialAction":[{"@type":"SearchAction","target":{"@type":"EntryPoint","urlTemplate":"https:\/\/zeusdivecenter.com\/?s={search_term_string}"},"query-input":{"@type":"PropertyValueSpecification","valueRequired":true,"valueName":"search_term_string"}}],"inLanguage":"en-GB"},{"@type":"Organization","@id":"https:\/\/zeusdivecenter.com\/#organization","name":"Zeus Dive Center","url":"https:\/\/zeusdivecenter.com\/","logo":{"@type":"ImageObject","inLanguage":"en-GB","@id":"https:\/\/zeusdivecenter.com\/#\/schema\/logo\/image\/","url":"https:\/\/zeusdivecenter.com\/wp-content\/uploads\/2026\/02\/grancanaria-snorkel-trydive-scubadive-duiken-schnuppertauchen-dive-tauchen-maspalomas15.png","contentUrl":"https:\/\/zeusdivecenter.com\/wp-content\/uploads\/2026\/02\/grancanaria-snorkel-trydive-scubadive-duiken-schnuppertauchen-dive-tauchen-maspalomas15.png","width":1080,"height":1080,"caption":"Zeus Dive Center"},"image":{"@id":"https:\/\/zeusdivecenter.com\/#\/schema\/logo\/image\/"}}]}},"_hostinger_reach_plugin_has_subscription_block":false,"_hostinger_reach_plugin_is_elementor":false,"_links":{"self":[{"href":"https:\/\/zeusdivecenter.com\/en\/wp-json\/wp\/v2\/pages\/903","targetHints":{"allow":["GET"]}}],"collection":[{"href":"https:\/\/zeusdivecenter.com\/en\/wp-json\/wp\/v2\/pages"}],"about":[{"href":"https:\/\/zeusdivecenter.com\/en\/wp-json\/wp\/v2\/types\/page"}],"author":[{"embeddable":true,"href":"https:\/\/zeusdivecenter.com\/en\/wp-json\/wp\/v2\/users\/1"}],"replies":[{"embeddable":true,"href":"https:\/\/zeusdivecenter.com\/en\/wp-json\/wp\/v2\/comments?post=903"}],"version-history":[{"count":34,"href":"https:\/\/zeusdivecenter.com\/en\/wp-json\/wp\/v2\/pages\/903\/revisions"}],"predecessor-version":[{"id":1716,"href":"https:\/\/zeusdivecenter.com\/en\/wp-json\/wp\/v2\/pages\/903\/revisions\/1716"}],"wp:attachment":[{"href":"https:\/\/zeusdivecenter.com\/en\/wp-json\/wp\/v2\/media?parent=903"}],"curies":[{"name":"wp","href":"https:\/\/api.w.org\/{rel}","templated":true}]}}