{"id":962,"date":"2026-02-10T20:58:29","date_gmt":"2026-02-10T20:58:29","guid":{"rendered":"https:\/\/webdebuceo.websmwinner.com\/?post_type=product&#038;p=962"},"modified":"2026-03-05T18:01:37","modified_gmt":"2026-03-05T18:01:37","slug":"reservierungen-fur-schnorchelausfluge-per-boot-im-hafen-von-mogan","status":"publish","type":"product","link":"https:\/\/zeusdivecenter.com\/de\/reservierungen-fur-schnorchelausfluge-per-boot-im-hafen-von-mogan\/","title":{"rendered":"Schnorcheln auf Gran Canaria, Puerto de Mog\u00e1n: Schnorchelausflug mit dem Boot"},"content":{"rendered":"<div data-elementor-type=\"product-post\" data-elementor-id=\"962\" class=\"elementor elementor-962\" data-elementor-post-type=\"product\">\n\t\t\t\t<div class=\"elementor-element elementor-element-7b12f52 e-flex e-con-boxed wpr-particle-no wpr-jarallax-no wpr-parallax-no wpr-sticky-section-no e-con e-parent\" data-id=\"7b12f52\" data-element_type=\"container\" data-e-type=\"container\">\n\t\t\t\t\t<div class=\"e-con-inner\">\n\t\t<div class=\"elementor-element elementor-element-c2687dc e-con-full e-flex wpr-particle-no wpr-jarallax-no wpr-parallax-no wpr-sticky-section-no e-con e-child\" data-id=\"c2687dc\" data-element_type=\"container\" data-e-type=\"container\" data-settings=\"{&quot;background_background&quot;:&quot;classic&quot;}\">\n\t\t\t\t<div class=\"elementor-element elementor-element-f9c8cf0 elementor-widget elementor-widget-heading\" data-id=\"f9c8cf0\" data-element_type=\"widget\" data-e-type=\"widget\" data-widget_type=\"heading.default\">\n\t\t\t\t\t<h2 class=\"elementor-heading-title elementor-size-default\">Schnorcheln auf Gran Canaria mit dem Zeus Tauchzentrum<\/h2>\t\t\t\t<\/div>\n\t\t\t\t<div class=\"elementor-element elementor-element-f550b3b elementor-widget elementor-widget-text-editor\" data-id=\"f550b3b\" data-element_type=\"widget\" data-e-type=\"widget\" data-widget_type=\"text-editor.default\">\n\t\t\t\t\t\t\t\t\t<p><span style=\"font-weight: 400;\">Entdecken Sie die Unterwasserwelt von Gran Canaria auf einfache, sichere und genussvolle Weise. Unser Schnorchelerlebnis ist ideal f\u00fcr Anf\u00e4nger und alle, die das Meer entspannt genie\u00dfen m\u00f6chten: Wir suchen stets eine gesch\u00fctzte Bucht mit guter Sicht und angenehmen Bedingungen, damit Sie sich einfach zur\u00fccklehnen und die Zeit genie\u00dfen k\u00f6nnen.<\/span><\/p><h3><strong>Ein gef\u00fchrtes und sicheres Erlebnis<\/strong><\/h3><p><span style=\"font-weight: 400;\">Bevor Sie ins Wasser gehen, erhalten Sie eine kurze und verst\u00e4ndliche Einweisung: Wie Sie atmen, wie Sie sich bewegen, was Sie tun k\u00f6nnen, um sich wohlzuf\u00fchlen, und die wichtigsten Signale. W\u00e4hrend der gesamten Aktivit\u00e4t werden Sie von einem Profi begleitet, sodass Sie sich jederzeit sicher f\u00fchlen k\u00f6nnen.<\/span><\/p>\t\t\t\t\t\t\t\t<\/div>\n\t\t\t\t<div class=\"elementor-element elementor-element-74428ab elementor-widget elementor-widget-heading\" data-id=\"74428ab\" data-element_type=\"widget\" data-e-type=\"widget\" data-widget_type=\"heading.default\">\n\t\t\t\t\t<h2 class=\"elementor-heading-title elementor-size-default\">F\u00fcr wen ist es gedacht?<\/h2>\t\t\t\t<\/div>\n\t\t\t\t<div class=\"elementor-element elementor-element-b1b34b6 elementor-icon-list--layout-traditional elementor-list-item-link-full_width elementor-widget elementor-widget-icon-list\" data-id=\"b1b34b6\" data-element_type=\"widget\" data-e-type=\"widget\" data-widget_type=\"icon-list.default\">\n\t\t\t\t\t\t\t<ul class=\"elementor-icon-list-items\">\n\t\t\t\t\t\t\t<li class=\"elementor-icon-list-item\">\n\t\t\t\t\t\t\t\t\t\t\t<span class=\"elementor-icon-list-icon\">\n\t\t\t\t\t\t\t<i aria-hidden=\"true\" class=\"icon_check_alt\"><\/i>\t\t\t\t\t\t<\/span>\n\t\t\t\t\t\t\t\t\t\t<span class=\"elementor-icon-list-text\">Ideal, wenn Sie zum ersten Mal dabei sind, eine einfache und sichere Aktivit\u00e4t suchen oder als Paar, mit Freunden oder mit der Familie kommen.<\/span>\n\t\t\t\t\t\t\t\t\t<\/li>\n\t\t\t\t\t\t<\/ul>\n\t\t\t\t\t\t<\/div>\n\t\t\t\t<div class=\"elementor-element elementor-element-dc3419c elementor-widget elementor-widget-heading\" data-id=\"dc3419c\" data-element_type=\"widget\" data-e-type=\"widget\" data-widget_type=\"heading.default\">\n\t\t\t\t\t<h2 class=\"elementor-heading-title elementor-size-default\">Was ist im Lieferumfang enthalten?<\/h2>\t\t\t\t<\/div>\n\t\t\t\t<div class=\"elementor-element elementor-element-0229ec6 elementor-icon-list--layout-traditional elementor-list-item-link-full_width elementor-widget elementor-widget-icon-list\" data-id=\"0229ec6\" data-element_type=\"widget\" data-e-type=\"widget\" data-widget_type=\"icon-list.default\">\n\t\t\t\t\t\t\t<ul class=\"elementor-icon-list-items\">\n\t\t\t\t\t\t\t<li class=\"elementor-icon-list-item\">\n\t\t\t\t\t\t\t\t\t\t\t<span class=\"elementor-icon-list-icon\">\n\t\t\t\t\t\t\t<i aria-hidden=\"true\" class=\"icon_check_alt\"><\/i>\t\t\t\t\t\t<\/span>\n\t\t\t\t\t\t\t\t\t\t<span class=\"elementor-icon-list-text\">Begleitung durch einen professionellen Reiseleiter.<\/span>\n\t\t\t\t\t\t\t\t\t<\/li>\n\t\t\t\t\t\t\t\t<li class=\"elementor-icon-list-item\">\n\t\t\t\t\t\t\t\t\t\t\t<span class=\"elementor-icon-list-icon\">\n\t\t\t\t\t\t\t<i aria-hidden=\"true\" class=\"icon_check_alt\"><\/i>\t\t\t\t\t\t<\/span>\n\t\t\t\t\t\t\t\t\t\t<span class=\"elementor-icon-list-text\">Wir haben eine Vollgesichtsmaske bereitgestellt, um die Anwendung einfacher und bequemer zu gestalten.<\/span>\n\t\t\t\t\t\t\t\t\t<\/li>\n\t\t\t\t\t\t\t\t<li class=\"elementor-icon-list-item\">\n\t\t\t\t\t\t\t\t\t\t\t<span class=\"elementor-icon-list-icon\">\n\t\t\t\t\t\t\t<i aria-hidden=\"true\" class=\"icon_check_alt\"><\/i>\t\t\t\t\t\t<\/span>\n\t\t\t\t\t\t\t\t\t\t<span class=\"elementor-icon-list-text\">Den besten Standort je nach Seegang (Schiff oder K\u00fcste) ausw\u00e4hlen.<\/span>\n\t\t\t\t\t\t\t\t\t<\/li>\n\t\t\t\t\t\t<\/ul>\n\t\t\t\t\t\t<\/div>\n\t\t\t\t<\/div>\n\t\t<div class=\"elementor-element elementor-element-0cd94ee e-con-full e-flex wpr-particle-no wpr-jarallax-no wpr-parallax-no wpr-sticky-section-no e-con e-child\" data-id=\"0cd94ee\" data-element_type=\"container\" data-e-type=\"container\" data-settings=\"{&quot;background_background&quot;:&quot;classic&quot;}\">\n\t\t\t\t<div class=\"elementor-element elementor-element-76d422d elementor-widget elementor-widget-heading\" data-id=\"76d422d\" data-element_type=\"widget\" data-e-type=\"widget\" data-widget_type=\"heading.default\">\n\t\t\t\t\t<h2 class=\"elementor-heading-title elementor-size-default\">Was werden Sie tun?<\/h2>\t\t\t\t<\/div>\n\t\t\t\t<div class=\"elementor-element elementor-element-216dc86 elementor-icon-list--layout-traditional elementor-list-item-link-full_width elementor-widget elementor-widget-icon-list\" data-id=\"216dc86\" data-element_type=\"widget\" data-e-type=\"widget\" data-widget_type=\"icon-list.default\">\n\t\t\t\t\t\t\t<ul class=\"elementor-icon-list-items\">\n\t\t\t\t\t\t\t<li class=\"elementor-icon-list-item\">\n\t\t\t\t\t\t\t\t\t\t\t<span class=\"elementor-icon-list-icon\">\n\t\t\t\t\t\t\t<i aria-hidden=\"true\" class=\"icon_check_alt\"><\/i>\t\t\t\t\t\t<\/span>\n\t\t\t\t\t\t\t\t\t\t<span class=\"elementor-icon-list-text\">Entdecken Sie die Unterwasserwelt von Gran Canaria.<\/span>\n\t\t\t\t\t\t\t\t\t<\/li>\n\t\t\t\t\t\t\t\t<li class=\"elementor-icon-list-item\">\n\t\t\t\t\t\t\t\t\t\t\t<span class=\"elementor-icon-list-icon\">\n\t\t\t\t\t\t\t<i aria-hidden=\"true\" class=\"icon_check_alt\"><\/i>\t\t\t\t\t\t<\/span>\n\t\t\t\t\t\t\t\t\t\t<span class=\"elementor-icon-list-text\">Erleben Sie den Nervenkitzel einer Aktivit\u00e4t an einem gesch\u00fctzten Strand\/einer gesch\u00fctzten Bucht, perfekt f\u00fcr Anf\u00e4nger.<\/span>\n\t\t\t\t\t\t\t\t\t<\/li>\n\t\t\t\t\t\t\t\t<li class=\"elementor-icon-list-item\">\n\t\t\t\t\t\t\t\t\t\t\t<span class=\"elementor-icon-list-icon\">\n\t\t\t\t\t\t\t<i aria-hidden=\"true\" class=\"icon_check_alt\"><\/i>\t\t\t\t\t\t<\/span>\n\t\t\t\t\t\t\t\t\t\t<span class=\"elementor-icon-list-text\">Wir werden mit dem Boot vom Hafen aus zu einer gesch\u00fctzten Bucht auf Gran Canaria fahren, um dort die Aktivit\u00e4t durchzuf\u00fchren.<\/span>\n\t\t\t\t\t\t\t\t\t<\/li>\n\t\t\t\t\t\t\t\t<li class=\"elementor-icon-list-item\">\n\t\t\t\t\t\t\t\t\t\t\t<span class=\"elementor-icon-list-icon\">\n\t\t\t\t\t\t\t<i aria-hidden=\"true\" class=\"icon_check_alt\"><\/i>\t\t\t\t\t\t<\/span>\n\t\t\t\t\t\t\t\t\t\t<span class=\"elementor-icon-list-text\">Wenn das Meer nicht mitspielt, werden wir vom Ufer aus in einer gesch\u00fctzten, ruhigen und sicheren Bucht schnorcheln und dabei stets nach den besten Bedingungen f\u00fcr Sicherheit und Sicht streben.<\/span>\n\t\t\t\t\t\t\t\t\t<\/li>\n\t\t\t\t\t\t<\/ul>\n\t\t\t\t\t\t<\/div>\n\t\t\t\t<div class=\"elementor-element elementor-element-95d0f07 elementor-widget elementor-widget-heading\" data-id=\"95d0f07\" data-element_type=\"widget\" data-e-type=\"widget\" data-widget_type=\"heading.default\">\n\t\t\t\t\t<h2 class=\"elementor-heading-title elementor-size-default\">Was ben\u00f6tigen wir, um das zu organisieren?<\/h2>\t\t\t\t<\/div>\n\t\t\t\t<div class=\"elementor-element elementor-element-20bea54 elementor-widget elementor-widget-text-editor\" data-id=\"20bea54\" data-element_type=\"widget\" data-e-type=\"widget\" data-widget_type=\"text-editor.default\">\n\t\t\t\t\t\t\t\t\t<p>Um die Verf\u00fcgbarkeit zu best\u00e4tigen, teilen Sie uns bitte Folgendes mit:<\/p><p>\u2013 An welchem \u200b\u200bTag m\u00f6chten Sie kommen?<br \/>\u2013 Wie viele Personen sind es?<br \/>\u2013 K\u00f6nnen Sie schwimmen (ja\/nein)?<br \/>\u2013 Schnelle Buchung<\/p><p>Schreiben Sie uns diese drei Informationen per WhatsApp, und wir antworten Ihnen mit der Verf\u00fcgbarkeit und der besten Option je nach See.<\/p>\t\t\t\t\t\t\t\t<\/div>\n\t\t\t\t<\/div>\n\t\t\t\t\t<\/div>\n\t\t\t\t<\/div>\n\t\t<div class=\"elementor-element elementor-element-d7f95d4 e-flex e-con-boxed wpr-particle-no wpr-jarallax-no wpr-parallax-no wpr-sticky-section-no e-con e-parent\" data-id=\"d7f95d4\" data-element_type=\"container\" data-e-type=\"container\">\n\t\t\t\t\t<div class=\"e-con-inner\">\n\t\t\t\t<div class=\"elementor-element elementor-element-e8d2eb6 gallery-spacing-custom elementor-widget elementor-widget-image-gallery\" data-id=\"e8d2eb6\" data-element_type=\"widget\" data-e-type=\"widget\" data-widget_type=\"image-gallery.default\">\n\t\t\t\t\t\t\t<div class=\"elementor-image-gallery\">\n\t\t\t<div id='gallery-1' class='gallery galleryid-962 gallery-columns-4 gallery-size-woocommerce_thumbnail'><figure class='gallery-item'>\n\t\t\t<div class='gallery-icon landscape'>\n\t\t\t\t<a data-elementor-open-lightbox=\"yes\" data-elementor-lightbox-slideshow=\"e8d2eb6\" data-elementor-lightbox-title=\"grancanaria-snorkel-trydive-scubadive-duiken-schnuppertauchen-dive-tauchen-maspalomas183\" data-e-action-hash=\"#elementor-action%3Aaction%3Dlightbox%26settings%3DeyJpZCI6MTcyNywidXJsIjoiaHR0cHM6XC9cL3pldXNkaXZlY2VudGVyLmNvbVwvd3AtY29udGVudFwvdXBsb2Fkc1wvMjAyNlwvMDJcL2dyYW5jYW5hcmlhLXNub3JrZWwtdHJ5ZGl2ZS1zY3ViYWRpdmUtZHVpa2VuLXNjaG51cHBlcnRhdWNoZW4tZGl2ZS10YXVjaGVuLW1hc3BhbG9tYXMxODMuanBnIiwic2xpZGVzaG93IjoiZThkMmViNiJ9\" href='https:\/\/zeusdivecenter.com\/wp-content\/uploads\/2026\/02\/grancanaria-snorkel-trydive-scubadive-duiken-schnuppertauchen-dive-tauchen-maspalomas183.jpg'><img fetchpriority=\"high\" decoding=\"async\" width=\"300\" height=\"300\" src=\"https:\/\/zeusdivecenter.com\/wp-content\/uploads\/2026\/02\/grancanaria-snorkel-trydive-scubadive-duiken-schnuppertauchen-dive-tauchen-maspalomas183-300x300.jpg\" class=\"attachment-woocommerce_thumbnail size-woocommerce_thumbnail\" alt=\"\" srcset=\"https:\/\/zeusdivecenter.com\/wp-content\/uploads\/2026\/02\/grancanaria-snorkel-trydive-scubadive-duiken-schnuppertauchen-dive-tauchen-maspalomas183-300x300.jpg 300w, https:\/\/zeusdivecenter.com\/wp-content\/uploads\/2026\/02\/grancanaria-snorkel-trydive-scubadive-duiken-schnuppertauchen-dive-tauchen-maspalomas183-150x150.jpg 150w, https:\/\/zeusdivecenter.com\/wp-content\/uploads\/2026\/02\/grancanaria-snorkel-trydive-scubadive-duiken-schnuppertauchen-dive-tauchen-maspalomas183-100x100.jpg 100w\" sizes=\"(max-width: 300px) 100vw, 300px\" \/><\/a>\n\t\t\t<\/div><\/figure><figure class='gallery-item'>\n\t\t\t<div class='gallery-icon landscape'>\n\t\t\t\t<a data-elementor-open-lightbox=\"yes\" data-elementor-lightbox-slideshow=\"e8d2eb6\" data-elementor-lightbox-title=\"grancanaria-snorkel-trydive-scubadive-duiken-schnuppertauchen-dive-tauchen-maspalomas184\" data-e-action-hash=\"#elementor-action%3Aaction%3Dlightbox%26settings%3DeyJpZCI6MTcyOCwidXJsIjoiaHR0cHM6XC9cL3pldXNkaXZlY2VudGVyLmNvbVwvd3AtY29udGVudFwvdXBsb2Fkc1wvMjAyNlwvMDJcL2dyYW5jYW5hcmlhLXNub3JrZWwtdHJ5ZGl2ZS1zY3ViYWRpdmUtZHVpa2VuLXNjaG51cHBlcnRhdWNoZW4tZGl2ZS10YXVjaGVuLW1hc3BhbG9tYXMxODQuanBnIiwic2xpZGVzaG93IjoiZThkMmViNiJ9\" href='https:\/\/zeusdivecenter.com\/wp-content\/uploads\/2026\/02\/grancanaria-snorkel-trydive-scubadive-duiken-schnuppertauchen-dive-tauchen-maspalomas184.jpg'><img decoding=\"async\" width=\"300\" height=\"300\" src=\"https:\/\/zeusdivecenter.com\/wp-content\/uploads\/2026\/02\/grancanaria-snorkel-trydive-scubadive-duiken-schnuppertauchen-dive-tauchen-maspalomas184-300x300.jpg\" class=\"attachment-woocommerce_thumbnail size-woocommerce_thumbnail\" alt=\"\" srcset=\"https:\/\/zeusdivecenter.com\/wp-content\/uploads\/2026\/02\/grancanaria-snorkel-trydive-scubadive-duiken-schnuppertauchen-dive-tauchen-maspalomas184-300x300.jpg 300w, https:\/\/zeusdivecenter.com\/wp-content\/uploads\/2026\/02\/grancanaria-snorkel-trydive-scubadive-duiken-schnuppertauchen-dive-tauchen-maspalomas184-150x150.jpg 150w, https:\/\/zeusdivecenter.com\/wp-content\/uploads\/2026\/02\/grancanaria-snorkel-trydive-scubadive-duiken-schnuppertauchen-dive-tauchen-maspalomas184-100x100.jpg 100w\" sizes=\"(max-width: 300px) 100vw, 300px\" \/><\/a>\n\t\t\t<\/div><\/figure><figure class='gallery-item'>\n\t\t\t<div class='gallery-icon portrait'>\n\t\t\t\t<a data-elementor-open-lightbox=\"yes\" data-elementor-lightbox-slideshow=\"e8d2eb6\" data-elementor-lightbox-title=\"grancanaria-snorkel-trydive-scubadive-duiken-schnuppertauchen-dive-tauchen-maspalomas185\" data-e-action-hash=\"#elementor-action%3Aaction%3Dlightbox%26settings%3DeyJpZCI6MTcyOSwidXJsIjoiaHR0cHM6XC9cL3pldXNkaXZlY2VudGVyLmNvbVwvd3AtY29udGVudFwvdXBsb2Fkc1wvMjAyNlwvMDJcL2dyYW5jYW5hcmlhLXNub3JrZWwtdHJ5ZGl2ZS1zY3ViYWRpdmUtZHVpa2VuLXNjaG51cHBlcnRhdWNoZW4tZGl2ZS10YXVjaGVuLW1hc3BhbG9tYXMxODUuanBnIiwic2xpZGVzaG93IjoiZThkMmViNiJ9\" href='https:\/\/zeusdivecenter.com\/wp-content\/uploads\/2026\/02\/grancanaria-snorkel-trydive-scubadive-duiken-schnuppertauchen-dive-tauchen-maspalomas185.jpg'><img decoding=\"async\" width=\"300\" height=\"300\" src=\"https:\/\/zeusdivecenter.com\/wp-content\/uploads\/2026\/02\/grancanaria-snorkel-trydive-scubadive-duiken-schnuppertauchen-dive-tauchen-maspalomas185-300x300.jpg\" class=\"attachment-woocommerce_thumbnail size-woocommerce_thumbnail\" alt=\"\" srcset=\"https:\/\/zeusdivecenter.com\/wp-content\/uploads\/2026\/02\/grancanaria-snorkel-trydive-scubadive-duiken-schnuppertauchen-dive-tauchen-maspalomas185-300x300.jpg 300w, https:\/\/zeusdivecenter.com\/wp-content\/uploads\/2026\/02\/grancanaria-snorkel-trydive-scubadive-duiken-schnuppertauchen-dive-tauchen-maspalomas185-150x150.jpg 150w, https:\/\/zeusdivecenter.com\/wp-content\/uploads\/2026\/02\/grancanaria-snorkel-trydive-scubadive-duiken-schnuppertauchen-dive-tauchen-maspalomas185-100x100.jpg 100w\" sizes=\"(max-width: 300px) 100vw, 300px\" \/><\/a>\n\t\t\t<\/div><\/figure><figure class='gallery-item'>\n\t\t\t<div class='gallery-icon portrait'>\n\t\t\t\t<a data-elementor-open-lightbox=\"yes\" data-elementor-lightbox-slideshow=\"e8d2eb6\" data-elementor-lightbox-title=\"grancanaria-snorkel-trydive-scubadive-duiken-schnuppertauchen-dive-tauchen-maspalomas186\" data-e-action-hash=\"#elementor-action%3Aaction%3Dlightbox%26settings%3DeyJpZCI6MTczMCwidXJsIjoiaHR0cHM6XC9cL3pldXNkaXZlY2VudGVyLmNvbVwvd3AtY29udGVudFwvdXBsb2Fkc1wvMjAyNlwvMDJcL2dyYW5jYW5hcmlhLXNub3JrZWwtdHJ5ZGl2ZS1zY3ViYWRpdmUtZHVpa2VuLXNjaG51cHBlcnRhdWNoZW4tZGl2ZS10YXVjaGVuLW1hc3BhbG9tYXMxODYuanBnIiwic2xpZGVzaG93IjoiZThkMmViNiJ9\" href='https:\/\/zeusdivecenter.com\/wp-content\/uploads\/2026\/02\/grancanaria-snorkel-trydive-scubadive-duiken-schnuppertauchen-dive-tauchen-maspalomas186.jpg'><img loading=\"lazy\" decoding=\"async\" width=\"300\" height=\"300\" src=\"https:\/\/zeusdivecenter.com\/wp-content\/uploads\/2026\/02\/grancanaria-snorkel-trydive-scubadive-duiken-schnuppertauchen-dive-tauchen-maspalomas186-300x300.jpg\" class=\"attachment-woocommerce_thumbnail size-woocommerce_thumbnail\" alt=\"\" srcset=\"https:\/\/zeusdivecenter.com\/wp-content\/uploads\/2026\/02\/grancanaria-snorkel-trydive-scubadive-duiken-schnuppertauchen-dive-tauchen-maspalomas186-300x300.jpg 300w, https:\/\/zeusdivecenter.com\/wp-content\/uploads\/2026\/02\/grancanaria-snorkel-trydive-scubadive-duiken-schnuppertauchen-dive-tauchen-maspalomas186-150x150.jpg 150w, https:\/\/zeusdivecenter.com\/wp-content\/uploads\/2026\/02\/grancanaria-snorkel-trydive-scubadive-duiken-schnuppertauchen-dive-tauchen-maspalomas186-100x100.jpg 100w\" sizes=\"(max-width: 300px) 100vw, 300px\" \/><\/a>\n\t\t\t<\/div><\/figure>\n\t\t<\/div>\n\t\t<\/div>\n\t\t\t\t\t\t<\/div>\n\t\t\t\t\t<\/div>\n\t\t\t\t<\/div>\n\t\t<div class=\"elementor-element elementor-element-a935be3 e-flex e-con-boxed wpr-particle-no wpr-jarallax-no wpr-parallax-no wpr-sticky-section-no e-con e-parent\" data-id=\"a935be3\" data-element_type=\"container\" data-e-type=\"container\">\n\t\t\t\t\t<div class=\"e-con-inner\">\n\t\t\t\t<div class=\"elementor-element elementor-element-adb29df elementor-widget elementor-widget-shortcode\" data-id=\"adb29df\" data-element_type=\"widget\" data-e-type=\"widget\" data-widget_type=\"shortcode.default\">\n\t\t\t\t\t\t\t<div class=\"elementor-shortcode\">    \n    <div class=\"load-turitop\"\n         data-service=\"P4\"\n         data-lang=\"de\"\n         data-embed=\"box\">\n    <\/div>\n\n    <script>\n    if (typeof loadTuritop !== \"undefined\") {\n        loadTuritop();\n    }\n    <\/script>\n\n    <\/div>\n\t\t\t\t\t\t<\/div>\n\t\t\t\t\t<\/div>\n\t\t\t\t<\/div>\n\t\t\t\t<\/div>","protected":false},"excerpt":{"rendered":"<p>Erkunden Sie die S\u00fcdwestk\u00fcste von Gran Canaria, die Teil des Biosph\u00e4renreservats ist, per Boot und beim Schnorcheln. Genie\u00dfen Sie das kristallklare Wasser und haben Sie viel Spa\u00df.<\/p>","protected":false},"featured_media":1725,"comment_status":"open","ping_status":"closed","template":"","meta":{"_eb_attr":"","_joinchat":{"message_send":"Hola, buenas. Quiero m\u00e1s informaci\u00f3n acerca de {PRODUCT}","view":"no"}},"product_brand":[],"product_cat":[130,133],"product_tag":[],"mwb_booking_cost":[],"mwb_booking_service":[],"class_list":{"0":"post-962","1":"product","2":"type-product","3":"status-publish","4":"has-post-thumbnail","6":"product_cat-sin-categorizar","7":"product_cat-booking","9":"first","10":"instock","11":"virtual","12":"purchasable","13":"product-type-mwb_booking"},"yoast_head":"<!-- This site is optimized with the Yoast SEO plugin v26.9 - https:\/\/yoast.com\/product\/yoast-seo-wordpress\/ -->\n<title>Snorkel en Gran Canaria | Excursi\u00f3n en barco<\/title>\n<meta name=\"description\" content=\"Excursi\u00f3n de snorkel en Gran Canaria desde Puerto de Mog\u00e1n. Salida en barco con gu\u00eda profesional. Descubre la vida marina y reserva online tu experiencia.\" \/>\n<meta name=\"robots\" content=\"index, follow, max-snippet:-1, max-image-preview:large, max-video-preview:-1\" \/>\n<link rel=\"canonical\" href=\"https:\/\/zeusdivecenter.com\/de\/reservierungen-fur-schnorchelausfluge-per-boot-im-hafen-von-mogan\/\" \/>\n<meta property=\"og:locale\" content=\"de_DE\" \/>\n<meta property=\"og:type\" content=\"article\" \/>\n<meta property=\"og:title\" content=\"Snorkel en Gran Canaria | Excursi\u00f3n en barco\" \/>\n<meta property=\"og:description\" content=\"Excursi\u00f3n de snorkel en Gran Canaria desde Puerto de Mog\u00e1n. Salida en barco con gu\u00eda profesional. Descubre la vida marina y reserva online tu experiencia.\" \/>\n<meta property=\"og:url\" content=\"https:\/\/zeusdivecenter.com\/de\/reservierungen-fur-schnorchelausfluge-per-boot-im-hafen-von-mogan\/\" \/>\n<meta property=\"og:site_name\" content=\"Zeus Dive Center\" \/>\n<meta property=\"article:modified_time\" content=\"2026-03-05T18:01:37+00:00\" \/>\n<meta property=\"og:image\" content=\"https:\/\/zeusdivecenter.com\/wp-content\/uploads\/2026\/02\/grancanaria-snorkel-trydive-scubadive-duiken-schnuppertauchen-dive-tauchen-maspalomas182.jpg\" \/>\n\t<meta property=\"og:image:width\" content=\"2048\" \/>\n\t<meta property=\"og:image:height\" content=\"1262\" \/>\n\t<meta property=\"og:image:type\" content=\"image\/jpeg\" \/>\n<meta name=\"twitter:card\" content=\"summary_large_image\" \/>\n<meta name=\"twitter:label1\" content=\"Gesch\u00e4tzte Lesezeit\" \/>\n\t<meta name=\"twitter:data1\" content=\"3\u00a0Minuten\" \/>\n<!-- \/ Yoast SEO plugin. -->","yoast_head_json":{"title":"Schnorcheln auf Gran Canaria | Bootsausflug","description":"Schnorchelausflug in Gran Canaria ab Puerto de Mog\u00e1n. Bootstour mit professionellem Guide. Entdecken Sie die Unterwasserwelt und buchen Sie Ihr Erlebnis online.","robots":{"index":"index","follow":"follow","max-snippet":"max-snippet:-1","max-image-preview":"max-image-preview:large","max-video-preview":"max-video-preview:-1"},"canonical":"https:\/\/zeusdivecenter.com\/de\/reservierungen-fur-schnorchelausfluge-per-boot-im-hafen-von-mogan\/","og_locale":"de_DE","og_type":"article","og_title":"Snorkel en Gran Canaria | Excursi\u00f3n en barco","og_description":"Excursi\u00f3n de snorkel en Gran Canaria desde Puerto de Mog\u00e1n. Salida en barco con gu\u00eda profesional. Descubre la vida marina y reserva online tu experiencia.","og_url":"https:\/\/zeusdivecenter.com\/de\/reservierungen-fur-schnorchelausfluge-per-boot-im-hafen-von-mogan\/","og_site_name":"Zeus Dive Center","article_modified_time":"2026-03-05T18:01:37+00:00","og_image":[{"width":2048,"height":1262,"url":"https:\/\/zeusdivecenter.com\/wp-content\/uploads\/2026\/02\/grancanaria-snorkel-trydive-scubadive-duiken-schnuppertauchen-dive-tauchen-maspalomas182.jpg","type":"image\/jpeg"}],"twitter_card":"summary_large_image","twitter_misc":{"Gesch\u00e4tzte Lesezeit":"3\u00a0Minuten"},"schema":{"@context":"https:\/\/schema.org","@graph":[{"@type":"WebPage","@id":"https:\/\/zeusdivecenter.com\/reservas-puerto-de-mogan-excursion-de-snorkel-con-barco\/","url":"https:\/\/zeusdivecenter.com\/reservas-puerto-de-mogan-excursion-de-snorkel-con-barco\/","name":"Schnorcheln auf Gran Canaria | Bootsausflug","isPartOf":{"@id":"https:\/\/zeusdivecenter.com\/#website"},"primaryImageOfPage":{"@id":"https:\/\/zeusdivecenter.com\/reservas-puerto-de-mogan-excursion-de-snorkel-con-barco\/#primaryimage"},"image":{"@id":"https:\/\/zeusdivecenter.com\/reservas-puerto-de-mogan-excursion-de-snorkel-con-barco\/#primaryimage"},"thumbnailUrl":"https:\/\/zeusdivecenter.com\/wp-content\/uploads\/2026\/02\/grancanaria-snorkel-trydive-scubadive-duiken-schnuppertauchen-dive-tauchen-maspalomas182.jpg","datePublished":"2026-02-10T20:58:29+00:00","dateModified":"2026-03-05T18:01:37+00:00","description":"Schnorchelausflug in Gran Canaria ab Puerto de Mog\u00e1n. Bootstour mit professionellem Guide. Entdecken Sie die Unterwasserwelt und buchen Sie Ihr Erlebnis online.","breadcrumb":{"@id":"https:\/\/zeusdivecenter.com\/reservas-puerto-de-mogan-excursion-de-snorkel-con-barco\/#breadcrumb"},"inLanguage":"de","potentialAction":[{"@type":"ReadAction","target":["https:\/\/zeusdivecenter.com\/reservas-puerto-de-mogan-excursion-de-snorkel-con-barco\/"]}]},{"@type":"ImageObject","inLanguage":"de","@id":"https:\/\/zeusdivecenter.com\/reservas-puerto-de-mogan-excursion-de-snorkel-con-barco\/#primaryimage","url":"https:\/\/zeusdivecenter.com\/wp-content\/uploads\/2026\/02\/grancanaria-snorkel-trydive-scubadive-duiken-schnuppertauchen-dive-tauchen-maspalomas182.jpg","contentUrl":"https:\/\/zeusdivecenter.com\/wp-content\/uploads\/2026\/02\/grancanaria-snorkel-trydive-scubadive-duiken-schnuppertauchen-dive-tauchen-maspalomas182.jpg","width":2048,"height":1262},{"@type":"BreadcrumbList","@id":"https:\/\/zeusdivecenter.com\/reservas-puerto-de-mogan-excursion-de-snorkel-con-barco\/#breadcrumb","itemListElement":[{"@type":"ListItem","position":1,"name":"Portada","item":"https:\/\/zeusdivecenter.com\/"},{"@type":"ListItem","position":2,"name":"Productos","item":"https:\/\/zeusdivecenter.com\/shop\/"},{"@type":"ListItem","position":3,"name":"Snorkel en Gran Canaria, Puerto de Mog\u00e1n: Excursi\u00f3n de snorkel con barco"}]},{"@type":"WebSite","@id":"https:\/\/zeusdivecenter.com\/#website","url":"https:\/\/zeusdivecenter.com\/","name":"Zeus Tauchzentrum","description":"","publisher":{"@id":"https:\/\/zeusdivecenter.com\/#organization"},"potentialAction":[{"@type":"SearchAction","target":{"@type":"EntryPoint","urlTemplate":"https:\/\/zeusdivecenter.com\/?s={search_term_string}"},"query-input":{"@type":"PropertyValueSpecification","valueRequired":true,"valueName":"search_term_string"}}],"inLanguage":"de"},{"@type":"Organization","@id":"https:\/\/zeusdivecenter.com\/#organization","name":"Zeus Tauchzentrum","url":"https:\/\/zeusdivecenter.com\/","logo":{"@type":"ImageObject","inLanguage":"de","@id":"https:\/\/zeusdivecenter.com\/#\/schema\/logo\/image\/","url":"https:\/\/zeusdivecenter.com\/wp-content\/uploads\/2026\/02\/grancanaria-snorkel-trydive-scubadive-duiken-schnuppertauchen-dive-tauchen-maspalomas15.png","contentUrl":"https:\/\/zeusdivecenter.com\/wp-content\/uploads\/2026\/02\/grancanaria-snorkel-trydive-scubadive-duiken-schnuppertauchen-dive-tauchen-maspalomas15.png","width":1080,"height":1080,"caption":"Zeus Dive Center"},"image":{"@id":"https:\/\/zeusdivecenter.com\/#\/schema\/logo\/image\/"}}]}},"_links":{"self":[{"href":"https:\/\/zeusdivecenter.com\/de\/wp-json\/wp\/v2\/product\/962","targetHints":{"allow":["GET"]}}],"collection":[{"href":"https:\/\/zeusdivecenter.com\/de\/wp-json\/wp\/v2\/product"}],"about":[{"href":"https:\/\/zeusdivecenter.com\/de\/wp-json\/wp\/v2\/types\/product"}],"replies":[{"embeddable":true,"href":"https:\/\/zeusdivecenter.com\/de\/wp-json\/wp\/v2\/comments?post=962"}],"version-history":[{"count":75,"href":"https:\/\/zeusdivecenter.com\/de\/wp-json\/wp\/v2\/product\/962\/revisions"}],"predecessor-version":[{"id":1875,"href":"https:\/\/zeusdivecenter.com\/de\/wp-json\/wp\/v2\/product\/962\/revisions\/1875"}],"wp:featuredmedia":[{"embeddable":true,"href":"https:\/\/zeusdivecenter.com\/de\/wp-json\/wp\/v2\/media\/1725"}],"wp:attachment":[{"href":"https:\/\/zeusdivecenter.com\/de\/wp-json\/wp\/v2\/media?parent=962"}],"wp:term":[{"taxonomy":"product_brand","embeddable":true,"href":"https:\/\/zeusdivecenter.com\/de\/wp-json\/wp\/v2\/product_brand?post=962"},{"taxonomy":"product_cat","embeddable":true,"href":"https:\/\/zeusdivecenter.com\/de\/wp-json\/wp\/v2\/product_cat?post=962"},{"taxonomy":"product_tag","embeddable":true,"href":"https:\/\/zeusdivecenter.com\/de\/wp-json\/wp\/v2\/product_tag?post=962"},{"taxonomy":"mwb_booking_cost","embeddable":true,"href":"https:\/\/zeusdivecenter.com\/de\/wp-json\/wp\/v2\/mwb_booking_cost?post=962"},{"taxonomy":"mwb_booking_service","embeddable":true,"href":"https:\/\/zeusdivecenter.com\/de\/wp-json\/wp\/v2\/mwb_booking_service?post=962"}],"curies":[{"name":"wp","href":"https:\/\/api.w.org\/{rel}","templated":true}]}}