{"id":2545,"date":"2026-05-06T01:16:36","date_gmt":"2026-05-06T01:16:36","guid":{"rendered":"https:\/\/zeusdivecenter.com\/?post_type=product&#038;p=2545"},"modified":"2026-05-06T10:11:47","modified_gmt":"2026-05-06T10:11:47","slug":"open-water-diver-ssi-padi-kurs-auf-teneriffa","status":"publish","type":"product","link":"https:\/\/zeusdivecenter.com\/de\/open-water-diver-ssi-padi-kurs-auf-teneriffa\/","title":{"rendered":"Open Water Diver Kurs (SSI \/ PADI) auf Teneriffa"},"content":{"rendered":"<div data-elementor-type=\"product-post\" data-elementor-id=\"2545\" class=\"elementor elementor-2545\" data-elementor-post-type=\"product\">\n\t\t\t\t<div class=\"elementor-element elementor-element-7b12f52 e-flex e-con-boxed wpr-particle-no wpr-jarallax-no wpr-parallax-no wpr-sticky-section-no wpr-equal-height-no e-con e-parent\" data-id=\"7b12f52\" data-element_type=\"container\" data-e-type=\"container\">\n\t\t\t\t\t<div class=\"e-con-inner\">\n\t\t<div class=\"elementor-element elementor-element-c2687dc e-con-full e-flex wpr-particle-no wpr-jarallax-no wpr-parallax-no wpr-sticky-section-no wpr-equal-height-no e-con e-child\" data-id=\"c2687dc\" data-element_type=\"container\" data-e-type=\"container\" data-settings=\"{&quot;background_background&quot;:&quot;classic&quot;}\">\n\t\t\t\t<div class=\"elementor-element elementor-element-f9c8cf0 elementor-widget elementor-widget-heading\" data-id=\"f9c8cf0\" data-element_type=\"widget\" data-e-type=\"widget\" data-widget_type=\"heading.default\">\n\t\t\t\t\t<h2 class=\"elementor-heading-title elementor-size-default\">\u00dcber die Aktivit\u00e4t<\/h2>\t\t\t\t<\/div>\n\t\t\t\t<div class=\"elementor-element elementor-element-f550b3b elementor-widget elementor-widget-text-editor\" data-id=\"f550b3b\" data-element_type=\"widget\" data-e-type=\"widget\" data-widget_type=\"text-editor.default\">\n\t\t\t\t\t\t\t\t\t<p data-start=\"556\" data-end=\"819\">Erwerben Sie Ihr internationales Open Water Diver-Zertifikat auf Teneriffa und starten Sie Ihr Abenteuer in der Welt des Sporttauchens. Dieser Kurs kombiniert Theorie, \u00dcbungen im begrenzten Freiwasser und Freiwassertauchg\u00e4nge, um Ihnen solide Fertigkeiten und Selbstvertrauen unter Wasser zu vermitteln.<\/p><p data-start=\"821\" data-end=\"962\">Nach Abschluss des Kurses sind Sie berechtigt, weltweit bis zu einer Tiefe von 18 Metern zu tauchen, stets innerhalb der Grenzen Ihrer Zertifizierung.<\/p><p data-start=\"964\" data-end=\"1014\">\ud83c\udf81 Inklusive kostenloser professioneller Tauchermaske.<\/p><p data-start=\"1016\" data-end=\"1111\"><strong data-start=\"1016\" data-end=\"1029\">Dauer:<\/strong> 2 Tage<br data-start=\"1036\" data-end=\"1039\" \/><strong data-start=\"1039\" data-end=\"1055\">Mindestalter:<\/strong> 10 Jahre<br data-start=\"1063\" data-end=\"1066\" \/><strong data-start=\"1066\" data-end=\"1077\">Preis:<\/strong> 450 \u20ac + Zertifizierungsgeb\u00fchren<\/p>\t\t\t\t\t\t\t\t<\/div>\n\t\t\t\t<\/div>\n\t\t<div class=\"elementor-element elementor-element-0cd94ee e-con-full e-flex wpr-particle-no wpr-jarallax-no wpr-parallax-no wpr-sticky-section-no wpr-equal-height-no e-con e-child\" data-id=\"0cd94ee\" data-element_type=\"container\" data-e-type=\"container\" data-settings=\"{&quot;background_background&quot;:&quot;classic&quot;}\">\n\t\t\t\t<div class=\"elementor-element elementor-element-76d422d elementor-widget elementor-widget-heading\" data-id=\"76d422d\" data-element_type=\"widget\" data-e-type=\"widget\" data-widget_type=\"heading.default\">\n\t\t\t\t\t<h2 class=\"elementor-heading-title elementor-size-default\">Was werden Sie tun?<\/h2>\t\t\t\t<\/div>\n\t\t\t\t<div class=\"elementor-element elementor-element-bfde0c1 elementor-widget elementor-widget-text-editor\" data-id=\"bfde0c1\" data-element_type=\"widget\" data-e-type=\"widget\" data-widget_type=\"text-editor.default\">\n\t\t\t\t\t\t\t\t\tSie erlernen die Grundlagen des Tauchens, den korrekten Umgang mit der Ausr\u00fcstung, die sichere Planung von Tauchg\u00e4ngen und die Anwendung wichtiger Sicherheitstechniken. Au\u00dferdem f\u00fchren Sie Freiwassertauchg\u00e4nge mit zertifizierten Tauchlehrern durch und gewinnen so schrittweise an Selbstvertrauen unter Wasser.\t\t\t\t\t\t\t\t<\/div>\n\t\t\t\t<div class=\"elementor-element elementor-element-d31fcb6 elementor-widget elementor-widget-heading\" data-id=\"d31fcb6\" data-element_type=\"widget\" data-e-type=\"widget\" data-widget_type=\"heading.default\">\n\t\t\t\t\t<h2 class=\"elementor-heading-title elementor-size-default\">Nicht geeignet f\u00fcr:\n<\/h2>\t\t\t\t<\/div>\n\t\t\t\t<div class=\"elementor-element elementor-element-240118d elementor-widget elementor-widget-text-editor\" data-id=\"240118d\" data-element_type=\"widget\" data-e-type=\"widget\" data-widget_type=\"text-editor.default\">\n\t\t\t\t\t\t\t\t\tKinder unter 10 Jahren, Schwangere, Personen mit R\u00fcckenproblemen, Herz- oder Atemwegserkrankungen, Epilepsie, Erk\u00e4ltungen, H\u00e4mophilie, Vorerkrankungen oder k\u00fcrzlich erfolgten Operationen (innerhalb der letzten 12 Monate).\t\t\t\t\t\t\t\t<\/div>\n\t\t\t\t<\/div>\n\t\t\t\t\t<\/div>\n\t\t\t\t<\/div>\n\t\t<div class=\"elementor-element elementor-element-d7f95d4 e-flex e-con-boxed wpr-particle-no wpr-jarallax-no wpr-parallax-no wpr-sticky-section-no wpr-equal-height-no e-con e-parent\" data-id=\"d7f95d4\" data-element_type=\"container\" data-e-type=\"container\">\n\t\t\t\t\t<div class=\"e-con-inner\">\n\t\t\t\t<div class=\"elementor-element elementor-element-e8d2eb6 gallery-spacing-custom elementor-widget elementor-widget-image-gallery\" data-id=\"e8d2eb6\" data-element_type=\"widget\" data-e-type=\"widget\" data-widget_type=\"image-gallery.default\">\n\t\t\t\t\t\t\t<div class=\"elementor-image-gallery\">\n\t\t\t<div id='gallery-1' class='gallery galleryid-2545 gallery-columns-3 gallery-size-woocommerce_thumbnail'><figure class='gallery-item'>\n\t\t\t<div class='gallery-icon landscape'>\n\t\t\t\t<a data-elementor-open-lightbox=\"yes\" data-elementor-lightbox-slideshow=\"e8d2eb6\" data-elementor-lightbox-title=\"tenerife-snorkel-abades-trydive-scubadive-duiken-schnuppertauchen-dive-tauchen-tenerife200\" data-e-action-hash=\"#elementor-action%3Aaction%3Dlightbox%26settings%3DeyJpZCI6MjU1MSwidXJsIjoiaHR0cHM6XC9cL3pldXNkaXZlY2VudGVyLmNvbVwvd3AtY29udGVudFwvdXBsb2Fkc1wvMjAyNlwvMDVcL3RlbmVyaWZlLXNub3JrZWwtYWJhZGVzLXRyeWRpdmUtc2N1YmFkaXZlLWR1aWtlbi1zY2hudXBwZXJ0YXVjaGVuLWRpdmUtdGF1Y2hlbi10ZW5lcmlmZTIwMC5qcGciLCJzbGlkZXNob3ciOiJlOGQyZWI2In0%3D\" href='https:\/\/zeusdivecenter.com\/wp-content\/uploads\/2026\/05\/tenerife-snorkel-abades-trydive-scubadive-duiken-schnuppertauchen-dive-tauchen-tenerife200.jpg'><img fetchpriority=\"high\" decoding=\"async\" width=\"300\" height=\"300\" src=\"https:\/\/zeusdivecenter.com\/wp-content\/uploads\/2026\/05\/tenerife-snorkel-abades-trydive-scubadive-duiken-schnuppertauchen-dive-tauchen-tenerife200-300x300.jpg\" class=\"attachment-woocommerce_thumbnail size-woocommerce_thumbnail\" alt=\"\" srcset=\"https:\/\/zeusdivecenter.com\/wp-content\/uploads\/2026\/05\/tenerife-snorkel-abades-trydive-scubadive-duiken-schnuppertauchen-dive-tauchen-tenerife200-300x300.jpg 300w, https:\/\/zeusdivecenter.com\/wp-content\/uploads\/2026\/05\/tenerife-snorkel-abades-trydive-scubadive-duiken-schnuppertauchen-dive-tauchen-tenerife200-150x150.jpg 150w, https:\/\/zeusdivecenter.com\/wp-content\/uploads\/2026\/05\/tenerife-snorkel-abades-trydive-scubadive-duiken-schnuppertauchen-dive-tauchen-tenerife200-100x100.jpg 100w\" sizes=\"(max-width: 300px) 100vw, 300px\" \/><\/a>\n\t\t\t<\/div><\/figure><figure class='gallery-item'>\n\t\t\t<div class='gallery-icon landscape'>\n\t\t\t\t<a data-elementor-open-lightbox=\"yes\" data-elementor-lightbox-slideshow=\"e8d2eb6\" data-elementor-lightbox-title=\"tenerife-snorkel-abades-trydive-scubadive-duiken-schnuppertauchen-dive-tauchen-tenerife201\" data-e-action-hash=\"#elementor-action%3Aaction%3Dlightbox%26settings%3DeyJpZCI6MjU1MiwidXJsIjoiaHR0cHM6XC9cL3pldXNkaXZlY2VudGVyLmNvbVwvd3AtY29udGVudFwvdXBsb2Fkc1wvMjAyNlwvMDVcL3RlbmVyaWZlLXNub3JrZWwtYWJhZGVzLXRyeWRpdmUtc2N1YmFkaXZlLWR1aWtlbi1zY2hudXBwZXJ0YXVjaGVuLWRpdmUtdGF1Y2hlbi10ZW5lcmlmZTIwMS5wbmciLCJzbGlkZXNob3ciOiJlOGQyZWI2In0%3D\" href='https:\/\/zeusdivecenter.com\/wp-content\/uploads\/2026\/05\/tenerife-snorkel-abades-trydive-scubadive-duiken-schnuppertauchen-dive-tauchen-tenerife201.png'><img decoding=\"async\" width=\"300\" height=\"300\" src=\"https:\/\/zeusdivecenter.com\/wp-content\/uploads\/2026\/05\/tenerife-snorkel-abades-trydive-scubadive-duiken-schnuppertauchen-dive-tauchen-tenerife201-300x300.png\" class=\"attachment-woocommerce_thumbnail size-woocommerce_thumbnail\" alt=\"\" srcset=\"https:\/\/zeusdivecenter.com\/wp-content\/uploads\/2026\/05\/tenerife-snorkel-abades-trydive-scubadive-duiken-schnuppertauchen-dive-tauchen-tenerife201-300x300.png 300w, https:\/\/zeusdivecenter.com\/wp-content\/uploads\/2026\/05\/tenerife-snorkel-abades-trydive-scubadive-duiken-schnuppertauchen-dive-tauchen-tenerife201-150x150.png 150w, https:\/\/zeusdivecenter.com\/wp-content\/uploads\/2026\/05\/tenerife-snorkel-abades-trydive-scubadive-duiken-schnuppertauchen-dive-tauchen-tenerife201-100x100.png 100w\" sizes=\"(max-width: 300px) 100vw, 300px\" \/><\/a>\n\t\t\t<\/div><\/figure><figure class='gallery-item'>\n\t\t\t<div class='gallery-icon landscape'>\n\t\t\t\t<a data-elementor-open-lightbox=\"yes\" data-elementor-lightbox-slideshow=\"e8d2eb6\" data-elementor-lightbox-title=\"tenerife-snorkel-abades-trydive-scubadive-duiken-schnuppertauchen-dive-tauchen-tenerife199\" data-e-action-hash=\"#elementor-action%3Aaction%3Dlightbox%26settings%3DeyJpZCI6MjU1MywidXJsIjoiaHR0cHM6XC9cL3pldXNkaXZlY2VudGVyLmNvbVwvd3AtY29udGVudFwvdXBsb2Fkc1wvMjAyNlwvMDVcL3RlbmVyaWZlLXNub3JrZWwtYWJhZGVzLXRyeWRpdmUtc2N1YmFkaXZlLWR1aWtlbi1zY2hudXBwZXJ0YXVjaGVuLWRpdmUtdGF1Y2hlbi10ZW5lcmlmZTE5OS0xLnBuZyIsInNsaWRlc2hvdyI6ImU4ZDJlYjYifQ%3D%3D\" href='https:\/\/zeusdivecenter.com\/wp-content\/uploads\/2026\/05\/tenerife-snorkel-abades-trydive-scubadive-duiken-schnuppertauchen-dive-tauchen-tenerife199-1.png'><img decoding=\"async\" width=\"300\" height=\"300\" src=\"https:\/\/zeusdivecenter.com\/wp-content\/uploads\/2026\/05\/tenerife-snorkel-abades-trydive-scubadive-duiken-schnuppertauchen-dive-tauchen-tenerife199-1-300x300.png\" class=\"attachment-woocommerce_thumbnail size-woocommerce_thumbnail\" alt=\"\" srcset=\"https:\/\/zeusdivecenter.com\/wp-content\/uploads\/2026\/05\/tenerife-snorkel-abades-trydive-scubadive-duiken-schnuppertauchen-dive-tauchen-tenerife199-1-300x300.png 300w, https:\/\/zeusdivecenter.com\/wp-content\/uploads\/2026\/05\/tenerife-snorkel-abades-trydive-scubadive-duiken-schnuppertauchen-dive-tauchen-tenerife199-1-150x150.png 150w, https:\/\/zeusdivecenter.com\/wp-content\/uploads\/2026\/05\/tenerife-snorkel-abades-trydive-scubadive-duiken-schnuppertauchen-dive-tauchen-tenerife199-1-100x100.png 100w\" sizes=\"(max-width: 300px) 100vw, 300px\" \/><\/a>\n\t\t\t<\/div><\/figure>\n\t\t<\/div>\n\t\t<\/div>\n\t\t\t\t\t\t<\/div>\n\t\t\t\t\t<\/div>\n\t\t\t\t<\/div>\n\t\t<div class=\"elementor-element elementor-element-a1bc650 e-flex e-con-boxed wpr-particle-no wpr-jarallax-no wpr-parallax-no wpr-sticky-section-no wpr-equal-height-no e-con e-parent\" data-id=\"a1bc650\" data-element_type=\"container\" data-e-type=\"container\">\n\t\t\t\t\t<div class=\"e-con-inner\">\n\t\t\t\t<div class=\"elementor-element elementor-element-fe974fa elementor-widget elementor-widget-shortcode\" data-id=\"fe974fa\" data-element_type=\"widget\" data-e-type=\"widget\" data-widget_type=\"shortcode.default\">\n\t\t\t\t\t\t\t<div class=\"elementor-shortcode\">    \n    <div class=\"load-turitop\"\n         data-service=\"P15\"\n         data-lang=\"de\"\n         data-embed=\"box\">\n    <\/div>\n\n    <script>\n    if (typeof loadTuritop === \"function\") {\n        loadTuritop();\n    }\n    <\/script>\n\n    <\/div>\n\t\t\t\t\t\t<\/div>\n\t\t\t\t\t<\/div>\n\t\t\t\t<\/div>\n\t\t\t\t<\/div>","protected":false},"excerpt":{"rendered":"<p>Werde in nur 2 Tagen auf Teneriffa zum Open Water Diver (SSI\/PADI) zertifiziert \u2013 inklusive Theorie, Praxis und Freiwassertauchg\u00e4ngen. Eine Freitauchmaske ist ebenfalls enthalten. Ab 10 Jahren.<\/p>","protected":false},"featured_media":2546,"comment_status":"open","ping_status":"closed","template":"","meta":{"_eb_attr":"","_joinchat":{"message_send":"Hola, buenas. Quiero m\u00e1s informaci\u00f3n acerca del curso {PRODUCT}","view":"no"}},"product_brand":[],"product_cat":[133,130],"product_tag":[],"mwb_booking_cost":[],"mwb_booking_service":[],"class_list":{"0":"post-2545","1":"product","2":"type-product","3":"status-publish","4":"has-post-thumbnail","6":"product_cat-booking","7":"product_cat-sin-categorizar","9":"first","10":"instock","11":"virtual","12":"purchasable","13":"product-type-mwb_booking"},"yoast_head":"<!-- This site is optimized with the Yoast SEO plugin v27.4 - https:\/\/yoast.com\/product\/yoast-seo-wordpress\/ -->\n<title>Curso Open Water Diver en Gran Canaria \u2013 Certif\u00edcate SSI o PADI<\/title>\n<meta name=\"description\" content=\"Aprende a bucear con el curso Open Water Diver en Gran Canaria. Certificaci\u00f3n SSI o PADI con instructores profesionales. Reserva ahora online.\" \/>\n<meta name=\"robots\" content=\"index, follow, max-snippet:-1, max-image-preview:large, max-video-preview:-1\" \/>\n<link rel=\"canonical\" href=\"https:\/\/zeusdivecenter.com\/de\/open-water-diver-ssi-padi-kurs-auf-teneriffa\/\" \/>\n<meta property=\"og:locale\" content=\"de_DE\" \/>\n<meta property=\"og:type\" content=\"article\" \/>\n<meta property=\"og:title\" content=\"Curso Open Water Diver en Gran Canaria \u2013 Certif\u00edcate SSI o PADI\" \/>\n<meta property=\"og:description\" content=\"Aprende a bucear con el curso Open Water Diver en Gran Canaria. Certificaci\u00f3n SSI o PADI con instructores profesionales. Reserva ahora online.\" \/>\n<meta property=\"og:url\" content=\"https:\/\/zeusdivecenter.com\/de\/open-water-diver-ssi-padi-kurs-auf-teneriffa\/\" \/>\n<meta property=\"og:site_name\" content=\"Zeus Dive Center\" \/>\n<meta property=\"article:modified_time\" content=\"2026-05-06T10:11:47+00:00\" \/>\n<meta property=\"og:image\" content=\"https:\/\/zeusdivecenter.com\/wp-content\/uploads\/2026\/05\/tenerife-snorkel-abades-trydive-scubadive-duiken-schnuppertauchen-dive-tauchen-tenerife199.png\" \/>\n\t<meta property=\"og:image:width\" content=\"1280\" \/>\n\t<meta property=\"og:image:height\" content=\"853\" \/>\n\t<meta property=\"og:image:type\" content=\"image\/png\" \/>\n<meta name=\"twitter:card\" content=\"summary_large_image\" \/>\n<!-- \/ Yoast SEO plugin. -->","yoast_head_json":{"title":"Open Water Diver Kurs auf Gran Canaria \u2013 Erhalte dein SSI- oder PADI-Zertifikat","description":"Lerne Tauchen mit dem Open Water Diver Kurs auf Gran Canaria. SSI- oder PADI-Zertifizierung mit professionellen Tauchlehrern. Jetzt online buchen.","robots":{"index":"index","follow":"follow","max-snippet":"max-snippet:-1","max-image-preview":"max-image-preview:large","max-video-preview":"max-video-preview:-1"},"canonical":"https:\/\/zeusdivecenter.com\/de\/open-water-diver-ssi-padi-kurs-auf-teneriffa\/","og_locale":"de_DE","og_type":"article","og_title":"Curso Open Water Diver en Gran Canaria \u2013 Certif\u00edcate SSI o PADI","og_description":"Aprende a bucear con el curso Open Water Diver en Gran Canaria. Certificaci\u00f3n SSI o PADI con instructores profesionales. Reserva ahora online.","og_url":"https:\/\/zeusdivecenter.com\/de\/open-water-diver-ssi-padi-kurs-auf-teneriffa\/","og_site_name":"Zeus Dive Center","article_modified_time":"2026-05-06T10:11:47+00:00","og_image":[{"width":1280,"height":853,"url":"https:\/\/zeusdivecenter.com\/wp-content\/uploads\/2026\/05\/tenerife-snorkel-abades-trydive-scubadive-duiken-schnuppertauchen-dive-tauchen-tenerife199.png","type":"image\/png"}],"twitter_card":"summary_large_image","schema":{"@context":"https:\/\/schema.org","@graph":[{"@type":"WebPage","@id":"https:\/\/zeusdivecenter.com\/curso-open-water-diver-ssi-padi-en-tenerife\/","url":"https:\/\/zeusdivecenter.com\/curso-open-water-diver-ssi-padi-en-tenerife\/","name":"Open Water Diver Kurs auf Gran Canaria \u2013 Erhalte dein SSI- oder PADI-Zertifikat","isPartOf":{"@id":"https:\/\/zeusdivecenter.com\/#website"},"primaryImageOfPage":{"@id":"https:\/\/zeusdivecenter.com\/curso-open-water-diver-ssi-padi-en-tenerife\/#primaryimage"},"image":{"@id":"https:\/\/zeusdivecenter.com\/curso-open-water-diver-ssi-padi-en-tenerife\/#primaryimage"},"thumbnailUrl":"https:\/\/zeusdivecenter.com\/wp-content\/uploads\/2026\/05\/tenerife-snorkel-abades-trydive-scubadive-duiken-schnuppertauchen-dive-tauchen-tenerife199.png","datePublished":"2026-05-06T01:16:36+00:00","dateModified":"2026-05-06T10:11:47+00:00","description":"Lerne Tauchen mit dem Open Water Diver Kurs auf Gran Canaria. SSI- oder PADI-Zertifizierung mit professionellen Tauchlehrern. Jetzt online buchen.","breadcrumb":{"@id":"https:\/\/zeusdivecenter.com\/curso-open-water-diver-ssi-padi-en-tenerife\/#breadcrumb"},"inLanguage":"de","potentialAction":[{"@type":"ReadAction","target":["https:\/\/zeusdivecenter.com\/curso-open-water-diver-ssi-padi-en-tenerife\/"]}]},{"@type":"ImageObject","inLanguage":"de","@id":"https:\/\/zeusdivecenter.com\/curso-open-water-diver-ssi-padi-en-tenerife\/#primaryimage","url":"https:\/\/zeusdivecenter.com\/wp-content\/uploads\/2026\/05\/tenerife-snorkel-abades-trydive-scubadive-duiken-schnuppertauchen-dive-tauchen-tenerife199.png","contentUrl":"https:\/\/zeusdivecenter.com\/wp-content\/uploads\/2026\/05\/tenerife-snorkel-abades-trydive-scubadive-duiken-schnuppertauchen-dive-tauchen-tenerife199.png","width":1280,"height":853},{"@type":"BreadcrumbList","@id":"https:\/\/zeusdivecenter.com\/curso-open-water-diver-ssi-padi-en-tenerife\/#breadcrumb","itemListElement":[{"@type":"ListItem","position":1,"name":"Portada","item":"https:\/\/zeusdivecenter.com\/"},{"@type":"ListItem","position":2,"name":"Productos","item":"https:\/\/zeusdivecenter.com\/shop\/"},{"@type":"ListItem","position":3,"name":"Curso Open Water Diver (SSI \/ PADI) en Tenerife"}]},{"@type":"WebSite","@id":"https:\/\/zeusdivecenter.com\/#website","url":"https:\/\/zeusdivecenter.com\/","name":"Zeus Tauchzentrum","description":"","publisher":{"@id":"https:\/\/zeusdivecenter.com\/#organization"},"potentialAction":[{"@type":"SearchAction","target":{"@type":"EntryPoint","urlTemplate":"https:\/\/zeusdivecenter.com\/?s={search_term_string}"},"query-input":{"@type":"PropertyValueSpecification","valueRequired":true,"valueName":"search_term_string"}}],"inLanguage":"de"},{"@type":"Organization","@id":"https:\/\/zeusdivecenter.com\/#organization","name":"Zeus Tauchzentrum","url":"https:\/\/zeusdivecenter.com\/","logo":{"@type":"ImageObject","inLanguage":"de","@id":"https:\/\/zeusdivecenter.com\/#\/schema\/logo\/image\/","url":"https:\/\/zeusdivecenter.com\/wp-content\/uploads\/2026\/02\/grancanaria-snorkel-trydive-scubadive-duiken-schnuppertauchen-dive-tauchen-maspalomas15.png","contentUrl":"https:\/\/zeusdivecenter.com\/wp-content\/uploads\/2026\/02\/grancanaria-snorkel-trydive-scubadive-duiken-schnuppertauchen-dive-tauchen-maspalomas15.png","width":1080,"height":1080,"caption":"Zeus Dive Center"},"image":{"@id":"https:\/\/zeusdivecenter.com\/#\/schema\/logo\/image\/"}}]}},"_links":{"self":[{"href":"https:\/\/zeusdivecenter.com\/de\/wp-json\/wp\/v2\/product\/2545","targetHints":{"allow":["GET"]}}],"collection":[{"href":"https:\/\/zeusdivecenter.com\/de\/wp-json\/wp\/v2\/product"}],"about":[{"href":"https:\/\/zeusdivecenter.com\/de\/wp-json\/wp\/v2\/types\/product"}],"replies":[{"embeddable":true,"href":"https:\/\/zeusdivecenter.com\/de\/wp-json\/wp\/v2\/comments?post=2545"}],"version-history":[{"count":10,"href":"https:\/\/zeusdivecenter.com\/de\/wp-json\/wp\/v2\/product\/2545\/revisions"}],"predecessor-version":[{"id":2715,"href":"https:\/\/zeusdivecenter.com\/de\/wp-json\/wp\/v2\/product\/2545\/revisions\/2715"}],"wp:featuredmedia":[{"embeddable":true,"href":"https:\/\/zeusdivecenter.com\/de\/wp-json\/wp\/v2\/media\/2546"}],"wp:attachment":[{"href":"https:\/\/zeusdivecenter.com\/de\/wp-json\/wp\/v2\/media?parent=2545"}],"wp:term":[{"taxonomy":"product_brand","embeddable":true,"href":"https:\/\/zeusdivecenter.com\/de\/wp-json\/wp\/v2\/product_brand?post=2545"},{"taxonomy":"product_cat","embeddable":true,"href":"https:\/\/zeusdivecenter.com\/de\/wp-json\/wp\/v2\/product_cat?post=2545"},{"taxonomy":"product_tag","embeddable":true,"href":"https:\/\/zeusdivecenter.com\/de\/wp-json\/wp\/v2\/product_tag?post=2545"},{"taxonomy":"mwb_booking_cost","embeddable":true,"href":"https:\/\/zeusdivecenter.com\/de\/wp-json\/wp\/v2\/mwb_booking_cost?post=2545"},{"taxonomy":"mwb_booking_service","embeddable":true,"href":"https:\/\/zeusdivecenter.com\/de\/wp-json\/wp\/v2\/mwb_booking_service?post=2545"}],"curies":[{"name":"wp","href":"https:\/\/api.w.org\/{rel}","templated":true}]}}