{"id":2505,"date":"2026-05-06T00:29:36","date_gmt":"2026-05-06T00:29:36","guid":{"rendered":"https:\/\/zeusdivecenter.com\/?post_type=product&#038;p=2505"},"modified":"2026-05-06T09:56:28","modified_gmt":"2026-05-06T09:56:28","slug":"buceo-en-tenerife-para-buceadores-certificados","status":"publish","type":"product","link":"https:\/\/zeusdivecenter.com\/de\/buceo-en-tenerife-para-buceadores-certificados\/","title":{"rendered":"Tauchen auf Teneriffa f\u00fcr zertifizierte Taucher"},"content":{"rendered":"<div data-elementor-type=\"product-post\" data-elementor-id=\"2505\" class=\"elementor elementor-2505\" data-elementor-post-type=\"product\">\n\t\t\t\t<div class=\"elementor-element elementor-element-7b12f52 e-flex e-con-boxed wpr-particle-no wpr-jarallax-no wpr-parallax-no wpr-sticky-section-no wpr-equal-height-no e-con e-parent\" data-id=\"7b12f52\" data-element_type=\"container\" data-e-type=\"container\">\n\t\t\t\t\t<div class=\"e-con-inner\">\n\t\t<div class=\"elementor-element elementor-element-c2687dc e-con-full e-flex wpr-particle-no wpr-jarallax-no wpr-parallax-no wpr-sticky-section-no wpr-equal-height-no e-con e-child\" data-id=\"c2687dc\" data-element_type=\"container\" data-e-type=\"container\" data-settings=\"{&quot;background_background&quot;:&quot;classic&quot;}\">\n\t\t\t\t<div class=\"elementor-element elementor-element-f9c8cf0 elementor-widget elementor-widget-heading\" data-id=\"f9c8cf0\" data-element_type=\"widget\" data-e-type=\"widget\" data-widget_type=\"heading.default\">\n\t\t\t\t\t<h2 class=\"elementor-heading-title elementor-size-default\">\u00dcber die Aktivit\u00e4t<\/h2>\t\t\t\t<\/div>\n\t\t\t\t<div class=\"elementor-element elementor-element-f550b3b elementor-widget elementor-widget-text-editor\" data-id=\"f550b3b\" data-element_type=\"widget\" data-e-type=\"widget\" data-widget_type=\"text-editor.default\">\n\t\t\t\t\t\t\t\t\t<p data-pm-slice=\"1 1 []\">Descubre el impresionante paisaje submarino de Tenerife. Sorpr\u00e9ndete con la variedad de peces y disfruta de una excelente visibilidad en aguas cristalinas.<\/p><p data-pm-slice=\"1 1 []\">Contamos con m\u00faltiples puntos de inmersi\u00f3n distribuidos por distintas zonas de la isla, adaptados a diferentes niveles. Podr\u00e1s realizar inmersiones en pecios, zonas volc\u00e1nicas, arrecifes, inmersiones desde costa o desde barco, siempre en grupos reducidos para garantizar seguridad y calidad.<\/p><p data-pm-slice=\"1 1 []\">Puedes traer tu propio equipo, pero tambi\u00e9n disponemos de material Aqualung\/Apeks para alquiler. Nuestro equipo incluye ordenador de buceo, boya de se\u00f1alizaci\u00f3n (SMB) y cuchillo, elementos obligatorios para la actividad.<\/p><p data-pm-slice=\"1 1 []\">Entre los principales atractivos destacan formaciones volc\u00e1nicas, an\u00e9monas, rayas, sepias, pulpos, caballitos de mar, bancos de peces y la posibilidad de ver angelotes. Cada inmersi\u00f3n es diferente y se selecciona en funci\u00f3n de las condiciones del mar y del nivel del grupo.<\/p>\t\t\t\t\t\t\t\t<\/div>\n\t\t\t\t<\/div>\n\t\t<div class=\"elementor-element elementor-element-0cd94ee e-con-full e-flex wpr-particle-no wpr-jarallax-no wpr-parallax-no wpr-sticky-section-no wpr-equal-height-no e-con e-child\" data-id=\"0cd94ee\" data-element_type=\"container\" data-e-type=\"container\" data-settings=\"{&quot;background_background&quot;:&quot;classic&quot;}\">\n\t\t\t\t<div class=\"elementor-element elementor-element-76d422d elementor-widget elementor-widget-heading\" data-id=\"76d422d\" data-element_type=\"widget\" data-e-type=\"widget\" data-widget_type=\"heading.default\">\n\t\t\t\t\t<h2 class=\"elementor-heading-title elementor-size-default\">Was werden Sie tun?<\/h2>\t\t\t\t<\/div>\n\t\t\t\t<div class=\"elementor-element elementor-element-216dc86 elementor-icon-list--layout-traditional elementor-list-item-link-full_width elementor-widget elementor-widget-icon-list\" data-id=\"216dc86\" data-element_type=\"widget\" data-e-type=\"widget\" data-widget_type=\"icon-list.default\">\n\t\t\t\t\t\t\t<ul class=\"elementor-icon-list-items\">\n\t\t\t\t\t\t\t<li class=\"elementor-icon-list-item\">\n\t\t\t\t\t\t\t\t\t\t\t<span class=\"elementor-icon-list-icon\">\n\t\t\t\t\t\t\t<i aria-hidden=\"true\" class=\"icon_check_alt\"><\/i>\t\t\t\t\t\t<\/span>\n\t\t\t\t\t\t\t\t\t\t<span class=\"elementor-icon-list-text\">Explorar pecios, arrecifes y formaciones volc\u00e1nicas acompa\u00f1ado por un instructor<\/span>\n\t\t\t\t\t\t\t\t\t<\/li>\n\t\t\t\t\t\t\t\t<li class=\"elementor-icon-list-item\">\n\t\t\t\t\t\t\t\t\t\t\t<span class=\"elementor-icon-list-icon\">\n\t\t\t\t\t\t\t<i aria-hidden=\"true\" class=\"icon_check_alt\"><\/i>\t\t\t\t\t\t<\/span>\n\t\t\t\t\t\t\t\t\t\t<span class=\"elementor-icon-list-text\">Bucear con total seguridad junto a profesionales experimentados<\/span>\n\t\t\t\t\t\t\t\t\t<\/li>\n\t\t\t\t\t\t\t\t<li class=\"elementor-icon-list-item\">\n\t\t\t\t\t\t\t\t\t\t\t<span class=\"elementor-icon-list-icon\">\n\t\t\t\t\t\t\t<i aria-hidden=\"true\" class=\"icon_check_alt\"><\/i>\t\t\t\t\t\t<\/span>\n\t\t\t\t\t\t\t\t\t\t<span class=\"elementor-icon-list-text\">Realizar inmersiones en grupos reducidos<\/span>\n\t\t\t\t\t\t\t\t\t<\/li>\n\t\t\t\t\t\t\t\t<li class=\"elementor-icon-list-item\">\n\t\t\t\t\t\t\t\t\t\t\t<span class=\"elementor-icon-list-icon\">\n\t\t\t\t\t\t\t<i aria-hidden=\"true\" class=\"icon_check_alt\"><\/i>\t\t\t\t\t\t<\/span>\n\t\t\t\t\t\t\t\t\t\t<span class=\"elementor-icon-list-text\">Descubrir la biodiversidad marina de Tenerife<\/span>\n\t\t\t\t\t\t\t\t\t<\/li>\n\t\t\t\t\t\t\t\t<li class=\"elementor-icon-list-item\">\n\t\t\t\t\t\t\t\t\t\t\t<span class=\"elementor-icon-list-icon\">\n\t\t\t\t\t\t\t<i aria-hidden=\"true\" class=\"icon_check_alt\"><\/i>\t\t\t\t\t\t<\/span>\n\t\t\t\t\t\t\t\t\t\t<span class=\"elementor-icon-list-text\">Observar bancos de peces, rayas, caballitos de mar y otras especies del Atl\u00e1ntico<\/span>\n\t\t\t\t\t\t\t\t\t<\/li>\n\t\t\t\t\t\t<\/ul>\n\t\t\t\t\t\t<\/div>\n\t\t\t\t<div class=\"elementor-element elementor-element-2a7270a elementor-widget elementor-widget-heading\" data-id=\"2a7270a\" data-element_type=\"widget\" data-e-type=\"widget\" data-widget_type=\"heading.default\">\n\t\t\t\t\t<h2 class=\"elementor-heading-title elementor-size-default\">Nicht geeignet f\u00fcr:<\/h2>\t\t\t\t<\/div>\n\t\t\t\t<div class=\"elementor-element elementor-element-a3ea5b8 elementor-icon-list--layout-traditional elementor-list-item-link-full_width elementor-widget elementor-widget-icon-list\" data-id=\"a3ea5b8\" data-element_type=\"widget\" data-e-type=\"widget\" data-widget_type=\"icon-list.default\">\n\t\t\t\t\t\t\t<ul class=\"elementor-icon-list-items\">\n\t\t\t\t\t\t\t<li class=\"elementor-icon-list-item\">\n\t\t\t\t\t\t\t\t\t\t<span class=\"elementor-icon-list-text\">Menores de 12 a\u00f1os, embarazadas, personas con problemas de espalda, card\u00edacos o respiratorios, epilepsia, personas resfriadas, sin certificaci\u00f3n de buceo, con hemofilia, condiciones m\u00e9dicas preexistentes o cirug\u00edas recientes (\u00faltimos 12 meses).<\/span>\n\t\t\t\t\t\t\t\t\t<\/li>\n\t\t\t\t\t\t<\/ul>\n\t\t\t\t\t\t<\/div>\n\t\t\t\t<\/div>\n\t\t\t\t\t<\/div>\n\t\t\t\t<\/div>\n\t\t<div class=\"elementor-element elementor-element-d7f95d4 e-flex e-con-boxed wpr-particle-no wpr-jarallax-no wpr-parallax-no wpr-sticky-section-no wpr-equal-height-no e-con e-parent\" data-id=\"d7f95d4\" data-element_type=\"container\" data-e-type=\"container\">\n\t\t\t\t\t<div class=\"e-con-inner\">\n\t\t\t\t<div class=\"elementor-element elementor-element-e8d2eb6 gallery-spacing-custom elementor-widget elementor-widget-image-gallery\" data-id=\"e8d2eb6\" data-element_type=\"widget\" data-e-type=\"widget\" data-widget_type=\"image-gallery.default\">\n\t\t\t\t\t\t\t<div class=\"elementor-image-gallery\">\n\t\t\t<div id='gallery-1' class='gallery galleryid-2505 gallery-columns-4 gallery-size-woocommerce_thumbnail'><figure class='gallery-item'>\n\t\t\t<div class='gallery-icon landscape'>\n\t\t\t\t<a data-elementor-open-lightbox=\"yes\" data-elementor-lightbox-slideshow=\"e8d2eb6\" data-elementor-lightbox-title=\"tenerife-snorkel-abades-trydive-scubadive-duiken-schnuppertauchen-dive-tauchen-tenerife190\" data-e-action-hash=\"#elementor-action%3Aaction%3Dlightbox%26settings%3DeyJpZCI6MjUxNCwidXJsIjoiaHR0cHM6XC9cL3pldXNkaXZlY2VudGVyLmNvbVwvd3AtY29udGVudFwvdXBsb2Fkc1wvMjAyNlwvMDVcL3RlbmVyaWZlLXNub3JrZWwtYWJhZGVzLXRyeWRpdmUtc2N1YmFkaXZlLWR1aWtlbi1zY2hudXBwZXJ0YXVjaGVuLWRpdmUtdGF1Y2hlbi10ZW5lcmlmZTE5MC5wbmciLCJzbGlkZXNob3ciOiJlOGQyZWI2In0%3D\" href='https:\/\/zeusdivecenter.com\/wp-content\/uploads\/2026\/05\/tenerife-snorkel-abades-trydive-scubadive-duiken-schnuppertauchen-dive-tauchen-tenerife190.png'><img fetchpriority=\"high\" decoding=\"async\" width=\"300\" height=\"300\" src=\"https:\/\/zeusdivecenter.com\/wp-content\/uploads\/2026\/05\/tenerife-snorkel-abades-trydive-scubadive-duiken-schnuppertauchen-dive-tauchen-tenerife190-300x300.png\" class=\"attachment-woocommerce_thumbnail size-woocommerce_thumbnail\" alt=\"\" srcset=\"https:\/\/zeusdivecenter.com\/wp-content\/uploads\/2026\/05\/tenerife-snorkel-abades-trydive-scubadive-duiken-schnuppertauchen-dive-tauchen-tenerife190-300x300.png 300w, https:\/\/zeusdivecenter.com\/wp-content\/uploads\/2026\/05\/tenerife-snorkel-abades-trydive-scubadive-duiken-schnuppertauchen-dive-tauchen-tenerife190-150x150.png 150w, https:\/\/zeusdivecenter.com\/wp-content\/uploads\/2026\/05\/tenerife-snorkel-abades-trydive-scubadive-duiken-schnuppertauchen-dive-tauchen-tenerife190-100x100.png 100w\" sizes=\"(max-width: 300px) 100vw, 300px\" \/><\/a>\n\t\t\t<\/div><\/figure><figure class='gallery-item'>\n\t\t\t<div class='gallery-icon landscape'>\n\t\t\t\t<a data-elementor-open-lightbox=\"yes\" data-elementor-lightbox-slideshow=\"e8d2eb6\" data-elementor-lightbox-title=\"tenerife-snorkel-abades-trydive-scubadive-duiken-schnuppertauchen-dive-tauchen-tenerife191\" data-e-action-hash=\"#elementor-action%3Aaction%3Dlightbox%26settings%3DeyJpZCI6MjUxNSwidXJsIjoiaHR0cHM6XC9cL3pldXNkaXZlY2VudGVyLmNvbVwvd3AtY29udGVudFwvdXBsb2Fkc1wvMjAyNlwvMDVcL3RlbmVyaWZlLXNub3JrZWwtYWJhZGVzLXRyeWRpdmUtc2N1YmFkaXZlLWR1aWtlbi1zY2hudXBwZXJ0YXVjaGVuLWRpdmUtdGF1Y2hlbi10ZW5lcmlmZTE5MS5qcGciLCJzbGlkZXNob3ciOiJlOGQyZWI2In0%3D\" href='https:\/\/zeusdivecenter.com\/wp-content\/uploads\/2026\/05\/tenerife-snorkel-abades-trydive-scubadive-duiken-schnuppertauchen-dive-tauchen-tenerife191.jpg'><img decoding=\"async\" width=\"300\" height=\"300\" src=\"https:\/\/zeusdivecenter.com\/wp-content\/uploads\/2026\/05\/tenerife-snorkel-abades-trydive-scubadive-duiken-schnuppertauchen-dive-tauchen-tenerife191-300x300.jpg\" class=\"attachment-woocommerce_thumbnail size-woocommerce_thumbnail\" alt=\"\" srcset=\"https:\/\/zeusdivecenter.com\/wp-content\/uploads\/2026\/05\/tenerife-snorkel-abades-trydive-scubadive-duiken-schnuppertauchen-dive-tauchen-tenerife191-300x300.jpg 300w, https:\/\/zeusdivecenter.com\/wp-content\/uploads\/2026\/05\/tenerife-snorkel-abades-trydive-scubadive-duiken-schnuppertauchen-dive-tauchen-tenerife191-150x150.jpg 150w, https:\/\/zeusdivecenter.com\/wp-content\/uploads\/2026\/05\/tenerife-snorkel-abades-trydive-scubadive-duiken-schnuppertauchen-dive-tauchen-tenerife191-100x100.jpg 100w\" sizes=\"(max-width: 300px) 100vw, 300px\" \/><\/a>\n\t\t\t<\/div><\/figure><figure class='gallery-item'>\n\t\t\t<div class='gallery-icon landscape'>\n\t\t\t\t<a data-elementor-open-lightbox=\"yes\" data-elementor-lightbox-slideshow=\"e8d2eb6\" data-elementor-lightbox-title=\"tenerife-snorkel-abades-trydive-scubadive-duiken-schnuppertauchen-dive-tauchen-tenerife192\" data-e-action-hash=\"#elementor-action%3Aaction%3Dlightbox%26settings%3DeyJpZCI6MjUxNiwidXJsIjoiaHR0cHM6XC9cL3pldXNkaXZlY2VudGVyLmNvbVwvd3AtY29udGVudFwvdXBsb2Fkc1wvMjAyNlwvMDVcL3RlbmVyaWZlLXNub3JrZWwtYWJhZGVzLXRyeWRpdmUtc2N1YmFkaXZlLWR1aWtlbi1zY2hudXBwZXJ0YXVjaGVuLWRpdmUtdGF1Y2hlbi10ZW5lcmlmZTE5Mi5qcGciLCJzbGlkZXNob3ciOiJlOGQyZWI2In0%3D\" href='https:\/\/zeusdivecenter.com\/wp-content\/uploads\/2026\/05\/tenerife-snorkel-abades-trydive-scubadive-duiken-schnuppertauchen-dive-tauchen-tenerife192.jpg'><img decoding=\"async\" width=\"300\" height=\"300\" src=\"https:\/\/zeusdivecenter.com\/wp-content\/uploads\/2026\/05\/tenerife-snorkel-abades-trydive-scubadive-duiken-schnuppertauchen-dive-tauchen-tenerife192-300x300.jpg\" class=\"attachment-woocommerce_thumbnail size-woocommerce_thumbnail\" alt=\"\" srcset=\"https:\/\/zeusdivecenter.com\/wp-content\/uploads\/2026\/05\/tenerife-snorkel-abades-trydive-scubadive-duiken-schnuppertauchen-dive-tauchen-tenerife192-300x300.jpg 300w, https:\/\/zeusdivecenter.com\/wp-content\/uploads\/2026\/05\/tenerife-snorkel-abades-trydive-scubadive-duiken-schnuppertauchen-dive-tauchen-tenerife192-150x150.jpg 150w, https:\/\/zeusdivecenter.com\/wp-content\/uploads\/2026\/05\/tenerife-snorkel-abades-trydive-scubadive-duiken-schnuppertauchen-dive-tauchen-tenerife192-100x100.jpg 100w\" sizes=\"(max-width: 300px) 100vw, 300px\" \/><\/a>\n\t\t\t<\/div><\/figure><figure class='gallery-item'>\n\t\t\t<div class='gallery-icon landscape'>\n\t\t\t\t<a data-elementor-open-lightbox=\"yes\" data-elementor-lightbox-slideshow=\"e8d2eb6\" data-elementor-lightbox-title=\"tenerife-snorkel-abades-trydive-scubadive-duiken-schnuppertauchen-dive-tauchen-tenerife194\" data-e-action-hash=\"#elementor-action%3Aaction%3Dlightbox%26settings%3DeyJpZCI6MjUxNywidXJsIjoiaHR0cHM6XC9cL3pldXNkaXZlY2VudGVyLmNvbVwvd3AtY29udGVudFwvdXBsb2Fkc1wvMjAyNlwvMDVcL3RlbmVyaWZlLXNub3JrZWwtYWJhZGVzLXRyeWRpdmUtc2N1YmFkaXZlLWR1aWtlbi1zY2hudXBwZXJ0YXVjaGVuLWRpdmUtdGF1Y2hlbi10ZW5lcmlmZTE5NC5qcGciLCJzbGlkZXNob3ciOiJlOGQyZWI2In0%3D\" href='https:\/\/zeusdivecenter.com\/wp-content\/uploads\/2026\/05\/tenerife-snorkel-abades-trydive-scubadive-duiken-schnuppertauchen-dive-tauchen-tenerife194.jpg'><img loading=\"lazy\" decoding=\"async\" width=\"300\" height=\"300\" src=\"https:\/\/zeusdivecenter.com\/wp-content\/uploads\/2026\/05\/tenerife-snorkel-abades-trydive-scubadive-duiken-schnuppertauchen-dive-tauchen-tenerife194-300x300.jpg\" class=\"attachment-woocommerce_thumbnail size-woocommerce_thumbnail\" alt=\"\" srcset=\"https:\/\/zeusdivecenter.com\/wp-content\/uploads\/2026\/05\/tenerife-snorkel-abades-trydive-scubadive-duiken-schnuppertauchen-dive-tauchen-tenerife194-300x300.jpg 300w, https:\/\/zeusdivecenter.com\/wp-content\/uploads\/2026\/05\/tenerife-snorkel-abades-trydive-scubadive-duiken-schnuppertauchen-dive-tauchen-tenerife194-150x150.jpg 150w, https:\/\/zeusdivecenter.com\/wp-content\/uploads\/2026\/05\/tenerife-snorkel-abades-trydive-scubadive-duiken-schnuppertauchen-dive-tauchen-tenerife194-100x100.jpg 100w\" sizes=\"(max-width: 300px) 100vw, 300px\" \/><\/a>\n\t\t\t<\/div><\/figure>\n\t\t<\/div>\n\t\t<\/div>\n\t\t\t\t\t\t<\/div>\n\t\t\t\t\t<\/div>\n\t\t\t\t<\/div>\n\t\t<div class=\"elementor-element elementor-element-d29795a e-flex e-con-boxed wpr-particle-no wpr-jarallax-no wpr-parallax-no wpr-sticky-section-no wpr-equal-height-no e-con e-parent\" data-id=\"d29795a\" data-element_type=\"container\" data-e-type=\"container\">\n\t\t\t\t\t<div class=\"e-con-inner\">\n\t\t\t\t<div class=\"elementor-element elementor-element-d9baf5b elementor-widget elementor-widget-shortcode\" data-id=\"d9baf5b\" data-element_type=\"widget\" data-e-type=\"widget\" data-widget_type=\"shortcode.default\">\n\t\t\t\t\t\t\t<div class=\"elementor-shortcode\">    \n    <div class=\"load-turitop\"\n         data-service=\"P13\"\n         data-lang=\"de\"\n         data-embed=\"box\">\n    <\/div>\n\n    <script>\n    if (typeof loadTuritop === \"function\") {\n        loadTuritop();\n    }\n    <\/script>\n\n    <\/div>\n\t\t\t\t\t\t<\/div>\n\t\t\t\t\t<\/div>\n\t\t\t\t<\/div>\n\t\t\t\t<\/div>","protected":false},"excerpt":{"rendered":"<p data-pm-slice=\"1 1 []\">Disfruta de un d\u00eda completo explorando el mundo submarino de Tenerife con acceso a bancos de peces de colores y paisajes volc\u00e1nicos \u00fanicos. Perfecto para buceadores certificados. Ofrecemos inmersiones desde costa y desde barco en diferentes zonas de la isla.<\/p>\n<p data-pm-slice=\"1 1 []\">Ven a bucear, \u00fanete a nosotros: <strong>2 inmersiones con un intervalo de aproximadamente 1 hora en superficie.<\/strong><\/p>\n<p data-pm-slice=\"1 1 []\">Cuando reserves tus inmersiones no olvides darnos la siguiente informaci\u00f3n:<\/p>\n<p>N\u00famero de tel\u00e9fono, nombre, fecha de nacimiento, nivel de buceo, n\u00famero de inmersiones realizadas y fecha de la \u00faltima inmersi\u00f3n.<\/p>\n<p>Tambi\u00e9n necesitamos, para el equipo: altura, peso y talla de calzado.<\/p>","protected":false},"featured_media":2506,"comment_status":"open","ping_status":"closed","template":"","meta":{"_eb_attr":"","_joinchat":{"message_send":"Hola, buenas. Quiero m\u00e1s informaci\u00f3n acerca de {PRODUCT}","view":"no"}},"product_brand":[],"product_cat":[133,130],"product_tag":[],"mwb_booking_cost":[],"mwb_booking_service":[],"class_list":{"0":"post-2505","1":"product","2":"type-product","3":"status-publish","4":"has-post-thumbnail","6":"product_cat-booking","7":"product_cat-sin-categorizar","9":"first","10":"instock","11":"virtual","12":"purchasable","13":"product-type-mwb_booking"},"yoast_head":"<!-- This site is optimized with the Yoast SEO plugin v27.4 - https:\/\/yoast.com\/product\/yoast-seo-wordpress\/ -->\n<title>Buceo en Gran Canaria para Buceadores Certificados | Reserva<\/title>\n<meta name=\"description\" content=\"Explora los mejores puntos de buceo en Gran Canaria para buceadores certificados. Inmersiones guiadas en el sur de la isla con instructores profesionales.\" \/>\n<meta name=\"robots\" content=\"index, follow, max-snippet:-1, max-image-preview:large, max-video-preview:-1\" \/>\n<link rel=\"canonical\" href=\"https:\/\/zeusdivecenter.com\/de\/buceo-en-tenerife-para-buceadores-certificados\/\" \/>\n<meta property=\"og:locale\" content=\"de_DE\" \/>\n<meta property=\"og:type\" content=\"article\" \/>\n<meta property=\"og:title\" content=\"Buceo en Gran Canaria para Buceadores Certificados | Reserva\" \/>\n<meta property=\"og:description\" content=\"Explora los mejores puntos de buceo en Gran Canaria para buceadores certificados. Inmersiones guiadas en el sur de la isla con instructores profesionales.\" \/>\n<meta property=\"og:url\" content=\"https:\/\/zeusdivecenter.com\/de\/buceo-en-tenerife-para-buceadores-certificados\/\" \/>\n<meta property=\"og:site_name\" content=\"Zeus Dive Center\" \/>\n<meta property=\"article:modified_time\" content=\"2026-05-06T09:56:28+00:00\" \/>\n<meta property=\"og:image\" content=\"https:\/\/zeusdivecenter.com\/wp-content\/uploads\/2026\/05\/tenerife-snorkel-abades-trydive-scubadive-duiken-schnuppertauchen-dive-tauchen-tenerife189.png\" \/>\n\t<meta property=\"og:image:width\" content=\"621\" \/>\n\t<meta property=\"og:image:height\" content=\"709\" \/>\n\t<meta property=\"og:image:type\" content=\"image\/png\" \/>\n<meta name=\"twitter:card\" content=\"summary_large_image\" \/>\n<!-- \/ Yoast SEO plugin. -->","yoast_head_json":{"title":"Tauchen auf Gran Canaria f\u00fcr zertifizierte Taucher | Jetzt buchen","description":"Entdecken Sie die besten Tauchpl\u00e4tze Gran Canarias f\u00fcr zertifizierte Taucher. Gef\u00fchrte Tauchg\u00e4nge im S\u00fcden der Insel mit professionellen Tauchlehrern.","robots":{"index":"index","follow":"follow","max-snippet":"max-snippet:-1","max-image-preview":"max-image-preview:large","max-video-preview":"max-video-preview:-1"},"canonical":"https:\/\/zeusdivecenter.com\/de\/buceo-en-tenerife-para-buceadores-certificados\/","og_locale":"de_DE","og_type":"article","og_title":"Buceo en Gran Canaria para Buceadores Certificados | Reserva","og_description":"Explora los mejores puntos de buceo en Gran Canaria para buceadores certificados. Inmersiones guiadas en el sur de la isla con instructores profesionales.","og_url":"https:\/\/zeusdivecenter.com\/de\/buceo-en-tenerife-para-buceadores-certificados\/","og_site_name":"Zeus Dive Center","article_modified_time":"2026-05-06T09:56:28+00:00","og_image":[{"width":621,"height":709,"url":"https:\/\/zeusdivecenter.com\/wp-content\/uploads\/2026\/05\/tenerife-snorkel-abades-trydive-scubadive-duiken-schnuppertauchen-dive-tauchen-tenerife189.png","type":"image\/png"}],"twitter_card":"summary_large_image","schema":{"@context":"https:\/\/schema.org","@graph":[{"@type":"WebPage","@id":"https:\/\/zeusdivecenter.com\/buceo-en-tenerife-para-buceadores-certificados\/","url":"https:\/\/zeusdivecenter.com\/buceo-en-tenerife-para-buceadores-certificados\/","name":"Tauchen auf Gran Canaria f\u00fcr zertifizierte Taucher | Jetzt buchen","isPartOf":{"@id":"https:\/\/zeusdivecenter.com\/#website"},"primaryImageOfPage":{"@id":"https:\/\/zeusdivecenter.com\/buceo-en-tenerife-para-buceadores-certificados\/#primaryimage"},"image":{"@id":"https:\/\/zeusdivecenter.com\/buceo-en-tenerife-para-buceadores-certificados\/#primaryimage"},"thumbnailUrl":"https:\/\/zeusdivecenter.com\/wp-content\/uploads\/2026\/05\/tenerife-snorkel-abades-trydive-scubadive-duiken-schnuppertauchen-dive-tauchen-tenerife189.png","datePublished":"2026-05-06T00:29:36+00:00","dateModified":"2026-05-06T09:56:28+00:00","description":"Entdecken Sie die besten Tauchpl\u00e4tze Gran Canarias f\u00fcr zertifizierte Taucher. Gef\u00fchrte Tauchg\u00e4nge im S\u00fcden der Insel mit professionellen Tauchlehrern.","breadcrumb":{"@id":"https:\/\/zeusdivecenter.com\/buceo-en-tenerife-para-buceadores-certificados\/#breadcrumb"},"inLanguage":"de","potentialAction":[{"@type":"ReadAction","target":["https:\/\/zeusdivecenter.com\/buceo-en-tenerife-para-buceadores-certificados\/"]}]},{"@type":"ImageObject","inLanguage":"de","@id":"https:\/\/zeusdivecenter.com\/buceo-en-tenerife-para-buceadores-certificados\/#primaryimage","url":"https:\/\/zeusdivecenter.com\/wp-content\/uploads\/2026\/05\/tenerife-snorkel-abades-trydive-scubadive-duiken-schnuppertauchen-dive-tauchen-tenerife189.png","contentUrl":"https:\/\/zeusdivecenter.com\/wp-content\/uploads\/2026\/05\/tenerife-snorkel-abades-trydive-scubadive-duiken-schnuppertauchen-dive-tauchen-tenerife189.png","width":621,"height":709},{"@type":"BreadcrumbList","@id":"https:\/\/zeusdivecenter.com\/buceo-en-tenerife-para-buceadores-certificados\/#breadcrumb","itemListElement":[{"@type":"ListItem","position":1,"name":"Portada","item":"https:\/\/zeusdivecenter.com\/"},{"@type":"ListItem","position":2,"name":"Productos","item":"https:\/\/zeusdivecenter.com\/shop\/"},{"@type":"ListItem","position":3,"name":"Buceo en Tenerife para buceadores certificados"}]},{"@type":"WebSite","@id":"https:\/\/zeusdivecenter.com\/#website","url":"https:\/\/zeusdivecenter.com\/","name":"Zeus Tauchzentrum","description":"","publisher":{"@id":"https:\/\/zeusdivecenter.com\/#organization"},"potentialAction":[{"@type":"SearchAction","target":{"@type":"EntryPoint","urlTemplate":"https:\/\/zeusdivecenter.com\/?s={search_term_string}"},"query-input":{"@type":"PropertyValueSpecification","valueRequired":true,"valueName":"search_term_string"}}],"inLanguage":"de"},{"@type":"Organization","@id":"https:\/\/zeusdivecenter.com\/#organization","name":"Zeus Tauchzentrum","url":"https:\/\/zeusdivecenter.com\/","logo":{"@type":"ImageObject","inLanguage":"de","@id":"https:\/\/zeusdivecenter.com\/#\/schema\/logo\/image\/","url":"https:\/\/zeusdivecenter.com\/wp-content\/uploads\/2026\/02\/grancanaria-snorkel-trydive-scubadive-duiken-schnuppertauchen-dive-tauchen-maspalomas15.png","contentUrl":"https:\/\/zeusdivecenter.com\/wp-content\/uploads\/2026\/02\/grancanaria-snorkel-trydive-scubadive-duiken-schnuppertauchen-dive-tauchen-maspalomas15.png","width":1080,"height":1080,"caption":"Zeus Dive Center"},"image":{"@id":"https:\/\/zeusdivecenter.com\/#\/schema\/logo\/image\/"}}]}},"_links":{"self":[{"href":"https:\/\/zeusdivecenter.com\/de\/wp-json\/wp\/v2\/product\/2505","targetHints":{"allow":["GET"]}}],"collection":[{"href":"https:\/\/zeusdivecenter.com\/de\/wp-json\/wp\/v2\/product"}],"about":[{"href":"https:\/\/zeusdivecenter.com\/de\/wp-json\/wp\/v2\/types\/product"}],"replies":[{"embeddable":true,"href":"https:\/\/zeusdivecenter.com\/de\/wp-json\/wp\/v2\/comments?post=2505"}],"version-history":[{"count":13,"href":"https:\/\/zeusdivecenter.com\/de\/wp-json\/wp\/v2\/product\/2505\/revisions"}],"predecessor-version":[{"id":2709,"href":"https:\/\/zeusdivecenter.com\/de\/wp-json\/wp\/v2\/product\/2505\/revisions\/2709"}],"wp:featuredmedia":[{"embeddable":true,"href":"https:\/\/zeusdivecenter.com\/de\/wp-json\/wp\/v2\/media\/2506"}],"wp:attachment":[{"href":"https:\/\/zeusdivecenter.com\/de\/wp-json\/wp\/v2\/media?parent=2505"}],"wp:term":[{"taxonomy":"product_brand","embeddable":true,"href":"https:\/\/zeusdivecenter.com\/de\/wp-json\/wp\/v2\/product_brand?post=2505"},{"taxonomy":"product_cat","embeddable":true,"href":"https:\/\/zeusdivecenter.com\/de\/wp-json\/wp\/v2\/product_cat?post=2505"},{"taxonomy":"product_tag","embeddable":true,"href":"https:\/\/zeusdivecenter.com\/de\/wp-json\/wp\/v2\/product_tag?post=2505"},{"taxonomy":"mwb_booking_cost","embeddable":true,"href":"https:\/\/zeusdivecenter.com\/de\/wp-json\/wp\/v2\/mwb_booking_cost?post=2505"},{"taxonomy":"mwb_booking_service","embeddable":true,"href":"https:\/\/zeusdivecenter.com\/de\/wp-json\/wp\/v2\/mwb_booking_service?post=2505"}],"curies":[{"name":"wp","href":"https:\/\/api.w.org\/{rel}","templated":true}]}}