{"id":162,"date":"2026-02-09T15:09:06","date_gmt":"2026-02-09T15:09:06","guid":{"rendered":"https:\/\/webdebuceo.websmwinner.com\/?page_id=162"},"modified":"2026-02-21T18:42:27","modified_gmt":"2026-02-21T18:42:27","slug":"cookie-richtlinien","status":"publish","type":"page","link":"https:\/\/zeusdivecenter.com\/de\/cookie-richtlinien\/","title":{"rendered":"Cookie-Richtlinie"},"content":{"rendered":"<div data-elementor-type=\"wp-page\" data-elementor-id=\"162\" class=\"elementor elementor-162\" data-elementor-post-type=\"page\">\n\t\t\t\t\t\t<section class=\"elementor-section elementor-top-section elementor-element elementor-element-788a425f elementor-section-boxed elementor-section-height-default elementor-section-height-default wpr-particle-no wpr-jarallax-no wpr-parallax-no wpr-sticky-section-no\" data-id=\"788a425f\" data-element_type=\"section\" data-e-type=\"section\" data-settings=\"{&quot;background_background&quot;:&quot;classic&quot;}\">\n\t\t\t\t\t\t\t<div class=\"elementor-background-overlay\"><\/div>\n\t\t\t\t\t\t\t<div class=\"elementor-container elementor-column-gap-no\">\n\t\t\t\t\t<div class=\"elementor-column elementor-col-100 elementor-top-column elementor-element elementor-element-17da5035\" data-id=\"17da5035\" data-element_type=\"column\" data-e-type=\"column\">\n\t\t\t<div class=\"elementor-widget-wrap elementor-element-populated\">\n\t\t\t\t\t\t<div class=\"elementor-element elementor-element-3cbf7dd2 elementor-invisible elementor-widget elementor-widget-heading\" data-id=\"3cbf7dd2\" data-element_type=\"widget\" data-e-type=\"widget\" data-settings=\"{&quot;_animation&quot;:&quot;fadeInDown&quot;}\" data-widget_type=\"heading.default\">\n\t\t\t\t\t<h2 class=\"elementor-heading-title elementor-size-default\">Cookie-Richtlinie<\/h2>\t\t\t\t<\/div>\n\t\t\t\t<div class=\"elementor-element elementor-element-44a24e4a elementor-invisible elementor-widget elementor-widget-text-editor\" data-id=\"44a24e4a\" data-element_type=\"widget\" data-e-type=\"widget\" data-settings=\"{&quot;_animation&quot;:&quot;fadeIn&quot;,&quot;_animation_delay&quot;:720}\" data-widget_type=\"text-editor.default\">\n\t\t\t\t\t\t\t\t\tCookie-Richtlinie <strong>https:\/\/www.zeusdivecenter.com\/<\/strong> (im Folgenden \u201cdas Web\u201d)\t\t\t\t\t\t\t\t<\/div>\n\t\t\t\t\t<\/div>\n\t\t<\/div>\n\t\t\t\t\t<\/div>\n\t\t<\/section>\n\t\t<div class=\"elementor-element elementor-element-51d2fb7b e-flex e-con-boxed wpr-particle-no wpr-jarallax-no wpr-parallax-no wpr-sticky-section-no e-con e-parent\" data-id=\"51d2fb7b\" data-element_type=\"container\" data-e-type=\"container\">\n\t\t\t\t\t<div class=\"e-con-inner\">\n\t\t\t\t<div class=\"elementor-element elementor-element-7bf9e02 elementor-widget elementor-widget-html\" data-id=\"7bf9e02\" data-element_type=\"widget\" data-e-type=\"widget\" data-widget_type=\"html.default\">\n\t\t\t\t\t<section class=\"cookies-policy\">\r\n\r\n   <p>\r\n    Diese Cookie-Richtlinie ist integraler Bestandteil des Impressums und der Datenschutzerkl\u00e4rung. Durch den Zugriff auf, das Browsen und die Nutzung der Website erkl\u00e4ren Sie sich mit diesen Bedingungen einverstanden. Wir empfehlen Ihnen, diese sorgf\u00e4ltig zu lesen.\r\n  <\/p>\r\n\r\n  <p>\r\n    Bei Zeus Dive Center verwenden wir Cookies auf transparente Weise, um Ihnen das bestm\u00f6gliche Erlebnis beim Surfen zu bieten.\r\n  <\/p>\r\n\r\n  <h2>1. Was sind Cookies?<\/h2>\r\n  <p>\r\n    Cookies sind kleine Textdateien, die beim Besuch einer Website auf das Ger\u00e4t eines Nutzers heruntergeladen werden. Ihr Hauptzweck ist die Wiedererkennung des Nutzers, die Verbesserung der Benutzerfreundlichkeit der Website und die Optimierung ihrer Leistung.\r\n  <\/p>\r\n  <p>\r\n    Cookies schaden Ihrem Ger\u00e4t nicht und helfen dabei, potenzielle Website-Fehler zu erkennen und zu beheben.\r\n  <\/p>\r\n\r\n  <h2>2. Arten von Cookies<\/h2>\r\n  <ul>\r\n    <li><strong>Sitzungscookies:<\/strong> Sie werden beim Schlie\u00dfen des Browsers gel\u00f6scht.<\/li>\r\n    <li><strong>Permanente Cookies:<\/strong> Sie bleiben f\u00fcr einen bestimmten Zeitraum gelagert.<\/li>\r\n    <li><strong>Funktionale Cookies:<\/strong> Sie speichern die Benutzereinstellungen.<\/li>\r\n    <li><strong>Cookies von Drittanbietern:<\/strong> installiert durch externe Dienste.<\/li>\r\n    <li><strong>Analyse-Cookies:<\/strong> Sie sammeln anonyme statistische Informationen.<\/li>\r\n    <li><strong>Werbe-Cookies:<\/strong> Sie erm\u00f6glichen es Ihnen, personalisierte Werbung anzuzeigen.<\/li>\r\n  <\/ul>\r\n\r\n  <h2>3. Verwendung von Cookies auf der Website<\/h2>\r\n\r\n  <h3>Notwendige Cookies<\/h3>\r\n  <div class=\"table-responsive\">\r\n    <table>\r\n      <thead>\r\n        <tr>\r\n          <th>Pl\u00e4tzchen<\/th>\r\n          <th>Dauer<\/th>\r\n          <th>Beschreibung<\/th>\r\n        <\/tr>\r\n      <\/thead>\r\n      <tbody>\r\n        <tr>\r\n          <td>Cookie-Einwilligung<\/td>\r\n          <td>1 Jahr<\/td>\r\n          <td>Speichert die Einwilligungseinstellungen des Nutzers.<\/td>\r\n        <\/tr>\r\n        <tr>\r\n          <td>PHPSESSID<\/td>\r\n          <td>Sitzung<\/td>\r\n          <td>Identifiziert die Benutzersitzung w\u00e4hrend der Navigation.<\/td>\r\n        <\/tr>\r\n      <\/tbody>\r\n    <\/table>\r\n  <\/div>\r\n\r\n  <h3>Funktionale Cookies<\/h3>\r\n  <div class=\"table-responsive\">\r\n    <table>\r\n      <thead>\r\n        <tr>\r\n          <th>Pl\u00e4tzchen<\/th>\r\n          <th>Dauer<\/th>\r\n          <th>Beschreibung<\/th>\r\n        <\/tr>\r\n      <\/thead>\r\n      <tbody>\r\n        <tr>\r\n          <td>ytidb::LAST_RESULT_ENTRY_KEY<\/td>\r\n          <td>Dauerhaft<\/td>\r\n          <td>Verbessert das Sucherlebnis auf YouTube.<\/td>\r\n        <\/tr>\r\n        <tr>\r\n          <td>yt-remote-session-app<\/td>\r\n          <td>Sitzung<\/td>\r\n          <td>YouTube-Player-Einstellungen speichern.<\/td>\r\n        <\/tr>\r\n        <tr>\r\n          <td>pll_language<\/td>\r\n          <td>1 Jahr<\/td>\r\n          <td>Die vom Benutzer gew\u00e4hlte Sprache wird gespeichert.<\/td>\r\n        <\/tr>\r\n      <\/tbody>\r\n    <\/table>\r\n  <\/div>\r\n\r\n  <h3>Analyse-Cookies<\/h3>\r\n  <div class=\"table-responsive\">\r\n    <table>\r\n      <thead>\r\n        <tr>\r\n          <th>Pl\u00e4tzchen<\/th>\r\n          <th>Dauer<\/th>\r\n          <th>Beschreibung<\/th>\r\n        <\/tr>\r\n      <\/thead>\r\n      <tbody>\r\n        <tr>\r\n          <td>_ga<\/td>\r\n          <td>1 Jahr, 1 Monat, 4 Tage<\/td>\r\n          <td>Identifiziert Nutzer anonym (Google Analytics).<\/td>\r\n        <\/tr>\r\n        <tr>\r\n          <td>_gid<\/td>\r\n          <td>1 Tag<\/td>\r\n          <td>Es zeichnet statistische Browserdaten auf.<\/td>\r\n        <\/tr>\r\n        <tr>\r\n          <td>_ga_*<\/td>\r\n          <td>1 Jahr, 1 Monat, 4 Tage<\/td>\r\n          <td>Speichert und z\u00e4hlt Seitenaufrufe.<\/td>\r\n        <\/tr>\r\n      <\/tbody>\r\n    <\/table>\r\n  <\/div>\r\n\r\n  <h3>Werbe-Cookies<\/h3>\r\n  <div class=\"table-responsive\">\r\n    <table>\r\n      <thead>\r\n        <tr>\r\n          <th>Pl\u00e4tzchen<\/th>\r\n          <th>Dauer<\/th>\r\n          <th>Beschreibung<\/th>\r\n        <\/tr>\r\n      <\/thead>\r\n      <tbody>\r\n        <tr>\r\n          <td>YSC<\/td>\r\n          <td>Sitzung<\/td>\r\n          <td>Es zeichnet die Aufrufe eingebetteter Videos auf.<\/td>\r\n        <\/tr>\r\n        <tr>\r\n          <td>VISITOR_INFO1_LIVE<\/td>\r\n          <td>6 Monate<\/td>\r\n          <td>Messen Sie die Bandbreite des YouTube-Players.<\/td>\r\n        <\/tr>\r\n      <\/tbody>\r\n    <\/table>\r\n  <\/div>\r\n\r\n  <h3>Nicht kategorisierte Cookies<\/h3>\r\n  <div class=\"table-responsive\">\r\n    <table>\r\n      <thead>\r\n        <tr>\r\n          <th>Pl\u00e4tzchen<\/th>\r\n          <th>Dauer<\/th>\r\n          <th>Beschreibung<\/th>\r\n        <\/tr>\r\n      <\/thead>\r\n      <tbody>\r\n        <tr>\r\n          <td>Besucherdatenschutz-Metadaten<\/td>\r\n          <td>6 Monate<\/td>\r\n          <td>Noch nicht klassifiziert.<\/td>\r\n        <\/tr>\r\n        <tr>\r\n          <td>SERVERID231924<\/td>\r\n          <td>Sitzung<\/td>\r\n          <td>Noch nicht klassifiziert.<\/td>\r\n        <\/tr>\r\n      <\/tbody>\r\n    <\/table>\r\n  <\/div>\r\n\r\n  <h2>4. Cookie-Einstellungen und Deaktivierung<\/h2>\r\n  <p>\r\n    Nutzer k\u00f6nnen Cookies \u00fcber ihre Browsereinstellungen zulassen, blockieren oder l\u00f6schen. Das Deaktivieren von Cookies kann die ordnungsgem\u00e4\u00dfe Funktion der Website beeintr\u00e4chtigen.\r\n  <\/p>\r\n\r\n<\/section>\r\n\t\t\t\t<\/div>\n\t\t\t\t\t<\/div>\n\t\t\t\t<\/div>\n\t\t\t\t<\/div>","protected":false},"excerpt":{"rendered":"<p>Cookie-Richtlinie Cookie-Richtlinie von https:\/\/www.zeusdivecenter.com\/ (nachfolgend \u201cdie Website\u201d) Diese Cookie-Richtlinie ist Bestandteil des Impressums und der Datenschutzerkl\u00e4rung. Durch den Zugriff auf, das Browsen und die Nutzung der Website erkl\u00e4ren Sie sich mit diesen Bedingungen einverstanden. Wir empfehlen Ihnen, diese sorgf\u00e4ltig zu lesen. Bei Zeus Dive Center verwenden wir Cookies transparent, um Ihnen ein optimales Nutzungserlebnis zu bieten. 1. Was sind Cookies? Cookies sind kleine Textdateien, die beim Besuch einer Website auf das Ger\u00e4t des Nutzers heruntergeladen werden. Ihr Hauptzweck ist die Wiedererkennung des Nutzers, die Verbesserung der Benutzerfreundlichkeit der Website und die Optimierung ihrer Leistung. Cookies schaden dem Ger\u00e4t nicht und helfen, potenzielle Website-Fehler zu erkennen und zu beheben. 2. Arten von Cookies Sitzungs-Cookies: werden beim Schlie\u00dfen des Browsers gel\u00f6scht. Permanente Cookies: bleiben f\u00fcr einen bestimmten Zeitraum gespeichert. Funktions-Cookies: speichern Nutzereinstellungen. Drittanbieter-Cookies: werden von externen Diensten installiert. Analyse-Cookies: sammeln anonyme statistische Informationen. Werbe-Cookies: erm\u00f6glichen die Anzeige personalisierter Werbung. 3. Verwendung von Cookies auf der Website Notwendige Cookies Cookie Dauer Beschreibung cookieyes-consent 1 Jahr Speichert die Einwilligungseinstellungen des Nutzers PHPSESSID (Sitzung): Identifiziert die Benutzersitzung w\u00e4hrend des Surfens. Funktionale Cookies: Cookie-Dauer: Beschreibung: ytidb::LAST_RESULT_ENTRY_KEY (Permanent): Verbessert die Sucherfahrung auf YouTube. yt-remote-session-app (Sitzung): Speichert die YouTube-Player-Einstellungen. pll_language (1 Jahr): Speichert die vom Benutzer ausgew\u00e4hlte Sprache. Analytische Cookies: Cookie-Dauer: Beschreibung: _ga (1 Jahr, 1 Monat, 4 Tage): Identifiziert Benutzer anonym (Google Analytics). _gid (1 Tag): Erfasst statistische Browsing-Daten. _ga_* (1 Jahr, 1 Monat, 4 Tage): Speichert und z\u00e4hlt Seitenaufrufe. Werbe-Cookies: Cookie-Dauer: Beschreibung: YSC (Sitzung): Erfasst Aufrufe eingebetteter Videos. VISITOR_INFO1_LIVE (6 Monate): Misst die Bandbreite des YouTube-Players. Nicht kategorisierte Cookies: Cookie-Dauer: Beschreibung: VISITOR_PRIVACY_METADATA (6 Monate): Klassifizierung ausstehend. SERVERID231924 (Sitzung): Klassifizierung ausstehend. 4. Cookie-Einstellungen und -Deaktivierung: Benutzer k\u00f6nnen Cookies \u00fcber ihre Browsereinstellungen zulassen, blockieren oder l\u00f6schen. Das Deaktivieren von Cookies kann die ordnungsgem\u00e4\u00dfe Funktion der Website beeintr\u00e4chtigen.<\/p>","protected":false},"author":1,"featured_media":0,"parent":0,"menu_order":0,"comment_status":"closed","ping_status":"closed","template":"elementor_header_footer","meta":{"_eb_attr":"","_joinchat":[],"footnotes":""},"class_list":["post-162","page","type-page","status-publish","hentry"],"yoast_head":"<!-- This site is optimized with the Yoast SEO plugin v26.9 - https:\/\/yoast.com\/product\/yoast-seo-wordpress\/ -->\n<title>Pol\u00edticas De Cookies - Zeus Dive Center<\/title>\n<meta name=\"robots\" content=\"index, follow, max-snippet:-1, max-image-preview:large, max-video-preview:-1\" \/>\n<link rel=\"canonical\" href=\"https:\/\/zeusdivecenter.com\/de\/cookie-richtlinien\/\" \/>\n<meta property=\"og:locale\" content=\"de_DE\" \/>\n<meta property=\"og:type\" content=\"article\" \/>\n<meta property=\"og:title\" content=\"Pol\u00edticas De Cookies - Zeus Dive Center\" \/>\n<meta property=\"og:description\" content=\"Pol\u00edticas De Cookies Pol\u00edtica de Cookies de https:\/\/www.zeusdivecenter.com\/ (en adelante, \u201cla Web\u201d) La presente Pol\u00edtica de Cookies forma parte integrante del Aviso Legal y de la Pol\u00edtica de Privacidad. El acceso, navegaci\u00f3n y uso del sitio web implican la aceptaci\u00f3n de dichas condiciones. Recomendamos su lectura atenta. En Zeus Dive Center utilizamos cookies de forma transparente para ofrecerle la mejor experiencia posible durante su navegaci\u00f3n. 1. \u00bfQu\u00e9 son las cookies? Las cookies son peque\u00f1os archivos de texto que se descargan en el dispositivo del usuario cuando visita una p\u00e1gina web. Su finalidad principal es reconocer al usuario, mejorar la usabilidad del sitio y optimizar su funcionamiento. Las cookies no da\u00f1an el dispositivo y ayudan a identificar y resolver posibles errores de la web. 2. Tipos de cookies Cookies de sesi\u00f3n: se eliminan al cerrar el navegador. Cookies persistentes: permanecen almacenadas durante un tiempo determinado. Cookies de funcionalidad: recuerdan preferencias del usuario. Cookies de terceros: instaladas por servicios externos. Cookies anal\u00edticas: recopilan informaci\u00f3n estad\u00edstica an\u00f3nima. Cookies publicitarias: permiten mostrar anuncios personalizados. 3. Uso de cookies en la web Cookies necesarias Cookie Duraci\u00f3n Descripci\u00f3n cookieyes-consent 1 a\u00f1o Recuerda las preferencias de consentimiento del usuario. PHPSESSID Sesi\u00f3n Identifica la sesi\u00f3n del usuario durante la navegaci\u00f3n. Cookies funcionales Cookie Duraci\u00f3n Descripci\u00f3n ytidb::LAST_RESULT_ENTRY_KEY Permanente Mejora la experiencia de b\u00fasqueda en YouTube. yt-remote-session-app Sesi\u00f3n Guarda preferencias del reproductor de YouTube. pll_language 1 a\u00f1o Recuerda el idioma seleccionado por el usuario. Cookies anal\u00edticas Cookie Duraci\u00f3n Descripci\u00f3n _ga 1 a\u00f1o 1 mes 4 d\u00edas Identifica usuarios de forma an\u00f3nima (Google Analytics). _gid 1 d\u00eda Registra datos estad\u00edsticos de navegaci\u00f3n. _ga_* 1 a\u00f1o 1 mes 4 d\u00edas Almacena y cuenta visualizaciones de p\u00e1gina. Cookies publicitarias Cookie Duraci\u00f3n Descripci\u00f3n YSC Sesi\u00f3n Registra visualizaciones de v\u00eddeos incrustados. VISITOR_INFO1_LIVE 6 meses Mide el ancho de banda del reproductor de YouTube. Cookies sin categorizar Cookie Duraci\u00f3n Descripci\u00f3n VISITOR_PRIVACY_METADATA 6 meses Pendiente de clasificaci\u00f3n. SERVERID231924 Sesi\u00f3n Pendiente de clasificaci\u00f3n. 4. Configuraci\u00f3n y desactivaci\u00f3n de cookies El usuario puede permitir, bloquear o eliminar las cookies mediante la configuraci\u00f3n de su navegador. La desactivaci\u00f3n de cookies puede afectar al correcto funcionamiento del sitio web.\" \/>\n<meta property=\"og:url\" content=\"https:\/\/zeusdivecenter.com\/de\/cookie-richtlinien\/\" \/>\n<meta property=\"og:site_name\" content=\"Zeus Dive Center\" \/>\n<meta property=\"article:modified_time\" content=\"2026-02-21T18:42:27+00:00\" \/>\n<meta name=\"twitter:card\" content=\"summary_large_image\" \/>\n<meta name=\"twitter:label1\" content=\"Gesch\u00e4tzte Lesezeit\" \/>\n\t<meta name=\"twitter:data1\" content=\"2\u00a0Minuten\" \/>\n<!-- \/ Yoast SEO plugin. -->","yoast_head_json":{"title":"Cookie-Richtlinien \u2013 Zeus Tauchzentrum","robots":{"index":"index","follow":"follow","max-snippet":"max-snippet:-1","max-image-preview":"max-image-preview:large","max-video-preview":"max-video-preview:-1"},"canonical":"https:\/\/zeusdivecenter.com\/de\/cookie-richtlinien\/","og_locale":"de_DE","og_type":"article","og_title":"Pol\u00edticas De Cookies - Zeus Dive Center","og_description":"Pol\u00edticas De Cookies Pol\u00edtica de Cookies de https:\/\/www.zeusdivecenter.com\/ (en adelante, \u201cla Web\u201d) La presente Pol\u00edtica de Cookies forma parte integrante del Aviso Legal y de la Pol\u00edtica de Privacidad. El acceso, navegaci\u00f3n y uso del sitio web implican la aceptaci\u00f3n de dichas condiciones. Recomendamos su lectura atenta. En Zeus Dive Center utilizamos cookies de forma transparente para ofrecerle la mejor experiencia posible durante su navegaci\u00f3n. 1. \u00bfQu\u00e9 son las cookies? Las cookies son peque\u00f1os archivos de texto que se descargan en el dispositivo del usuario cuando visita una p\u00e1gina web. Su finalidad principal es reconocer al usuario, mejorar la usabilidad del sitio y optimizar su funcionamiento. Las cookies no da\u00f1an el dispositivo y ayudan a identificar y resolver posibles errores de la web. 2. Tipos de cookies Cookies de sesi\u00f3n: se eliminan al cerrar el navegador. Cookies persistentes: permanecen almacenadas durante un tiempo determinado. Cookies de funcionalidad: recuerdan preferencias del usuario. Cookies de terceros: instaladas por servicios externos. Cookies anal\u00edticas: recopilan informaci\u00f3n estad\u00edstica an\u00f3nima. Cookies publicitarias: permiten mostrar anuncios personalizados. 3. Uso de cookies en la web Cookies necesarias Cookie Duraci\u00f3n Descripci\u00f3n cookieyes-consent 1 a\u00f1o Recuerda las preferencias de consentimiento del usuario. PHPSESSID Sesi\u00f3n Identifica la sesi\u00f3n del usuario durante la navegaci\u00f3n. Cookies funcionales Cookie Duraci\u00f3n Descripci\u00f3n ytidb::LAST_RESULT_ENTRY_KEY Permanente Mejora la experiencia de b\u00fasqueda en YouTube. yt-remote-session-app Sesi\u00f3n Guarda preferencias del reproductor de YouTube. pll_language 1 a\u00f1o Recuerda el idioma seleccionado por el usuario. Cookies anal\u00edticas Cookie Duraci\u00f3n Descripci\u00f3n _ga 1 a\u00f1o 1 mes 4 d\u00edas Identifica usuarios de forma an\u00f3nima (Google Analytics). _gid 1 d\u00eda Registra datos estad\u00edsticos de navegaci\u00f3n. _ga_* 1 a\u00f1o 1 mes 4 d\u00edas Almacena y cuenta visualizaciones de p\u00e1gina. Cookies publicitarias Cookie Duraci\u00f3n Descripci\u00f3n YSC Sesi\u00f3n Registra visualizaciones de v\u00eddeos incrustados. VISITOR_INFO1_LIVE 6 meses Mide el ancho de banda del reproductor de YouTube. Cookies sin categorizar Cookie Duraci\u00f3n Descripci\u00f3n VISITOR_PRIVACY_METADATA 6 meses Pendiente de clasificaci\u00f3n. SERVERID231924 Sesi\u00f3n Pendiente de clasificaci\u00f3n. 4. Configuraci\u00f3n y desactivaci\u00f3n de cookies El usuario puede permitir, bloquear o eliminar las cookies mediante la configuraci\u00f3n de su navegador. La desactivaci\u00f3n de cookies puede afectar al correcto funcionamiento del sitio web.","og_url":"https:\/\/zeusdivecenter.com\/de\/cookie-richtlinien\/","og_site_name":"Zeus Dive Center","article_modified_time":"2026-02-21T18:42:27+00:00","twitter_card":"summary_large_image","twitter_misc":{"Gesch\u00e4tzte Lesezeit":"2\u00a0Minuten"},"schema":{"@context":"https:\/\/schema.org","@graph":[{"@type":"WebPage","@id":"https:\/\/zeusdivecenter.com\/politicas-de-cookies\/","url":"https:\/\/zeusdivecenter.com\/politicas-de-cookies\/","name":"Cookie-Richtlinien \u2013 Zeus Tauchzentrum","isPartOf":{"@id":"https:\/\/zeusdivecenter.com\/#website"},"datePublished":"2026-02-09T15:09:06+00:00","dateModified":"2026-02-21T18:42:27+00:00","breadcrumb":{"@id":"https:\/\/zeusdivecenter.com\/politicas-de-cookies\/#breadcrumb"},"inLanguage":"de","potentialAction":[{"@type":"ReadAction","target":["https:\/\/zeusdivecenter.com\/politicas-de-cookies\/"]}]},{"@type":"BreadcrumbList","@id":"https:\/\/zeusdivecenter.com\/politicas-de-cookies\/#breadcrumb","itemListElement":[{"@type":"ListItem","position":1,"name":"Portada","item":"https:\/\/zeusdivecenter.com\/"},{"@type":"ListItem","position":2,"name":"Pol\u00edticas De Cookies"}]},{"@type":"WebSite","@id":"https:\/\/zeusdivecenter.com\/#website","url":"https:\/\/zeusdivecenter.com\/","name":"Zeus Tauchzentrum","description":"","publisher":{"@id":"https:\/\/zeusdivecenter.com\/#organization"},"potentialAction":[{"@type":"SearchAction","target":{"@type":"EntryPoint","urlTemplate":"https:\/\/zeusdivecenter.com\/?s={search_term_string}"},"query-input":{"@type":"PropertyValueSpecification","valueRequired":true,"valueName":"search_term_string"}}],"inLanguage":"de"},{"@type":"Organization","@id":"https:\/\/zeusdivecenter.com\/#organization","name":"Zeus Tauchzentrum","url":"https:\/\/zeusdivecenter.com\/","logo":{"@type":"ImageObject","inLanguage":"de","@id":"https:\/\/zeusdivecenter.com\/#\/schema\/logo\/image\/","url":"https:\/\/zeusdivecenter.com\/wp-content\/uploads\/2026\/02\/grancanaria-snorkel-trydive-scubadive-duiken-schnuppertauchen-dive-tauchen-maspalomas15.png","contentUrl":"https:\/\/zeusdivecenter.com\/wp-content\/uploads\/2026\/02\/grancanaria-snorkel-trydive-scubadive-duiken-schnuppertauchen-dive-tauchen-maspalomas15.png","width":1080,"height":1080,"caption":"Zeus Dive Center"},"image":{"@id":"https:\/\/zeusdivecenter.com\/#\/schema\/logo\/image\/"}}]}},"_hostinger_reach_plugin_has_subscription_block":false,"_hostinger_reach_plugin_is_elementor":false,"_links":{"self":[{"href":"https:\/\/zeusdivecenter.com\/de\/wp-json\/wp\/v2\/pages\/162","targetHints":{"allow":["GET"]}}],"collection":[{"href":"https:\/\/zeusdivecenter.com\/de\/wp-json\/wp\/v2\/pages"}],"about":[{"href":"https:\/\/zeusdivecenter.com\/de\/wp-json\/wp\/v2\/types\/page"}],"author":[{"embeddable":true,"href":"https:\/\/zeusdivecenter.com\/de\/wp-json\/wp\/v2\/users\/1"}],"replies":[{"embeddable":true,"href":"https:\/\/zeusdivecenter.com\/de\/wp-json\/wp\/v2\/comments?post=162"}],"version-history":[{"count":20,"href":"https:\/\/zeusdivecenter.com\/de\/wp-json\/wp\/v2\/pages\/162\/revisions"}],"predecessor-version":[{"id":1696,"href":"https:\/\/zeusdivecenter.com\/de\/wp-json\/wp\/v2\/pages\/162\/revisions\/1696"}],"wp:attachment":[{"href":"https:\/\/zeusdivecenter.com\/de\/wp-json\/wp\/v2\/media?parent=162"}],"curies":[{"name":"wp","href":"https:\/\/api.w.org\/{rel}","templated":true}]}}